{"id":1000232,"date":"2026-01-28T20:33:25","date_gmt":"2026-01-28T20:33:25","guid":{"rendered":"https:\/\/bellinzoni.net\/pt\/?post_type=product&#038;p=1000232"},"modified":"2026-03-26T19:42:58","modified_gmt":"2026-03-26T19:42:58","slug":"cera-rr-1","status":"publish","type":"product","link":"https:\/\/bellinzoni.net\/pt\/produto\/cera-rr-1\/","title":{"rendered":"Cera RR-1"},"content":{"rendered":"<p class=\"no-margin\">C\u00f3digo do Produto: 1 litro \u2013 000015<\/p>\n<hr \/>\n<h5 class=\"no-margin\">Superf\u00edcies de Aplica\u00e7\u00e3o<\/h5>\n<hr \/>\n<ul>\n<li>M\u00e1rmores<\/li>\n<li>Granitos<\/li>\n<li>Pedras em Geral<\/li>\n<\/ul>\n<hr \/>\n<h5 class=\"no-margin\">Instru\u00e7\u00f5es de Uso<\/h5>\n<p data-start=\"551\" data-end=\"579\"><strong data-start=\"551\" data-end=\"579\">Prepara\u00e7\u00e3o da superf\u00edcie<\/strong><\/p>\n<ul data-start=\"581\" data-end=\"769\">\n<li data-section-id=\"1jkaoas\" data-start=\"581\" data-end=\"667\">\n<p data-start=\"583\" data-end=\"667\">A superf\u00edcie deve estar previamente limpa e livre de poeira, res\u00edduos ou sujeiras.<\/p>\n<\/li>\n<li data-section-id=\"81kt44\" data-start=\"668\" data-end=\"769\">\n<p data-start=\"670\" data-end=\"769\">Recomenda-se realizar a limpeza com um detergente Bellinzoni apropriado antes da aplica\u00e7\u00e3o da cera.<\/p>\n<\/li>\n<\/ul>\n<p data-start=\"771\" data-end=\"794\"><strong data-start=\"771\" data-end=\"794\">Dilui\u00e7\u00e3o do produto<\/strong><\/p>\n<ul data-start=\"796\" data-end=\"938\">\n<li data-section-id=\"sntg3e\" data-start=\"796\" data-end=\"938\">\n<p data-start=\"798\" data-end=\"938\">A Cera RR-1 pode ser utilizada pura ou dilu\u00edda em at\u00e9 8 partes de \u00e1gua, conforme a necessidade de aplica\u00e7\u00e3o e o tipo de manuten\u00e7\u00e3o desejada.<\/p>\n<\/li>\n<\/ul>\n<p data-start=\"940\" data-end=\"953\"><strong data-start=\"940\" data-end=\"953\">Aplica\u00e7\u00e3o<\/strong><\/p>\n<ul data-start=\"955\" data-end=\"1153\">\n<li data-section-id=\"huc2pj\" data-start=\"955\" data-end=\"1070\">\n<p data-start=\"957\" data-end=\"1070\">Aplicar o produto com aux\u00edlio de um pano limpo e macio, espalhando de maneira uniforme sobre toda a superf\u00edcie.<\/p>\n<\/li>\n<li data-section-id=\"1js8hml\" data-start=\"1071\" data-end=\"1153\">\n<p data-start=\"1073\" data-end=\"1153\">Garantir que o produto seja distribu\u00eddo de forma homog\u00eanea para evitar ac\u00famulos.<\/p>\n<\/li>\n<\/ul>\n<p data-start=\"1155\" data-end=\"1166\"><strong data-start=\"1155\" data-end=\"1166\">Secagem<\/strong><\/p>\n<ul data-start=\"1168\" data-end=\"1254\">\n<li data-section-id=\"1anfeq9\" data-start=\"1168\" data-end=\"1254\">\n<p data-start=\"1170\" data-end=\"1254\">Ap\u00f3s a aplica\u00e7\u00e3o, aguardar a secagem completa do produto sobre a superf\u00edcie tratada.<\/p>\n<\/li>\n<\/ul>\n<p data-start=\"1256\" data-end=\"1270\"><strong data-start=\"1256\" data-end=\"1270\">Acabamento<\/strong><\/p>\n<ul data-start=\"1272\" data-end=\"1486\">\n<li data-section-id=\"3dtiln\" data-start=\"1272\" data-end=\"1393\">\n<p data-start=\"1274\" data-end=\"1393\">Depois de seco, realizar o lustro utilizando uma flanela limpa e seca ou uma enceradeira equipada com disco adequado.<\/p>\n<\/li>\n<li data-section-id=\"ssf6x0\" data-start=\"1394\" data-end=\"1486\">\n<p data-start=\"1396\" data-end=\"1486\">Esse processo ir\u00e1 intensificar o brilho e proporcionar um acabamento uniforme ao material.<\/p>\n<\/li>\n<\/ul>\n<p data-start=\"1488\" data-end=\"1501\"><strong data-start=\"1488\" data-end=\"1501\">Resultado<\/strong><\/p>\n<ul>\n<li style=\"list-style-type: none;\">\n<ul data-start=\"1503\" data-end=\"1623\">\n<li data-section-id=\"1e5ca6v\" data-start=\"1503\" data-end=\"1623\">\n<p data-start=\"1505\" data-end=\"1623\">A aplica\u00e7\u00e3o correta proporciona uma superf\u00edcie com brilho uniforme e aspecto renovado, sem deixar o piso escorregadio.<\/p>\n<\/li>\n<\/ul>\n<\/li>\n<\/ul>\n<hr \/>\n<h5 class=\"no-margin\">Rendimento<\/h5>\n<hr \/>\n<ul data-start=\"1087\" data-end=\"1160\">\n<li data-section-id=\"cr2x34\" data-start=\"1087\" data-end=\"1160\">\n<p data-start=\"1089\" data-end=\"1160\">1 litro, dilu\u00eddo em at\u00e9 8 partes de \u00e1gua, rende aproximadamente 120 m\u00b2, podendo variar conforme a absor\u00e7\u00e3o do material e o m\u00e9todo de aplica\u00e7\u00e3o.<\/p>\n<\/li>\n<\/ul>\n<hr \/>\n<h5 class=\"no-margin\">Downloads<\/h5>\n<hr \/>\n<ul>\n<li><strong><a href=\"http:\/\/bellinzoni.net\/fichas_tecnicas\/rr1.pdf\" target=\"_blank\" rel=\"noopener noreferrer\">Ficha T\u00e9cnica do Produto<\/a><\/strong><\/li>\n<li><strong><a href=\"http:\/\/bellinzoni.net\/fispq\/FISPQ-BLZ011-RR-1%20Cera%20L%C3%ADquida.dof.pdf\" target=\"_blank\" rel=\"noopener noreferrer\">Ficha de Seguran\u00e7a \u2013\u00a0FISPQ<\/a><\/strong><\/li>\n<\/ul>\n","protected":false},"excerpt":{"rendered":"<h5 class=\"no-margin\"><\/h5>\n<p>Cera desenvolvida especialmente para dar um excepcional brilho no m\u00e1rmores, granito e pedras em geral, sem deixar o piso escorregadio.<\/p>\n","protected":false},"featured_media":1002456,"template":"","meta":[],"product_brand":[],"product_cat":[74],"product_tag":[],"class_list":{"0":"post-1000232","1":"product","2":"type-product","3":"status-publish","4":"has-post-thumbnail","6":"product_cat-profissional","8":"first","9":"instock","10":"virtual","11":"product-type-simple"},"_links":{"self":[{"href":"https:\/\/bellinzoni.net\/pt\/wp-json\/wp\/v2\/product\/1000232","targetHints":{"allow":["GET"]}}],"collection":[{"href":"https:\/\/bellinzoni.net\/pt\/wp-json\/wp\/v2\/product"}],"about":[{"href":"https:\/\/bellinzoni.net\/pt\/wp-json\/wp\/v2\/types\/product"}],"version-history":[{"count":5,"href":"https:\/\/bellinzoni.net\/pt\/wp-json\/wp\/v2\/product\/1000232\/revisions"}],"predecessor-version":[{"id":1002035,"href":"https:\/\/bellinzoni.net\/pt\/wp-json\/wp\/v2\/product\/1000232\/revisions\/1002035"}],"wp:featuredmedia":[{"embeddable":true,"href":"https:\/\/bellinzoni.net\/pt\/wp-json\/wp\/v2\/media\/1002456"}],"wp:attachment":[{"href":"https:\/\/bellinzoni.net\/pt\/wp-json\/wp\/v2\/media?parent=1000232"}],"wp:term":[{"taxonomy":"product_brand","embeddable":true,"href":"https:\/\/bellinzoni.net\/pt\/wp-json\/wp\/v2\/product_brand?post=1000232"},{"taxonomy":"product_cat","embeddable":true,"href":"https:\/\/bellinzoni.net\/pt\/wp-json\/wp\/v2\/product_cat?post=1000232"},{"taxonomy":"product_tag","embeddable":true,"href":"https:\/\/bellinzoni.net\/pt\/wp-json\/wp\/v2\/product_tag?post=1000232"}],"curies":[{"name":"wp","href":"https:\/\/api.w.org\/{rel}","templated":true}]}}