{"id":1000233,"date":"2026-02-13T20:33:25","date_gmt":"2026-02-13T20:33:25","guid":{"rendered":"https:\/\/bellinzoni.net\/pt\/?post_type=product&#038;p=1000233"},"modified":"2026-03-26T17:38:26","modified_gmt":"2026-03-26T17:38:26","slug":"super-bordas","status":"publish","type":"product","link":"https:\/\/bellinzoni.net\/pt\/produto\/super-bordas\/","title":{"rendered":"Super Bordas"},"content":{"rendered":"<p class=\"no-margin\">C\u00f3digo do Produto: 1 kg \u2013 001446 | Black 1 kg \u2013 003034<\/p>\n<hr \/>\n<h5 class=\"no-margin\">Superf\u00edcies de Aplica\u00e7\u00e3o<\/h5>\n<hr \/>\n<ul>\n<li>M\u00e1rmores<\/li>\n<li>Granitos<\/li>\n<li>Pedras em Geral<\/li>\n<\/ul>\n<hr \/>\n<h5 class=\"no-margin\">Instru\u00e7\u00f5es de Uso<\/h5>\n<hr \/>\n<p data-start=\"21\" data-end=\"49\"><strong data-start=\"21\" data-end=\"49\">Prepara\u00e7\u00e3o da superf\u00edcie<\/strong><\/p>\n<ul data-start=\"51\" data-end=\"151\">\n<li data-section-id=\"gtx0m1\" data-start=\"51\" data-end=\"151\">\n<p data-start=\"53\" data-end=\"151\">Certifique-se de que a superf\u00edcie esteja limpa e completamente seca antes da aplica\u00e7\u00e3o do produto.<\/p>\n<\/li>\n<\/ul>\n<p data-start=\"153\" data-end=\"177\"><strong data-start=\"153\" data-end=\"177\">Aplica\u00e7\u00e3o do produto<\/strong><\/p>\n<ul data-start=\"179\" data-end=\"307\">\n<li data-section-id=\"1nid5m8\" data-start=\"179\" data-end=\"307\">\n<p data-start=\"181\" data-end=\"307\">O produto \u00e9 pronto para uso. Aplique com estopa ou pano macio, espalhando de maneira uniforme sobre a superf\u00edcie a ser polida.<\/p>\n<\/li>\n<\/ul>\n<p data-start=\"309\" data-end=\"326\"><strong data-start=\"309\" data-end=\"326\">Tempo de a\u00e7\u00e3o<\/strong><\/p>\n<ul data-start=\"328\" data-end=\"405\">\n<li data-section-id=\"1so0si8\" data-start=\"328\" data-end=\"405\">\n<p data-start=\"330\" data-end=\"405\">Ap\u00f3s a aplica\u00e7\u00e3o, deixe o produto secar por aproximadamente 5 a 10 minutos.<\/p>\n<\/li>\n<\/ul>\n<hr \/>\n<h5 class=\"no-margin\">Rendimento<\/h5>\n<hr \/>\n<p>1 kg rende aproximadamente 250 m\u00b2, podendo variar de acordo com o tipo de superf\u00edcie e o modo de aplica\u00e7\u00e3o.<\/p>\n<hr \/>\n<h5 class=\"no-margin\">Downloads<\/h5>\n<hr \/>\n<ul>\n<li><strong><a href=\"http:\/\/bellinzoni.net\/fichas_tecnicas\/super_bordas.pdf\" target=\"_blank\" rel=\"noopener noreferrer\">Ficha T\u00e9cnica do Produto<\/a><\/strong><\/li>\n<li><strong><a href=\"http:\/\/bellinzoni.net\/fispqs\/Superbordas-FISPQ-BLZ066.pdf\" target=\"_blank\" rel=\"noopener noreferrer\">Ficha de Seguran\u00e7a \u2013\u00a0FISPQ<\/a><\/strong><\/li>\n<\/ul>\n","protected":false},"excerpt":{"rendered":"<h5 class=\"no-margin\"><\/h5>\n<p>Produto desenvolvido para brilho e intensifica\u00e7\u00e3o da cor de bordas de qualquer material. Protege e lustra m\u00e1rmores, granitos e pedras em geral. Forma uma pel\u00edcula brilhosa e transparente, que n\u00e3o descasca, n\u00e3o amarela e elimina o polimento final do material tratado. A composi\u00e7\u00e3o qu\u00edmica especial permite uma secagem r\u00e1pida, para facilitar e acelerar as opera\u00e7\u00f5es de marmorarias. Superbordas \u00e9 particularmente adequado para os \u00e2ngulos de uso e as costas, que d\u00e1 \u00eanfase \u00e0 cor do material.<\/p>\n","protected":false},"featured_media":1002430,"template":"","meta":[],"product_brand":[],"product_cat":[74],"product_tag":[],"class_list":{"0":"post-1000233","1":"product","2":"type-product","3":"status-publish","4":"has-post-thumbnail","6":"product_cat-profissional","8":"first","9":"instock","10":"virtual","11":"product-type-simple"},"_links":{"self":[{"href":"https:\/\/bellinzoni.net\/pt\/wp-json\/wp\/v2\/product\/1000233","targetHints":{"allow":["GET"]}}],"collection":[{"href":"https:\/\/bellinzoni.net\/pt\/wp-json\/wp\/v2\/product"}],"about":[{"href":"https:\/\/bellinzoni.net\/pt\/wp-json\/wp\/v2\/types\/product"}],"version-history":[{"count":4,"href":"https:\/\/bellinzoni.net\/pt\/wp-json\/wp\/v2\/product\/1000233\/revisions"}],"predecessor-version":[{"id":1001978,"href":"https:\/\/bellinzoni.net\/pt\/wp-json\/wp\/v2\/product\/1000233\/revisions\/1001978"}],"wp:featuredmedia":[{"embeddable":true,"href":"https:\/\/bellinzoni.net\/pt\/wp-json\/wp\/v2\/media\/1002430"}],"wp:attachment":[{"href":"https:\/\/bellinzoni.net\/pt\/wp-json\/wp\/v2\/media?parent=1000233"}],"wp:term":[{"taxonomy":"product_brand","embeddable":true,"href":"https:\/\/bellinzoni.net\/pt\/wp-json\/wp\/v2\/product_brand?post=1000233"},{"taxonomy":"product_cat","embeddable":true,"href":"https:\/\/bellinzoni.net\/pt\/wp-json\/wp\/v2\/product_cat?post=1000233"},{"taxonomy":"product_tag","embeddable":true,"href":"https:\/\/bellinzoni.net\/pt\/wp-json\/wp\/v2\/product_tag?post=1000233"}],"curies":[{"name":"wp","href":"https:\/\/api.w.org\/{rel}","templated":true}]}}