{"id":1000234,"date":"2026-01-28T20:33:25","date_gmt":"2026-01-28T20:33:25","guid":{"rendered":"https:\/\/bellinzoni.net\/pt\/?post_type=product&#038;p=1000234"},"modified":"2026-03-26T19:32:04","modified_gmt":"2026-03-26T19:32:04","slug":"eureka-marmore","status":"publish","type":"product","link":"https:\/\/bellinzoni.net\/pt\/produto\/eureka-marmore\/","title":{"rendered":"Eureka M\u00e1rmore"},"content":{"rendered":"<p class=\"no-margin\">C\u00f3digo do Produto: 1 kg \u2013 000008<\/p>\n<hr \/>\n<h5 class=\"no-margin\">Superf\u00edcies de Aplica\u00e7\u00e3o<\/h5>\n<hr \/>\n<ul>\n<li>M\u00e1rmore<\/li>\n<li>Cer\u00e2mica<\/li>\n<\/ul>\n<hr \/>\n<h5 class=\"no-margin\">Instru\u00e7\u00f5es de Uso<\/h5>\n<hr \/>\n<p data-start=\"621\" data-end=\"649\"><strong data-start=\"621\" data-end=\"649\">Prepara\u00e7\u00e3o da superf\u00edcie<\/strong><\/p>\n<ul data-start=\"651\" data-end=\"749\">\n<li data-section-id=\"7vw64n\" data-start=\"651\" data-end=\"749\">\n<p data-start=\"653\" data-end=\"749\">A superf\u00edcie deve estar limpa, seca e livre de poeira ou res\u00edduos antes da aplica\u00e7\u00e3o do produto.<\/p>\n<\/li>\n<\/ul>\n<p data-start=\"751\" data-end=\"775\"><strong data-start=\"751\" data-end=\"775\">Aplica\u00e7\u00e3o do produto<\/strong><\/p>\n<ul data-start=\"777\" data-end=\"884\">\n<li data-section-id=\"12madjd\" data-start=\"777\" data-end=\"884\">\n<p data-start=\"779\" data-end=\"884\">Aplique o produto sobre a superf\u00edcie a ser tratada, distribuindo de maneira uniforme na \u00e1rea de trabalho.<\/p>\n<\/li>\n<\/ul>\n<p data-start=\"886\" data-end=\"899\"><strong data-start=\"886\" data-end=\"899\">Polimento<\/strong><\/p>\n<ul data-start=\"901\" data-end=\"1055\">\n<li data-section-id=\"ksdu28\" data-start=\"901\" data-end=\"1055\">\n<p data-start=\"903\" data-end=\"1055\">Realize o polimento utilizando equipamento adequado at\u00e9 que o produto seja completamente trabalhado sobre o material e o brilho desejado seja alcan\u00e7ado.<\/p>\n<\/li>\n<\/ul>\n<p data-start=\"1057\" data-end=\"1071\"><strong data-start=\"1057\" data-end=\"1071\">Observa\u00e7\u00e3o<\/strong><\/p>\n<ul data-start=\"1073\" data-end=\"1240\">\n<li data-section-id=\"15xjpub\" data-start=\"1073\" data-end=\"1240\">\n<p data-start=\"1075\" data-end=\"1240\">O produto \u00e9 indicado para superf\u00edcies previamente polidas a partir do gr\u00e3o 400 ou ap\u00f3s o processo de polimento com gr\u00e3os utilizados para cristaliza\u00e7\u00e3o da superf\u00edcie.<\/p>\n<\/li>\n<\/ul>\n<p data-start=\"1242\" data-end=\"1256\"><strong data-start=\"1242\" data-end=\"1256\">Rendimento<\/strong><\/p>\n<ul data-start=\"1258\" data-end=\"1361\">\n<li data-section-id=\"1cr8dku\" data-start=\"1258\" data-end=\"1361\">\n<p data-start=\"1260\" data-end=\"1361\">O rendimento pode variar conforme o tipo de material, o estado da superf\u00edcie e o m\u00e9todo de aplica\u00e7\u00e3o.<\/p>\n<\/li>\n<\/ul>\n<hr \/>\n<h5 class=\"no-margin\">Downloads<\/h5>\n<hr \/>\n<ul>\n<li><strong><a href=\"http:\/\/chrome-extension:\/\/efaidnbmnnnibpcajpcglclefindmkaj\/http:\/\/bellinzoni.net\/fichas_tecnicas\/eureka-marmore.pdf\" target=\"_blank\" rel=\"noopener noreferrer\">Ficha T\u00e9cnica do Produto<\/a><\/strong><\/li>\n<li><strong>Ficha de Seguran\u00e7a \u2013\u00a0FISPQ<\/strong><\/li>\n<\/ul>\n","protected":false},"excerpt":{"rendered":"<p>Gel Lucidante para m\u00e1rmore recomendado para polimento em superf\u00edcies que perderam o brilho e cor devido ao desgaste. Pode ser usado em materiais polidos ap\u00f3s o gr\u00e3o 400 ou ap\u00f3s o plimento com gr\u00e3os para cristaliza\u00e7\u00e3o da superf\u00edcie. N\u00e3o cont\u00e9m chumbo.<\/p>\n","protected":false},"featured_media":1002448,"template":"","meta":[],"product_brand":[],"product_cat":[74],"product_tag":[],"class_list":{"0":"post-1000234","1":"product","2":"type-product","3":"status-publish","4":"has-post-thumbnail","6":"product_cat-profissional","8":"first","9":"instock","10":"virtual","11":"product-type-simple"},"_links":{"self":[{"href":"https:\/\/bellinzoni.net\/pt\/wp-json\/wp\/v2\/product\/1000234","targetHints":{"allow":["GET"]}}],"collection":[{"href":"https:\/\/bellinzoni.net\/pt\/wp-json\/wp\/v2\/product"}],"about":[{"href":"https:\/\/bellinzoni.net\/pt\/wp-json\/wp\/v2\/types\/product"}],"version-history":[{"count":4,"href":"https:\/\/bellinzoni.net\/pt\/wp-json\/wp\/v2\/product\/1000234\/revisions"}],"predecessor-version":[{"id":1002032,"href":"https:\/\/bellinzoni.net\/pt\/wp-json\/wp\/v2\/product\/1000234\/revisions\/1002032"}],"wp:featuredmedia":[{"embeddable":true,"href":"https:\/\/bellinzoni.net\/pt\/wp-json\/wp\/v2\/media\/1002448"}],"wp:attachment":[{"href":"https:\/\/bellinzoni.net\/pt\/wp-json\/wp\/v2\/media?parent=1000234"}],"wp:term":[{"taxonomy":"product_brand","embeddable":true,"href":"https:\/\/bellinzoni.net\/pt\/wp-json\/wp\/v2\/product_brand?post=1000234"},{"taxonomy":"product_cat","embeddable":true,"href":"https:\/\/bellinzoni.net\/pt\/wp-json\/wp\/v2\/product_cat?post=1000234"},{"taxonomy":"product_tag","embeddable":true,"href":"https:\/\/bellinzoni.net\/pt\/wp-json\/wp\/v2\/product_tag?post=1000234"}],"curies":[{"name":"wp","href":"https:\/\/api.w.org\/{rel}","templated":true}]}}