{"id":1000235,"date":"2026-01-28T20:33:25","date_gmt":"2026-01-28T20:33:25","guid":{"rendered":"https:\/\/bellinzoni.net\/pt\/?post_type=product&#038;p=1000235"},"modified":"2026-03-26T19:40:56","modified_gmt":"2026-03-26T19:40:56","slug":"eureka-granito","status":"publish","type":"product","link":"https:\/\/bellinzoni.net\/pt\/produto\/eureka-granito\/","title":{"rendered":"Eureka Granito"},"content":{"rendered":"<p class=\"no-margin\">C\u00f3digo do Produto: 1 kg \u2013 000956<\/p>\n<hr \/>\n<h5 class=\"no-margin\">Superf\u00edcies de Aplica\u00e7\u00e3o<\/h5>\n<hr \/>\n<ul>\n<li>Granito<\/li>\n<li>Porcelanato<\/li>\n<li>Arenito<\/li>\n<\/ul>\n<hr \/>\n<h5 class=\"no-margin\">Instru\u00e7\u00f5es de Uso<\/h5>\n<hr \/>\n<p data-start=\"636\" data-end=\"664\"><strong data-start=\"636\" data-end=\"664\">Prepara\u00e7\u00e3o da superf\u00edcie<\/strong><\/p>\n<ul data-start=\"666\" data-end=\"764\">\n<li data-section-id=\"7vw64n\" data-start=\"666\" data-end=\"764\">\n<p data-start=\"668\" data-end=\"764\">A superf\u00edcie deve estar limpa, seca e livre de poeira ou res\u00edduos antes da aplica\u00e7\u00e3o do produto.<\/p>\n<\/li>\n<\/ul>\n<p data-start=\"766\" data-end=\"790\"><strong data-start=\"766\" data-end=\"790\">Aplica\u00e7\u00e3o do produto<\/strong><\/p>\n<ul data-start=\"792\" data-end=\"899\">\n<li data-section-id=\"12madjd\" data-start=\"792\" data-end=\"899\">\n<p data-start=\"794\" data-end=\"899\">Aplique o produto sobre a superf\u00edcie a ser tratada, distribuindo de maneira uniforme na \u00e1rea de trabalho.<\/p>\n<\/li>\n<\/ul>\n<p data-start=\"901\" data-end=\"914\"><strong data-start=\"901\" data-end=\"914\">Polimento<\/strong><\/p>\n<ul data-start=\"916\" data-end=\"1070\">\n<li data-section-id=\"ksdu28\" data-start=\"916\" data-end=\"1070\">\n<p data-start=\"918\" data-end=\"1070\">Realize o polimento utilizando equipamento adequado at\u00e9 que o produto seja completamente trabalhado sobre o material e o brilho desejado seja alcan\u00e7ado.<\/p>\n<\/li>\n<\/ul>\n<p data-start=\"1072\" data-end=\"1086\"><strong data-start=\"1072\" data-end=\"1086\">Observa\u00e7\u00e3o<\/strong><\/p>\n<ul data-start=\"1088\" data-end=\"1255\">\n<li data-section-id=\"17qxaon\" data-start=\"1088\" data-end=\"1255\">\n<p data-start=\"1090\" data-end=\"1255\">O produto \u00e9 indicado para superf\u00edcies previamente polidas a partir do gr\u00e3o 220 ou ap\u00f3s o processo de polimento com gr\u00e3os utilizados para cristaliza\u00e7\u00e3o da superf\u00edcie.<\/p>\n<\/li>\n<\/ul>\n<p data-start=\"1257\" data-end=\"1271\"><strong data-start=\"1257\" data-end=\"1271\">Rendimento<\/strong><\/p>\n<ul data-start=\"1273\" data-end=\"1376\">\n<li data-section-id=\"1cr8dku\" data-start=\"1273\" data-end=\"1376\">\n<p data-start=\"1275\" data-end=\"1376\">O rendimento pode variar conforme o tipo de material, o estado da superf\u00edcie e o m\u00e9todo de aplica\u00e7\u00e3o.<\/p>\n<\/li>\n<\/ul>\n<hr \/>\n<h5 class=\"no-margin\">Downloads<\/h5>\n<hr \/>\n<ul>\n<li><strong><a href=\"http:\/\/bellinzoni.net\/fichas_tecnicas\/eureka-granito.pdf\" target=\"_blank\" rel=\"noopener noreferrer\">Ficha T\u00e9cnica do Produto<\/a><\/strong><\/li>\n<li><strong><a href=\"http:\/\/bellinzoni.net\/fichas_tecnicas\/Eureka%20Granito-FISPQ-BLZ080.pdf\" target=\"_blank\" rel=\"noopener noreferrer\">Ficha de Seguran\u00e7a \u2013\u00a0FISPQ<\/a><\/strong><\/li>\n<\/ul>\n","protected":false},"excerpt":{"rendered":"<h5 class=\"no-margin\"><\/h5>\n<p>Gel Lucidante para granito recomendado para polimento em superf\u00edcies que perderam o brilho e cor devido ao desgaste. Pode ser usado em materiais polidos ap\u00f3s o gr\u00e3o 220 ou ap\u00f3s o polimento com gr\u00e3os para cristaliza\u00e7\u00e3o da superf\u00edcie. N\u00e3o cont\u00e9m chumbo.<\/p>\n","protected":false},"featured_media":1002452,"template":"","meta":[],"product_brand":[],"product_cat":[74],"product_tag":[],"class_list":{"0":"post-1000235","1":"product","2":"type-product","3":"status-publish","4":"has-post-thumbnail","6":"product_cat-profissional","8":"first","9":"instock","10":"virtual","11":"product-type-simple"},"_links":{"self":[{"href":"https:\/\/bellinzoni.net\/pt\/wp-json\/wp\/v2\/product\/1000235","targetHints":{"allow":["GET"]}}],"collection":[{"href":"https:\/\/bellinzoni.net\/pt\/wp-json\/wp\/v2\/product"}],"about":[{"href":"https:\/\/bellinzoni.net\/pt\/wp-json\/wp\/v2\/types\/product"}],"version-history":[{"count":4,"href":"https:\/\/bellinzoni.net\/pt\/wp-json\/wp\/v2\/product\/1000235\/revisions"}],"predecessor-version":[{"id":1002029,"href":"https:\/\/bellinzoni.net\/pt\/wp-json\/wp\/v2\/product\/1000235\/revisions\/1002029"}],"wp:featuredmedia":[{"embeddable":true,"href":"https:\/\/bellinzoni.net\/pt\/wp-json\/wp\/v2\/media\/1002452"}],"wp:attachment":[{"href":"https:\/\/bellinzoni.net\/pt\/wp-json\/wp\/v2\/media?parent=1000235"}],"wp:term":[{"taxonomy":"product_brand","embeddable":true,"href":"https:\/\/bellinzoni.net\/pt\/wp-json\/wp\/v2\/product_brand?post=1000235"},{"taxonomy":"product_cat","embeddable":true,"href":"https:\/\/bellinzoni.net\/pt\/wp-json\/wp\/v2\/product_cat?post=1000235"},{"taxonomy":"product_tag","embeddable":true,"href":"https:\/\/bellinzoni.net\/pt\/wp-json\/wp\/v2\/product_tag?post=1000235"}],"curies":[{"name":"wp","href":"https:\/\/api.w.org\/{rel}","templated":true}]}}