{"id":1000236,"date":"2026-01-28T20:33:25","date_gmt":"2026-01-28T20:33:25","guid":{"rendered":"https:\/\/bellinzoni.net\/pt\/?post_type=product&#038;p=1000236"},"modified":"2026-03-27T14:53:46","modified_gmt":"2026-03-27T14:53:46","slug":"eureka-porcelanato","status":"publish","type":"product","link":"https:\/\/bellinzoni.net\/pt\/produto\/eureka-porcelanato\/","title":{"rendered":"Eureka Porcelanato"},"content":{"rendered":"<p class=\"no-margin\">C\u00f3digo do Produto: 1 kg \u2013 001174<\/p>\n<hr \/>\n<ul>\n<li>\n<h5 class=\"no-margin\">Superf\u00edcies de Aplica\u00e7\u00e3o<\/h5>\n<hr \/>\n<ul>\n<li>Porcelanato<\/li>\n<\/ul>\n<h5 class=\"no-margin\">Instru\u00e7\u00f5es de Uso<\/h5>\n<hr \/>\n<p data-start=\"483\" data-end=\"511\"><strong data-start=\"483\" data-end=\"511\">Prepara\u00e7\u00e3o da superf\u00edcie<\/strong><\/p>\n<ul data-start=\"513\" data-end=\"611\">\n<li data-section-id=\"7vw64n\" data-start=\"513\" data-end=\"611\">\n<p data-start=\"515\" data-end=\"611\">A superf\u00edcie deve estar limpa, seca e livre de poeira ou res\u00edduos antes da aplica\u00e7\u00e3o do produto.<\/p>\n<\/li>\n<\/ul>\n<p data-start=\"613\" data-end=\"637\"><strong data-start=\"613\" data-end=\"637\">Aplica\u00e7\u00e3o do produto<\/strong><\/p>\n<ul data-start=\"639\" data-end=\"746\">\n<li data-section-id=\"12madjd\" data-start=\"639\" data-end=\"746\">\n<p data-start=\"641\" data-end=\"746\">Aplique o produto sobre a superf\u00edcie a ser tratada, distribuindo de maneira uniforme na \u00e1rea de trabalho.<\/p>\n<\/li>\n<\/ul>\n<p data-start=\"748\" data-end=\"761\"><strong data-start=\"748\" data-end=\"761\">Polimento<\/strong><\/p>\n<ul data-start=\"763\" data-end=\"917\">\n<li data-section-id=\"ksdu28\" data-start=\"763\" data-end=\"917\">\n<p data-start=\"765\" data-end=\"917\">Realize o polimento utilizando equipamento adequado at\u00e9 que o produto seja completamente trabalhado sobre o material e o brilho desejado seja alcan\u00e7ado.<\/p>\n<\/li>\n<\/ul>\n<p data-start=\"919\" data-end=\"933\"><strong data-start=\"919\" data-end=\"933\">Observa\u00e7\u00e3o<\/strong><\/p>\n<ul data-start=\"935\" data-end=\"1102\">\n<li data-section-id=\"17qxaon\" data-start=\"935\" data-end=\"1102\">\n<p data-start=\"937\" data-end=\"1102\">O produto \u00e9 indicado para superf\u00edcies previamente polidas a partir do gr\u00e3o 220 ou ap\u00f3s o processo de polimento com gr\u00e3os utilizados para cristaliza\u00e7\u00e3o da superf\u00edcie.<\/p>\n<\/li>\n<\/ul>\n<p data-start=\"1104\" data-end=\"1118\"><strong data-start=\"1104\" data-end=\"1118\">Rendimento<\/strong><\/p>\n<ul data-start=\"1120\" data-end=\"1228\" data-is-last-node=\"\" data-is-only-node=\"\">\n<li data-section-id=\"zq0p23\" data-start=\"1120\" data-end=\"1228\" data-is-last-node=\"\">\n<p data-start=\"1122\" data-end=\"1228\" data-is-last-node=\"\">O rendimento pode variar de acordo com o tipo de material, o estado da superf\u00edcie e o m\u00e9todo de aplica\u00e7\u00e3o.<\/p>\n<\/li>\n<\/ul>\n<h5 class=\"no-margin\"><\/h5>\n<\/li>\n<\/ul>\n<ul>\n<li style=\"list-style-type: none;\"><\/li>\n<\/ul>\n<hr \/>\n<h5 class=\"no-margin\">Downloads<\/h5>\n<hr \/>\n<ul>\n<li><strong><a href=\"http:\/\/bellinzoni.net\/fichas_tecnicas\/eureka-porcelanato.pdf\" target=\"_blank\" rel=\"noopener noreferrer\">Ficha T\u00e9cnica do Produto<\/a><\/strong><\/li>\n<li><strong><a href=\"http:\/\/bellinzoni.net\/fichas_tecnicas\/Eureka%20Porcelanato-FISPQ-BLZ079.pdf\" target=\"_blank\" rel=\"noopener noreferrer\">Ficha de Seguran\u00e7a \u2013\u00a0FISPQ<\/a><\/strong><\/li>\n<\/ul>\n","protected":false},"excerpt":{"rendered":"<h5 class=\"no-margin\"><\/h5>\n<p>Gel Lucidante para polimento em porcelanatos que perderam o brilho e cor devido ao desgaste. N\u00e3o cont\u00e9m chumbo.<\/p>\n","protected":false},"featured_media":1002447,"template":"","meta":[],"product_brand":[],"product_cat":[74],"product_tag":[],"class_list":{"0":"post-1000236","1":"product","2":"type-product","3":"status-publish","4":"has-post-thumbnail","6":"product_cat-profissional","8":"first","9":"instock","10":"virtual","11":"product-type-simple"},"_links":{"self":[{"href":"https:\/\/bellinzoni.net\/pt\/wp-json\/wp\/v2\/product\/1000236","targetHints":{"allow":["GET"]}}],"collection":[{"href":"https:\/\/bellinzoni.net\/pt\/wp-json\/wp\/v2\/product"}],"about":[{"href":"https:\/\/bellinzoni.net\/pt\/wp-json\/wp\/v2\/types\/product"}],"version-history":[{"count":7,"href":"https:\/\/bellinzoni.net\/pt\/wp-json\/wp\/v2\/product\/1000236\/revisions"}],"predecessor-version":[{"id":1002016,"href":"https:\/\/bellinzoni.net\/pt\/wp-json\/wp\/v2\/product\/1000236\/revisions\/1002016"}],"wp:featuredmedia":[{"embeddable":true,"href":"https:\/\/bellinzoni.net\/pt\/wp-json\/wp\/v2\/media\/1002447"}],"wp:attachment":[{"href":"https:\/\/bellinzoni.net\/pt\/wp-json\/wp\/v2\/media?parent=1000236"}],"wp:term":[{"taxonomy":"product_brand","embeddable":true,"href":"https:\/\/bellinzoni.net\/pt\/wp-json\/wp\/v2\/product_brand?post=1000236"},{"taxonomy":"product_cat","embeddable":true,"href":"https:\/\/bellinzoni.net\/pt\/wp-json\/wp\/v2\/product_cat?post=1000236"},{"taxonomy":"product_tag","embeddable":true,"href":"https:\/\/bellinzoni.net\/pt\/wp-json\/wp\/v2\/product_tag?post=1000236"}],"curies":[{"name":"wp","href":"https:\/\/api.w.org\/{rel}","templated":true}]}}