{"id":1000237,"date":"2026-01-28T20:33:25","date_gmt":"2026-01-28T20:33:25","guid":{"rendered":"https:\/\/bellinzoni.net\/pt\/?post_type=product&#038;p=1000237"},"modified":"2026-03-26T19:31:51","modified_gmt":"2026-03-26T19:31:51","slug":"eureka-quartzo","status":"publish","type":"product","link":"https:\/\/bellinzoni.net\/pt\/produto\/eureka-quartzo\/","title":{"rendered":"Eureka Quartzo"},"content":{"rendered":"<p class=\"no-margin\">C\u00f3digo do Produto: 1 kg \u2013 000007<\/p>\n<hr \/>\n<h5 class=\"no-margin\">Superf\u00edcies de Aplica\u00e7\u00e3o<\/h5>\n<hr \/>\n<ul>\n<li>Quartzo<\/li>\n<\/ul>\n<h5 class=\"no-margin\">Instru\u00e7\u00f5es de Uso<\/h5>\n<hr \/>\n<p data-start=\"613\" data-end=\"641\"><strong data-start=\"613\" data-end=\"641\">Prepara\u00e7\u00e3o da superf\u00edcie<\/strong><\/p>\n<ul data-start=\"643\" data-end=\"741\">\n<li data-section-id=\"7vw64n\" data-start=\"643\" data-end=\"741\">\n<p data-start=\"645\" data-end=\"741\">A superf\u00edcie deve estar limpa, seca e livre de poeira ou res\u00edduos antes da aplica\u00e7\u00e3o do produto.<\/p>\n<\/li>\n<\/ul>\n<p data-start=\"743\" data-end=\"767\"><strong data-start=\"743\" data-end=\"767\">Aplica\u00e7\u00e3o do produto<\/strong><\/p>\n<ul data-start=\"769\" data-end=\"876\">\n<li data-section-id=\"12madjd\" data-start=\"769\" data-end=\"876\">\n<p data-start=\"771\" data-end=\"876\">Aplique o produto sobre a superf\u00edcie a ser tratada, distribuindo de maneira uniforme na \u00e1rea de trabalho.<\/p>\n<\/li>\n<\/ul>\n<p data-start=\"878\" data-end=\"891\"><strong data-start=\"878\" data-end=\"891\">Polimento<\/strong><\/p>\n<ul data-start=\"893\" data-end=\"1047\">\n<li data-section-id=\"ksdu28\" data-start=\"893\" data-end=\"1047\">\n<p data-start=\"895\" data-end=\"1047\">Realize o polimento utilizando equipamento adequado at\u00e9 que o produto seja completamente trabalhado sobre o material e o brilho desejado seja alcan\u00e7ado.<\/p>\n<\/li>\n<\/ul>\n<p data-start=\"1049\" data-end=\"1063\"><strong data-start=\"1049\" data-end=\"1063\">Observa\u00e7\u00e3o<\/strong><\/p>\n<ul data-start=\"1065\" data-end=\"1232\">\n<li data-section-id=\"17qxaon\" data-start=\"1065\" data-end=\"1232\">\n<p data-start=\"1067\" data-end=\"1232\">O produto \u00e9 indicado para superf\u00edcies previamente polidas a partir do gr\u00e3o 220 ou ap\u00f3s o processo de polimento com gr\u00e3os utilizados para cristaliza\u00e7\u00e3o da superf\u00edcie.<\/p>\n<\/li>\n<\/ul>\n<hr \/>\n<h5 class=\"no-margin\">Rendimento<\/h5>\n<hr \/>\n<ul data-start=\"1250\" data-end=\"1358\">\n<li data-section-id=\"zq0p23\" data-start=\"1250\" data-end=\"1358\">\n<p data-start=\"1252\" data-end=\"1358\">O rendimento pode variar de acordo com o tipo de material, o estado da superf\u00edcie e o m\u00e9todo de aplica\u00e7\u00e3o.<\/p>\n<\/li>\n<\/ul>\n<hr \/>\n<h5 class=\"no-margin\">Downloads<\/h5>\n<hr \/>\n<ul>\n<li><strong><a href=\"http:\/\/bellinzoni.net\/fichas_tecnicas\/eureka-quartzresin.pdf\" target=\"_blank\" rel=\"noopener noreferrer\">Ficha T\u00e9cnica do Produto<\/a><\/strong><\/li>\n<li><strong><a href=\"http:\/\/bellinzoni.net\/fichas_tecnicas\/Eureka%20Porcelanato-FISPQ-BLZ079.pdf\" target=\"_blank\" rel=\"noopener noreferrer\">Ficha de Seguran\u00e7a \u2013\u00a0FISPQ<\/a><\/strong><\/li>\n<\/ul>\n","protected":false},"excerpt":{"rendered":"<p>&nbsp;<\/p>\n<p>Gel Lucidante para quartzo recomendado para polimento em superf\u00edcies que perderam o brilho e cor devido ao desgaste. Pode ser usado em materiais polidos ap\u00f3s o gr\u00e3o 220 ou ap\u00f3s o polimento com gr\u00e3os para cristaliza\u00e7\u00e3o da superf\u00edcie. N\u00e3o cont\u00e9m chumbo.<\/p>\n","protected":false},"featured_media":1002450,"template":"","meta":[],"product_brand":[],"product_cat":[74],"product_tag":[],"class_list":{"0":"post-1000237","1":"product","2":"type-product","3":"status-publish","4":"has-post-thumbnail","6":"product_cat-profissional","8":"first","9":"instock","10":"virtual","11":"product-type-simple"},"_links":{"self":[{"href":"https:\/\/bellinzoni.net\/pt\/wp-json\/wp\/v2\/product\/1000237","targetHints":{"allow":["GET"]}}],"collection":[{"href":"https:\/\/bellinzoni.net\/pt\/wp-json\/wp\/v2\/product"}],"about":[{"href":"https:\/\/bellinzoni.net\/pt\/wp-json\/wp\/v2\/types\/product"}],"version-history":[{"count":3,"href":"https:\/\/bellinzoni.net\/pt\/wp-json\/wp\/v2\/product\/1000237\/revisions"}],"predecessor-version":[{"id":1002013,"href":"https:\/\/bellinzoni.net\/pt\/wp-json\/wp\/v2\/product\/1000237\/revisions\/1002013"}],"wp:featuredmedia":[{"embeddable":true,"href":"https:\/\/bellinzoni.net\/pt\/wp-json\/wp\/v2\/media\/1002450"}],"wp:attachment":[{"href":"https:\/\/bellinzoni.net\/pt\/wp-json\/wp\/v2\/media?parent=1000237"}],"wp:term":[{"taxonomy":"product_brand","embeddable":true,"href":"https:\/\/bellinzoni.net\/pt\/wp-json\/wp\/v2\/product_brand?post=1000237"},{"taxonomy":"product_cat","embeddable":true,"href":"https:\/\/bellinzoni.net\/pt\/wp-json\/wp\/v2\/product_cat?post=1000237"},{"taxonomy":"product_tag","embeddable":true,"href":"https:\/\/bellinzoni.net\/pt\/wp-json\/wp\/v2\/product_tag?post=1000237"}],"curies":[{"name":"wp","href":"https:\/\/api.w.org\/{rel}","templated":true}]}}