{"id":1000240,"date":"2026-01-28T20:33:25","date_gmt":"2026-01-28T20:33:25","guid":{"rendered":"https:\/\/bellinzoni.net\/pt\/?post_type=product&#038;p=1000240"},"modified":"2026-03-26T18:48:37","modified_gmt":"2026-03-26T18:48:37","slug":"super-crystal-marmore","status":"publish","type":"product","link":"https:\/\/bellinzoni.net\/pt\/produto\/super-crystal-marmore\/","title":{"rendered":"Super Crystal M\u00e1rmore"},"content":{"rendered":"<p class=\"no-margin\">C\u00f3digo do Produto:<\/p>\n<hr \/>\n<h5 class=\"no-margin\">Superf\u00edcies de Aplica\u00e7\u00e3o<\/h5>\n<hr \/>\n<ul>\n<li>M\u00e1rmore<\/li>\n<\/ul>\n<hr \/>\n<h5 class=\"no-margin\">Instru\u00e7\u00f5es de Uso<\/h5>\n<hr \/>\n<p data-start=\"656\" data-end=\"684\"><strong data-start=\"656\" data-end=\"684\">Prepara\u00e7\u00e3o da superf\u00edcie<\/strong><\/p>\n<ul data-start=\"686\" data-end=\"806\">\n<li data-section-id=\"zyovhf\" data-start=\"686\" data-end=\"806\">\n<p data-start=\"688\" data-end=\"806\">Certifique-se de que a superf\u00edcie esteja limpa e livre de poeira ou res\u00edduos antes de iniciar o processo de polimento.<\/p>\n<\/li>\n<\/ul>\n<p data-start=\"808\" data-end=\"832\"><strong data-start=\"808\" data-end=\"832\">Aplica\u00e7\u00e3o do produto<\/strong><\/p>\n<ul data-start=\"834\" data-end=\"944\">\n<li data-section-id=\"e4lww2\" data-start=\"834\" data-end=\"944\">\n<p data-start=\"836\" data-end=\"944\">Distribua manualmente o p\u00f3 sobre o piso em movimentos circulares, cobrindo aproximadamente uma \u00e1rea de 2 m\u00b2.<\/p>\n<\/li>\n<\/ul>\n<p data-start=\"946\" data-end=\"959\"><strong data-start=\"946\" data-end=\"959\">Polimento<\/strong><\/p>\n<ul data-start=\"961\" data-end=\"1176\">\n<li data-section-id=\"1p2gt3d\" data-start=\"961\" data-end=\"1041\">\n<p data-start=\"963\" data-end=\"1041\">Posicione a enceradeira equipada com disco de fibra natural sobre o produto.<\/p>\n<\/li>\n<li data-section-id=\"7mlbvr\" data-start=\"1042\" data-end=\"1125\">\n<p data-start=\"1044\" data-end=\"1125\">Umede\u00e7a a superf\u00edcie utilizando o tanque da m\u00e1quina ou um pulverizador de \u00e1gua.<\/p>\n<\/li>\n<li data-section-id=\"4nzd52\" data-start=\"1126\" data-end=\"1176\">\n<p data-start=\"1128\" data-end=\"1176\">Trabalhe sempre em \u00e1reas entre 1 e 2 m\u00b2 por vez.<\/p>\n<\/li>\n<\/ul>\n<p data-start=\"1178\" data-end=\"1203\"><strong data-start=\"1178\" data-end=\"1203\">Observa\u00e7\u00e3o importante<\/strong><\/p>\n<ul data-start=\"1205\" data-end=\"1279\">\n<li data-section-id=\"1yig9vf\" data-start=\"1205\" data-end=\"1279\">\n<p data-start=\"1207\" data-end=\"1279\">N\u00e3o permita que o p\u00f3 seque sobre o piso durante o processo de polimento.<\/p>\n<\/li>\n<\/ul>\n<p data-start=\"1281\" data-end=\"1306\"><strong data-start=\"1281\" data-end=\"1306\">Controle do resultado<\/strong><\/p>\n<ul data-start=\"1308\" data-end=\"1543\">\n<li data-section-id=\"1nv9xbt\" data-start=\"1308\" data-end=\"1475\">\n<p data-start=\"1310\" data-end=\"1475\">Ap\u00f3s passar a enceradeira de 3 a 4 vezes sobre a \u00e1rea trabalhada, remova o excesso utilizando aspirador de l\u00edquidos ou pano para verificar o grau de brilho obtido.<\/p>\n<\/li>\n<li data-section-id=\"acnpe7\" data-start=\"1476\" data-end=\"1543\">\n<p data-start=\"1478\" data-end=\"1543\">Ap\u00f3s alcan\u00e7ar o resultado desejado, prossiga para a pr\u00f3xima \u00e1rea.<\/p>\n<\/li>\n<\/ul>\n<p data-start=\"1545\" data-end=\"1570\"><strong data-start=\"1545\" data-end=\"1570\">Enx\u00e1gue e finaliza\u00e7\u00e3o<\/strong><\/p>\n<ul data-start=\"1572\" data-end=\"1847\">\n<li data-section-id=\"ow6j3q\" data-start=\"1572\" data-end=\"1698\">\n<p data-start=\"1574\" data-end=\"1698\">Ap\u00f3s finalizar o processo em toda a \u00e1rea, enx\u00e1gue cuidadosamente o piso para remover completamente res\u00edduos de p\u00f3 ou lama.<\/p>\n<\/li>\n<li data-section-id=\"1rhbhhk\" data-start=\"1699\" data-end=\"1790\">\n<p data-start=\"1701\" data-end=\"1790\">Recomenda-se realizar a lavagem utilizando \u00e1gua limpa com detergente alcalino adequado.<\/p>\n<\/li>\n<li data-section-id=\"btqqkd\" data-start=\"1791\" data-end=\"1847\">\n<p data-start=\"1793\" data-end=\"1847\">Deixe a superf\u00edcie secar completamente ap\u00f3s a limpeza.<\/p>\n<\/li>\n<\/ul>\n<hr \/>\n<h5 class=\"no-margin\">Rendimento<\/h5>\n<hr \/>\n<p>1 kg de produto pode polir aproximadamente entre 40 e 50 m\u00b2, dependendo do n\u00edvel de desgaste do piso.<\/p>\n<hr \/>\n<h5 class=\"no-margin\">Downloads<\/h5>\n<hr \/>\n<ul>\n<li><strong><a href=\"http:\/\/bellinzoni.net\/2017\/produto\/super-crystal-marmore\/#\" target=\"_blank\" rel=\"noopener noreferrer\">Ficha T\u00e9cnica do Produto<\/a><\/strong><\/li>\n<li><strong><a href=\"http:\/\/bellinzoni.net\/fichas_tecnicas\/Super%20Crystal%20Powder%20Marmo-FISPQ-BLZ128.pdf\" target=\"_blank\" rel=\"noopener noreferrer\">Ficha de Seguran\u00e7a \u2013\u00a0FISPQ<\/a><\/strong><\/li>\n<\/ul>\n","protected":false},"excerpt":{"rendered":"<p>P\u00f3 para polimento final ou retoque de pisos de m\u00e1rmore, m\u00e1rmore aglomerado, m\u00e1rmore, terra\u00e7o e pedra calc\u00e1ria. O produto funciona apenas em materiais de calc\u00e1rio. SUPER CRYSTAL endurece a superf\u00edcie e protege-a contra arranh\u00f5es e rachaduras, dando um brilho Duradouro \u00a0e restaurando a beleza do material. \u00c9 o produto ideal para restaurar pisos desgastados ou sem brilho. O SUPER CRYSTAL tamb\u00e9m permite endurecer a superf\u00edcie sujeita ao tr\u00e1fego intenso.<\/p>\n","protected":false},"featured_media":1002441,"template":"","meta":[],"product_brand":[],"product_cat":[74],"product_tag":[],"class_list":{"0":"post-1000240","1":"product","2":"type-product","3":"status-publish","4":"has-post-thumbnail","6":"product_cat-profissional","8":"first","9":"instock","10":"virtual","11":"product-type-simple"},"_links":{"self":[{"href":"https:\/\/bellinzoni.net\/pt\/wp-json\/wp\/v2\/product\/1000240","targetHints":{"allow":["GET"]}}],"collection":[{"href":"https:\/\/bellinzoni.net\/pt\/wp-json\/wp\/v2\/product"}],"about":[{"href":"https:\/\/bellinzoni.net\/pt\/wp-json\/wp\/v2\/types\/product"}],"version-history":[{"count":4,"href":"https:\/\/bellinzoni.net\/pt\/wp-json\/wp\/v2\/product\/1000240\/revisions"}],"predecessor-version":[{"id":1002010,"href":"https:\/\/bellinzoni.net\/pt\/wp-json\/wp\/v2\/product\/1000240\/revisions\/1002010"}],"wp:featuredmedia":[{"embeddable":true,"href":"https:\/\/bellinzoni.net\/pt\/wp-json\/wp\/v2\/media\/1002441"}],"wp:attachment":[{"href":"https:\/\/bellinzoni.net\/pt\/wp-json\/wp\/v2\/media?parent=1000240"}],"wp:term":[{"taxonomy":"product_brand","embeddable":true,"href":"https:\/\/bellinzoni.net\/pt\/wp-json\/wp\/v2\/product_brand?post=1000240"},{"taxonomy":"product_cat","embeddable":true,"href":"https:\/\/bellinzoni.net\/pt\/wp-json\/wp\/v2\/product_cat?post=1000240"},{"taxonomy":"product_tag","embeddable":true,"href":"https:\/\/bellinzoni.net\/pt\/wp-json\/wp\/v2\/product_tag?post=1000240"}],"curies":[{"name":"wp","href":"https:\/\/api.w.org\/{rel}","templated":true}]}}