{"id":1000241,"date":"2026-01-28T20:33:25","date_gmt":"2026-01-28T20:33:25","guid":{"rendered":"https:\/\/bellinzoni.net\/pt\/?post_type=product&#038;p=1000241"},"modified":"2026-03-26T18:48:37","modified_gmt":"2026-03-26T18:48:37","slug":"polish-extra","status":"publish","type":"product","link":"https:\/\/bellinzoni.net\/pt\/produto\/polish-extra\/","title":{"rendered":"Polish Extra"},"content":{"rendered":"<p class=\"no-margin\">C\u00f3digo do Produto: 1 kg \u2013 000510<\/p>\n<hr \/>\n<h5 class=\"no-margin\">Superf\u00edcies de Aplica\u00e7\u00e3o<\/h5>\n<hr \/>\n<ul>\n<li>M\u00e1rmore<\/li>\n<\/ul>\n<hr \/>\n<h5 class=\"no-margin\">Instru\u00e7\u00f5es de Uso<\/h5>\n<hr \/>\n<p data-start=\"541\" data-end=\"569\"><strong data-start=\"541\" data-end=\"569\">Prepara\u00e7\u00e3o da superf\u00edcie<\/strong><\/p>\n<ul data-start=\"571\" data-end=\"654\">\n<li data-section-id=\"wovg2y\" data-start=\"571\" data-end=\"654\">\n<p data-start=\"573\" data-end=\"654\">A superf\u00edcie deve estar completamente limpa e seca antes da aplica\u00e7\u00e3o do produto.<\/p>\n<\/li>\n<\/ul>\n<p data-start=\"656\" data-end=\"680\"><strong data-start=\"656\" data-end=\"680\">Aplica\u00e7\u00e3o do produto<\/strong><\/p>\n<ul data-start=\"682\" data-end=\"876\">\n<li data-section-id=\"17wd77d\" data-start=\"682\" data-end=\"808\">\n<p data-start=\"684\" data-end=\"808\">Espalhe o produto sobre a superf\u00edcie a ser tratada, trabalhando sempre em pequenas \u00e1reas para melhor controle do processo.<\/p>\n<\/li>\n<li data-section-id=\"vvi7dv\" data-start=\"809\" data-end=\"876\">\n<p data-start=\"811\" data-end=\"876\">Umede\u00e7a levemente o produto com aux\u00edlio de um borrifador de \u00e1gua.<\/p>\n<\/li>\n<\/ul>\n<p data-start=\"878\" data-end=\"891\"><strong data-start=\"878\" data-end=\"891\">Polimento<\/strong><\/p>\n<ul data-start=\"893\" data-end=\"1094\">\n<li data-section-id=\"1rwkgin\" data-start=\"893\" data-end=\"987\">\n<p data-start=\"895\" data-end=\"987\">Realize o polimento utilizando enceradeira equipada com disco Scotch Brite branco ou bege.<\/p>\n<\/li>\n<li data-section-id=\"qbb2vu\" data-start=\"988\" data-end=\"1094\">\n<p data-start=\"990\" data-end=\"1094\">Durante o processo, mantenha o produto levemente \u00famido sobre a superf\u00edcie para evitar fric\u00e7\u00e3o excessiva.<\/p>\n<\/li>\n<\/ul>\n<p data-start=\"1096\" data-end=\"1110\"><strong data-start=\"1096\" data-end=\"1110\">Observa\u00e7\u00e3o<\/strong><\/p>\n<ul data-start=\"1112\" data-end=\"1239\">\n<li data-section-id=\"1nslyh8\" data-start=\"1112\" data-end=\"1239\">\n<p data-start=\"1114\" data-end=\"1239\">Em superf\u00edcies de m\u00e1rmore com alta porosidade, pode ser necess\u00e1rio repetir o procedimento para alcan\u00e7ar o resultado desejado.<\/p>\n<\/li>\n<\/ul>\n<p data-start=\"1241\" data-end=\"1256\"><strong data-start=\"1241\" data-end=\"1256\">Finaliza\u00e7\u00e3o<\/strong><\/p>\n<ul data-start=\"1258\" data-end=\"1383\">\n<li data-section-id=\"1saw0f2\" data-start=\"1258\" data-end=\"1383\">\n<p data-start=\"1260\" data-end=\"1383\">Ap\u00f3s o t\u00e9rmino do polimento, recomenda-se lavar a superf\u00edcie com detergente neutro Lem 3 para remover res\u00edduos do processo.<\/p>\n<\/li>\n<\/ul>\n<hr \/>\n<h5 class=\"no-margin\">Rendimento<\/h5>\n<hr \/>\n<p>1 kg rende aproximadamente 30 m\u00b2, podendo variar conforme a porosidade do material.<\/p>\n<hr \/>\n<h5 class=\"no-margin\">Downloads<\/h5>\n<hr \/>\n<ul>\n<li><strong><a href=\"http:\/\/bellinzoni.net\/fichas_tecnicas\/polish_extra.pdf\" target=\"_blank\" rel=\"noopener noreferrer\">Ficha T\u00e9cnica do Produto<\/a><\/strong><\/li>\n<li><strong><a href=\"http:\/\/bellinzoni.net\/fispqs\/Polish%20Extra-FISPQ-BLZ076.pdf\" target=\"_blank\" rel=\"noopener noreferrer\">Ficha de Seguran\u00e7a \u2013\u00a0FISPQ<\/a><\/strong><\/li>\n<\/ul>\n","protected":false},"excerpt":{"rendered":"<p>Polish Extra \u00e9 um p\u00f3 especialmente desenvolvido para polimento profissional em superf\u00edcies de m\u00e1rmores. Deve ser utilizado como polimento final para fechamento da porosidade do material e intensifica\u00e7\u00e3o de brilho. Pode ajudar na redu\u00e7\u00e3o de custo do polimento uma vez que, dependendo do m\u00e1rmore, ele pode substituir o ultimo gr\u00e3o de diamantado usado para polir.<\/p>\n","protected":false},"featured_media":1002440,"template":"","meta":[],"product_brand":[],"product_cat":[74],"product_tag":[],"class_list":{"0":"post-1000241","1":"product","2":"type-product","3":"status-publish","4":"has-post-thumbnail","6":"product_cat-profissional","8":"first","9":"instock","10":"virtual","11":"product-type-simple"},"_links":{"self":[{"href":"https:\/\/bellinzoni.net\/pt\/wp-json\/wp\/v2\/product\/1000241","targetHints":{"allow":["GET"]}}],"collection":[{"href":"https:\/\/bellinzoni.net\/pt\/wp-json\/wp\/v2\/product"}],"about":[{"href":"https:\/\/bellinzoni.net\/pt\/wp-json\/wp\/v2\/types\/product"}],"version-history":[{"count":5,"href":"https:\/\/bellinzoni.net\/pt\/wp-json\/wp\/v2\/product\/1000241\/revisions"}],"predecessor-version":[{"id":1002439,"href":"https:\/\/bellinzoni.net\/pt\/wp-json\/wp\/v2\/product\/1000241\/revisions\/1002439"}],"wp:featuredmedia":[{"embeddable":true,"href":"https:\/\/bellinzoni.net\/pt\/wp-json\/wp\/v2\/media\/1002440"}],"wp:attachment":[{"href":"https:\/\/bellinzoni.net\/pt\/wp-json\/wp\/v2\/media?parent=1000241"}],"wp:term":[{"taxonomy":"product_brand","embeddable":true,"href":"https:\/\/bellinzoni.net\/pt\/wp-json\/wp\/v2\/product_brand?post=1000241"},{"taxonomy":"product_cat","embeddable":true,"href":"https:\/\/bellinzoni.net\/pt\/wp-json\/wp\/v2\/product_cat?post=1000241"},{"taxonomy":"product_tag","embeddable":true,"href":"https:\/\/bellinzoni.net\/pt\/wp-json\/wp\/v2\/product_tag?post=1000241"}],"curies":[{"name":"wp","href":"https:\/\/api.w.org\/{rel}","templated":true}]}}