{"id":1000245,"date":"2026-01-28T20:33:26","date_gmt":"2026-01-28T20:33:26","guid":{"rendered":"https:\/\/bellinzoni.net\/pt\/?post_type=product&#038;p=1000245"},"modified":"2026-03-18T15:57:12","modified_gmt":"2026-03-18T15:57:12","slug":"papa-manchas-liquido","status":"publish","type":"product","link":"https:\/\/bellinzoni.net\/pt\/produto\/papa-manchas-liquido\/","title":{"rendered":"Papa Manchas L\u00edquido"},"content":{"rendered":"<p data-start=\"269\" data-end=\"319\"><strong data-start=\"269\" data-end=\"282\">Descri\u00e7\u00e3o<\/strong><br data-start=\"282\" data-end=\"285\" \/>C\u00f3digo do Produto: 900 ml \u2013 001833<\/p>\n<hr data-start=\"321\" data-end=\"324\" \/>\n<p data-start=\"326\" data-end=\"419\"><strong data-start=\"326\" data-end=\"354\">Superf\u00edcies de Aplica\u00e7\u00e3o<\/strong><br data-start=\"354\" data-end=\"357\" \/>Porcelanato<br data-start=\"368\" data-end=\"371\" \/>M\u00e1rmore<br data-start=\"378\" data-end=\"381\" \/>Cer\u00e2mica<br data-start=\"389\" data-end=\"392\" \/>Granito<br data-start=\"399\" data-end=\"402\" \/>Pedras em Geral<\/p>\n<hr data-start=\"421\" data-end=\"424\" \/>\n<p data-start=\"426\" data-end=\"447\"><strong data-start=\"426\" data-end=\"447\">Instru\u00e7\u00f5es de Uso<\/strong><\/p>\n<p data-start=\"449\" data-end=\"461\"><strong data-start=\"449\" data-end=\"461\">Dilui\u00e7\u00e3o<\/strong><\/p>\n<p data-start=\"463\" data-end=\"592\">O produto pode ser utilizado puro ou dilu\u00eddo em at\u00e9 10 partes de \u00e1gua, conforme o tipo de mancha e a sensibilidade da superf\u00edcie.<\/p>\n<hr data-start=\"594\" data-end=\"597\" \/>\n<p data-start=\"599\" data-end=\"623\"><strong data-start=\"599\" data-end=\"623\">Aplica\u00e7\u00e3o do produto<\/strong><\/p>\n<p data-start=\"625\" data-end=\"721\">Aplique diretamente sobre a mancha e deixe agir por at\u00e9 30 minutos (n\u00e3o ultrapassar esse tempo).<\/p>\n<hr data-start=\"723\" data-end=\"726\" \/>\n<p data-start=\"728\" data-end=\"739\"><strong data-start=\"728\" data-end=\"739\">Remo\u00e7\u00e3o<\/strong><\/p>\n<p data-start=\"741\" data-end=\"802\">Remova o produto com \u00e1gua limpa, enxaguando bem a superf\u00edcie.<\/p>\n<hr data-start=\"804\" data-end=\"807\" \/>\n<p data-start=\"809\" data-end=\"824\"><strong data-start=\"809\" data-end=\"824\">Reaplica\u00e7\u00e3o<\/strong><\/p>\n<p data-start=\"826\" data-end=\"892\">Se necess\u00e1rio, repita a opera\u00e7\u00e3o at\u00e9 atingir o resultado desejado.<\/p>\n<hr data-start=\"894\" data-end=\"897\" \/>\n<p data-start=\"899\" data-end=\"910\"><strong data-start=\"899\" data-end=\"910\">Aten\u00e7\u00e3o<\/strong><\/p>\n<p data-start=\"912\" data-end=\"1038\">Em m\u00e1rmores, limestone lustrados e outros materiais de base calc\u00e1ria com acabamento polido, <strong data-start=\"1004\" data-end=\"1035\">n\u00e3o utilizar o produto puro<\/strong>.<\/p>\n<p data-start=\"1040\" data-end=\"1174\">Diluir em no m\u00ednimo 5 partes de \u00e1gua, realizar teste em pequena \u00e1rea e, se necess\u00e1rio, aumentar a dilui\u00e7\u00e3o para at\u00e9 10 partes de \u00e1gua.<\/p>\n<hr data-start=\"1176\" data-end=\"1179\" \/>\n<p data-start=\"1181\" data-end=\"1195\"><strong data-start=\"1181\" data-end=\"1195\">Observa\u00e7\u00e3o<\/strong><\/p>\n<p data-start=\"1197\" data-end=\"1289\">A efic\u00e1cia da remo\u00e7\u00e3o depende da porosidade do material e do tempo de impregna\u00e7\u00e3o da mancha.<\/p>\n<hr data-start=\"1291\" data-end=\"1294\" \/>\n<p data-start=\"1296\" data-end=\"1310\"><strong data-start=\"1296\" data-end=\"1310\">Rendimento<\/strong><\/p>\n<p data-start=\"1312\" data-end=\"1390\" data-is-last-node=\"\" data-is-only-node=\"\">O rendimento varia conforme o tipo e intensidade das manchas a serem tratadas.<\/p>\n<hr \/>\n<h5 class=\"no-margin\">Downloads<\/h5>\n<hr \/>\n<ul>\n<li><strong><a href=\"http:\/\/bellinzoni.net\/fichas_tecnicas\/papa_manchas_liquido.pdf\" target=\"_blank\" rel=\"noopener noreferrer\">Ficha T\u00e9cnica do Produto<\/a><\/strong><\/li>\n<li><strong><a href=\"http:\/\/bellinzoni.net\/fispq\/FISPQ-BLZ001-Papa%20Manchas%20L%C3%ADq.pdf\" target=\"_blank\" rel=\"noopener noreferrer\">Ficha de Seguran\u00e7a \u2013\u00a0FISPQ<\/a><\/strong><\/li>\n<\/ul>\n","protected":false},"excerpt":{"rendered":"<p>Remove manchas de vinho, caf\u00e9, chocolate, refrigerantes, tintas para cabelos, sucos de frutas, v\u00e1rios tipos de corantes provenientes de tomate, mostarda, madeira entre outros.<\/p>\n","protected":false},"featured_media":1001852,"template":"","meta":[],"product_brand":[],"product_cat":[74],"product_tag":[],"class_list":{"0":"post-1000245","1":"product","2":"type-product","3":"status-publish","4":"has-post-thumbnail","6":"product_cat-profissional","8":"first","9":"instock","10":"virtual","11":"product-type-simple"},"_links":{"self":[{"href":"https:\/\/bellinzoni.net\/pt\/wp-json\/wp\/v2\/product\/1000245","targetHints":{"allow":["GET"]}}],"collection":[{"href":"https:\/\/bellinzoni.net\/pt\/wp-json\/wp\/v2\/product"}],"about":[{"href":"https:\/\/bellinzoni.net\/pt\/wp-json\/wp\/v2\/types\/product"}],"version-history":[{"count":3,"href":"https:\/\/bellinzoni.net\/pt\/wp-json\/wp\/v2\/product\/1000245\/revisions"}],"predecessor-version":[{"id":1002192,"href":"https:\/\/bellinzoni.net\/pt\/wp-json\/wp\/v2\/product\/1000245\/revisions\/1002192"}],"wp:featuredmedia":[{"embeddable":true,"href":"https:\/\/bellinzoni.net\/pt\/wp-json\/wp\/v2\/media\/1001852"}],"wp:attachment":[{"href":"https:\/\/bellinzoni.net\/pt\/wp-json\/wp\/v2\/media?parent=1000245"}],"wp:term":[{"taxonomy":"product_brand","embeddable":true,"href":"https:\/\/bellinzoni.net\/pt\/wp-json\/wp\/v2\/product_brand?post=1000245"},{"taxonomy":"product_cat","embeddable":true,"href":"https:\/\/bellinzoni.net\/pt\/wp-json\/wp\/v2\/product_cat?post=1000245"},{"taxonomy":"product_tag","embeddable":true,"href":"https:\/\/bellinzoni.net\/pt\/wp-json\/wp\/v2\/product_tag?post=1000245"}],"curies":[{"name":"wp","href":"https:\/\/api.w.org\/{rel}","templated":true}]}}