{"id":1000259,"date":"2026-02-13T20:33:49","date_gmt":"2026-02-13T20:33:49","guid":{"rendered":"https:\/\/bellinzoni.net\/pt\/?post_type=product&#038;p=1000259"},"modified":"2026-03-25T18:38:26","modified_gmt":"2026-03-25T18:38:26","slug":"remoxi","status":"publish","type":"product","link":"https:\/\/bellinzoni.net\/pt\/produto\/remoxi\/","title":{"rendered":"Remoxi"},"content":{"rendered":"<p class=\"no-margin\">C\u00f3digo do Produto: 300 g \u2013 001819<\/p>\n<hr \/>\n<h5 class=\"no-margin\">Superf\u00edcies de Aplica\u00e7\u00e3o<\/h5>\n<hr \/>\n<ul>\n<li>Porcelanato<\/li>\n<li>Cer\u00e2mica<\/li>\n<li>M\u00e1rmore<\/li>\n<li>Granito<\/li>\n<\/ul>\n<hr \/>\n<h5 class=\"no-margin\">Instru\u00e7\u00f5es de Uso<\/h5>\n<hr \/>\n<p>Aplique Remoxi diretamente sobre o excesso do rejunte ep\u00f3xi, e deixe agir no m\u00ednimo 1 hora. O tempo de a\u00e7\u00e3o do produto pode variar dependendo da espessura da camada do excesso do rejunte e do tempo que o excesso est\u00e1 sobre a superf\u00edcie. Ap\u00f3s o tempo de a\u00e7\u00e3o do Remoxi, esfregue com \u00e1gua e acess\u00f3rio compat\u00edvel com a textura do material tendo mais cuidado com superf\u00edcies polidas. Caso seja necess\u00e1rio, repita a opera\u00e7\u00e3o. Aten\u00e7\u00e3o: o tempo m\u00e1ximo de a\u00e7\u00e3o do Remoxi sobre a superf\u00edcie n\u00e3o pode ultrapassar 24 horas. Ap\u00f3s o enxague do material, \u00e9 normal que o local onde o produto agiu, fique aparentemente \u00famido, essa umidade evapora voltando a superf\u00edcie \u00e0 sua tonalidade natural.<\/p>\n<hr \/>\n<h5 class=\"no-margin\">Rendimento<\/h5>\n<hr \/>\n<p>O rendimento do produto depende da intensidade e do tipo de manchas para limpar.<\/p>\n<hr \/>\n<h5 class=\"no-margin\">Downloads<\/h5>\n<hr \/>\n<ul>\n<li><strong><a href=\"http:\/\/bellinzoni.net\/fichas_tecnicas\/remoxi.pdf\" target=\"_blank\" rel=\"noopener noreferrer\">Ficha T\u00e9cnica do Produto<\/a><\/strong><\/li>\n<li><strong><a href=\"http:\/\/bellinzoni.net\/fispqs\/Remoxi.FISPQ-BLZ033.pdf\" target=\"_blank\" rel=\"noopener noreferrer\">Ficha de Seguran\u00e7a \u2013\u00a0FISPQ<\/a><\/strong><\/li>\n<\/ul>\n","protected":false},"excerpt":{"rendered":"<h5 class=\"no-margin\"><\/h5>\n<p>Produto revolucion\u00e1rio, em gel e inodoro, indicado para remo\u00e7\u00e3o de excesso de rejunte ep\u00f3xi utilizado em rejuntamento de cer\u00e2micas, porcelanatos, m\u00e1rmores e granitos. Remove o excesso do rejunte ep\u00f3xi sem agredir o material.<\/p>\n","protected":false},"featured_media":1002410,"template":"","meta":[],"product_brand":[],"product_cat":[74],"product_tag":[],"class_list":{"0":"post-1000259","1":"product","2":"type-product","3":"status-publish","4":"has-post-thumbnail","6":"product_cat-profissional","8":"first","9":"instock","10":"virtual","11":"product-type-simple"},"_links":{"self":[{"href":"https:\/\/bellinzoni.net\/pt\/wp-json\/wp\/v2\/product\/1000259","targetHints":{"allow":["GET"]}}],"collection":[{"href":"https:\/\/bellinzoni.net\/pt\/wp-json\/wp\/v2\/product"}],"about":[{"href":"https:\/\/bellinzoni.net\/pt\/wp-json\/wp\/v2\/types\/product"}],"version-history":[{"count":4,"href":"https:\/\/bellinzoni.net\/pt\/wp-json\/wp\/v2\/product\/1000259\/revisions"}],"predecessor-version":[{"id":1001878,"href":"https:\/\/bellinzoni.net\/pt\/wp-json\/wp\/v2\/product\/1000259\/revisions\/1001878"}],"wp:featuredmedia":[{"embeddable":true,"href":"https:\/\/bellinzoni.net\/pt\/wp-json\/wp\/v2\/media\/1002410"}],"wp:attachment":[{"href":"https:\/\/bellinzoni.net\/pt\/wp-json\/wp\/v2\/media?parent=1000259"}],"wp:term":[{"taxonomy":"product_brand","embeddable":true,"href":"https:\/\/bellinzoni.net\/pt\/wp-json\/wp\/v2\/product_brand?post=1000259"},{"taxonomy":"product_cat","embeddable":true,"href":"https:\/\/bellinzoni.net\/pt\/wp-json\/wp\/v2\/product_cat?post=1000259"},{"taxonomy":"product_tag","embeddable":true,"href":"https:\/\/bellinzoni.net\/pt\/wp-json\/wp\/v2\/product_tag?post=1000259"}],"curies":[{"name":"wp","href":"https:\/\/api.w.org\/{rel}","templated":true}]}}