{"id":1000261,"date":"2026-01-28T20:33:49","date_gmt":"2026-01-28T20:33:49","guid":{"rendered":"https:\/\/bellinzoni.net\/pt\/?post_type=product&#038;p=1000261"},"modified":"2026-03-04T13:59:20","modified_gmt":"2026-03-04T13:59:20","slug":"porosil","status":"publish","type":"product","link":"https:\/\/bellinzoni.net\/pt\/produto\/porosil\/","title":{"rendered":"Porosil"},"content":{"rendered":"<p class=\"no-margin\">C\u00f3digo do Produto: Incolor 900ml \u2013 001611 | Incolor 5lt \u2013 000577 | Incolor 20lt \u2013 000573 | Preto 900ml \u2013 001610 | Preto 5lt \u2013 000584 | Preto 20lt \u2013 000582<\/p>\n<hr \/>\n<h5 class=\"no-margin\">Superf\u00edcies de Aplica\u00e7\u00e3o<\/h5>\n<hr \/>\n<ul>\n<li>M\u00e1rmore<\/li>\n<li>Granito<\/li>\n<li>Pedras em Geral<\/li>\n<\/ul>\n<hr \/>\n<h5 class=\"no-margin\">Finalidade<\/h5>\n<hr \/>\n<p>Produto que ativa a cor dos m\u00e1rmores e granitos. Seu poder de penetra\u00e7\u00e3o elimina os defeitos do material, como, por exemplo, \u201cp\u00e9s-de-galinha\u201d e protege contra \u00e1gua. N\u00e3o forma pel\u00edcula no material tratado.<\/p>\n<hr \/>\n<h5 class=\"no-margin\">Instru\u00e7\u00f5es de Uso<\/h5>\n<hr \/>\n<p>A superf\u00edcie a receber a aplica\u00e7\u00e3o deve estar limpa e seca. Devem ser removidas eventuais sujeiras, mofos e incrusta\u00e7\u00f5es.<\/p>\n<p><strong>Aplica\u00e7\u00e3o autom\u00e1tica sobre chapas e modulados:<\/strong>\u00a0Utilizar POROSIL com m\u00e1quina (tipo enceradeira) fazendo cair gotas do produto nas chapas e n\u00e3o distribuir homogeneamente utilizando escovas. No final o produto seca e as pe\u00e7as podem ser estocadas na posi\u00e7\u00e3o vertical.<\/p>\n<p><strong>Aplica\u00e7\u00e3o manual sobre chapas e modulados:<\/strong>\u00a0Aplicar o produto em pequena quantidade sobre a superf\u00edcie em plano horizontal e espalhar homogeneamente com papel absorvente ou pano branco e limpo. Ap\u00f3s 30 a 60 segundos, retirar o excesso do produto com papel absorvente. As pe\u00e7as podem ser movimentadas e trabalhadas logo ap\u00f3s a aplica\u00e7\u00e3o sem comprometer o resultado final. A consolida\u00e7\u00e3o do produto sobre o material acontece num prazo de 4 a 5 dias ap\u00f3s o tratamento.<\/p>\n<p><strong>Aplica\u00e7\u00e3o em pisos:<\/strong>\u00a0Aplicar o produto em pequena quantidade sobre a superf\u00edcie e espalhar com um pano branco e limpo de algod\u00e3o ou com papel absorvente (toalha). Dar acabamento com o pano ou enceradeira equipada com escova de pano. Aconselha-se tratar o piso em linhas de aproximadamente 200 x 50cm, para maior comodidade no trabalho.<\/p>\n<h6 class=\"pi-has-bg pi-weight-700 pi-uppercase pi-margin-bottom-20\">COLORA\u00c7\u00c3O<\/h6>\n<p>POROSIL pode ser pigmentado utilizando-se os pigmentos especiais \u201cPOROCOLOR\u201d para modificar a cor do produto e assim intensificar a cor conforme o material. Para maiores informa\u00e7\u00f5es, consultar a ficha t\u00e9cnica dos corantes \u201cPOROCOLOR\u201d.<\/p>\n<hr \/>\n<h5 class=\"no-margin\">Rendimento<\/h5>\n<hr \/>\n<p>Para aplica\u00e7\u00e3o em m\u00e1rmores e granitos lustrados ou levigados com gr\u00e3o al\u00e9m de 800, com 1 Kg do produto se obt\u00e9m cerca de 20 a 30 m2 de tratamento.<\/p>\n<hr \/>\n<h5 class=\"no-margin\">Downloads<\/h5>\n<hr \/>\n<ul>\n<li><strong><a href=\"http:\/\/bellinzoni.net\/fichas_tecnicas\/porosil.pdf\" target=\"_blank\" rel=\"noopener noreferrer\">Ficha T\u00e9cnica do Produto<\/a><\/strong><\/li>\n<li><strong><a href=\"http:\/\/bellinzoni.net\/fispq\/Porosil-FISPQ-BLZ059l.pdf\" target=\"_blank\" rel=\"noopener noreferrer\">Ficha de Seguran\u00e7a \u2013\u00a0FISPQ<\/a><\/strong><\/li>\n<\/ul>\n","protected":false},"excerpt":{"rendered":"<h5 class=\"no-margin\"><\/h5>\n<p>Produto que ativa a cor dos m\u00e1rmores e granitos. Seu poder de penetra\u00e7\u00e3o elimina os defeitos do material, como, por exemplo, \u201cp\u00e9s-de-galinha\u201d e protege contra \u00e1gua. N\u00e3o forma pel\u00edcula no material tratado.<\/p>\n","protected":false},"featured_media":1001845,"template":"","meta":[],"product_brand":[],"product_cat":[74],"product_tag":[],"class_list":{"0":"post-1000261","1":"product","2":"type-product","3":"status-publish","4":"has-post-thumbnail","6":"product_cat-profissional","8":"first","9":"instock","10":"virtual","11":"product-type-simple"},"_links":{"self":[{"href":"https:\/\/bellinzoni.net\/pt\/wp-json\/wp\/v2\/product\/1000261","targetHints":{"allow":["GET"]}}],"collection":[{"href":"https:\/\/bellinzoni.net\/pt\/wp-json\/wp\/v2\/product"}],"about":[{"href":"https:\/\/bellinzoni.net\/pt\/wp-json\/wp\/v2\/types\/product"}],"version-history":[{"count":2,"href":"https:\/\/bellinzoni.net\/pt\/wp-json\/wp\/v2\/product\/1000261\/revisions"}],"predecessor-version":[{"id":1001635,"href":"https:\/\/bellinzoni.net\/pt\/wp-json\/wp\/v2\/product\/1000261\/revisions\/1001635"}],"wp:featuredmedia":[{"embeddable":true,"href":"https:\/\/bellinzoni.net\/pt\/wp-json\/wp\/v2\/media\/1001845"}],"wp:attachment":[{"href":"https:\/\/bellinzoni.net\/pt\/wp-json\/wp\/v2\/media?parent=1000261"}],"wp:term":[{"taxonomy":"product_brand","embeddable":true,"href":"https:\/\/bellinzoni.net\/pt\/wp-json\/wp\/v2\/product_brand?post=1000261"},{"taxonomy":"product_cat","embeddable":true,"href":"https:\/\/bellinzoni.net\/pt\/wp-json\/wp\/v2\/product_cat?post=1000261"},{"taxonomy":"product_tag","embeddable":true,"href":"https:\/\/bellinzoni.net\/pt\/wp-json\/wp\/v2\/product_tag?post=1000261"}],"curies":[{"name":"wp","href":"https:\/\/api.w.org\/{rel}","templated":true}]}}