{"id":1000262,"date":"2026-01-28T20:33:49","date_gmt":"2026-01-28T20:33:49","guid":{"rendered":"https:\/\/bellinzoni.net\/pt\/?post_type=product&#038;p=1000262"},"modified":"2026-03-18T15:55:22","modified_gmt":"2026-03-18T15:55:22","slug":"papa-manchas","status":"publish","type":"product","link":"https:\/\/bellinzoni.net\/pt\/produto\/papa-manchas\/","title":{"rendered":"Papa Manchas"},"content":{"rendered":"<div class=\"flex flex-col text-sm pb-25\">\n<section class=\"text-token-text-primary w-full focus:outline-none [--shadow-height:45px] has-data-writing-block:pointer-events-none has-data-writing-block:-mt-(--shadow-height) has-data-writing-block:pt-(--shadow-height) [&amp;:has([data-writing-block])&gt;*]:pointer-events-auto scroll-mt-[calc(var(--header-height)+min(200px,max(70px,20svh)))]\" dir=\"auto\" data-turn-id=\"request-69b7f979-be64-8329-a0b1-b177f97d4070-11\" data-testid=\"conversation-turn-236\" data-scroll-anchor=\"true\" data-turn=\"assistant\">\n<div class=\"text-base my-auto mx-auto pb-10 [--thread-content-margin:var(--thread-content-margin-xs,calc(var(--spacing)*4))] @w-sm\/main:[--thread-content-margin:var(--thread-content-margin-sm,calc(var(--spacing)*6))] @w-lg\/main:[--thread-content-margin:var(--thread-content-margin-lg,calc(var(--spacing)*16))] px-(--thread-content-margin)\">\n<div class=\"[--thread-content-max-width:40rem] @w-lg\/main:[--thread-content-max-width:48rem] mx-auto max-w-(--thread-content-max-width) flex-1 group\/turn-messages focus-visible:outline-hidden relative flex w-full min-w-0 flex-col agent-turn\">\n<div class=\"flex max-w-full flex-col gap-4 grow\">\n<div class=\"min-h-8 text-message relative flex w-full flex-col items-end gap-2 text-start break-words whitespace-normal outline-none keyboard-focused:focus-ring [.text-message+&amp;]:mt-1\" dir=\"auto\" tabindex=\"0\" data-message-author-role=\"assistant\" data-message-id=\"1bc55f5b-272b-4055-83e5-c4e05aaa6583\" data-message-model-slug=\"gpt-5-3\" data-turn-start-message=\"true\">\n<div class=\"flex w-full flex-col gap-1 empty:hidden\">\n<div class=\"markdown prose dark:prose-invert w-full wrap-break-word dark markdown-new-styling\">\n<p data-start=\"243\" data-end=\"293\"><strong data-start=\"243\" data-end=\"256\">Descri\u00e7\u00e3o<\/strong><br data-start=\"256\" data-end=\"259\" \/>C\u00f3digo do Produto: 250 ml \u2013 000843<\/p>\n<hr data-start=\"295\" data-end=\"298\" \/>\n<p data-start=\"300\" data-end=\"402\"><strong data-start=\"300\" data-end=\"328\">Superf\u00edcies de Aplica\u00e7\u00e3o<\/strong><br data-start=\"328\" data-end=\"331\" \/>Porcelanato<br data-start=\"342\" data-end=\"345\" \/>M\u00e1rmore<br data-start=\"352\" data-end=\"355\" \/>Cer\u00e2mica<br data-start=\"363\" data-end=\"366\" \/>Granito<br data-start=\"373\" data-end=\"376\" \/>Pedra Calc\u00e1ria<br data-start=\"390\" data-end=\"393\" \/>Ard\u00f3sia<\/p>\n<hr data-start=\"404\" data-end=\"407\" \/>\n<p data-start=\"409\" data-end=\"430\"><strong data-start=\"409\" data-end=\"430\">Instru\u00e7\u00f5es de Uso<\/strong><\/p>\n<p data-start=\"432\" data-end=\"456\"><strong data-start=\"432\" data-end=\"456\">Aplica\u00e7\u00e3o do produto<\/strong><\/p>\n<p data-start=\"458\" data-end=\"563\">Aplique o produto formando uma camada de aproximadamente 5 mm de espessura, cobrindo totalmente a mancha.<\/p>\n<hr data-start=\"565\" data-end=\"568\" \/>\n<p data-start=\"570\" data-end=\"587\"><strong data-start=\"570\" data-end=\"587\">Tempo de a\u00e7\u00e3o<\/strong><\/p>\n<p data-start=\"589\" data-end=\"649\">Deixe o produto agir por 2 a 3 horas at\u00e9 a completa secagem.<\/p>\n<hr data-start=\"651\" data-end=\"654\" \/>\n<p data-start=\"656\" data-end=\"667\"><strong data-start=\"656\" data-end=\"667\">Remo\u00e7\u00e3o<\/strong><\/p>\n<p data-start=\"669\" data-end=\"732\">Ap\u00f3s seco, remova o produto com aux\u00edlio de pano seco ou pincel.<\/p>\n<hr data-start=\"734\" data-end=\"737\" \/>\n<p data-start=\"739\" data-end=\"754\"><strong data-start=\"739\" data-end=\"754\">Reaplica\u00e7\u00e3o<\/strong><\/p>\n<p data-start=\"756\" data-end=\"822\">Se necess\u00e1rio, repita a opera\u00e7\u00e3o at\u00e9 a remo\u00e7\u00e3o completa da mancha.<\/p>\n<hr data-start=\"824\" data-end=\"827\" \/>\n<p data-start=\"829\" data-end=\"843\"><strong data-start=\"829\" data-end=\"843\">Observa\u00e7\u00e3o<\/strong><\/p>\n<p data-start=\"845\" data-end=\"906\">Manter o produto sempre em sua embalagem original ap\u00f3s o uso.<\/p>\n<hr data-start=\"908\" data-end=\"911\" \/>\n<p data-start=\"913\" data-end=\"927\"><strong data-start=\"913\" data-end=\"927\">Rendimento<\/strong><\/p>\n<p data-start=\"929\" data-end=\"1015\" data-is-last-node=\"\" data-is-only-node=\"\">O rendimento varia de acordo com o tipo e a intensidade das manchas a serem removidas.<\/p>\n<\/div>\n<\/div>\n<\/div>\n<\/div>\n<\/div>\n<\/div>\n<\/section>\n<\/div>\n<hr \/>\n<h5 class=\"no-margin\">Downloads<\/h5>\n<hr \/>\n<ul>\n<li><strong><a href=\"http:\/\/bellinzoni.net\/fichas_tecnicas\/spot-remover.pdf\" target=\"_blank\" rel=\"noopener noreferrer\">Ficha T\u00e9cnica do Produto<\/a><\/strong><\/li>\n<li><strong><a href=\"http:\/\/bellinzoni.net\/fispqs\/Papa%20Manchas%20Pasta%20NOVA-FISPQ-BLZ085.pdf\" target=\"_blank\" rel=\"noopener noreferrer\">Ficha de Seguran\u00e7a \u2013\u00a0FISPQ<\/a><\/strong><\/li>\n<\/ul>\n","protected":false},"excerpt":{"rendered":"<p>O Papa Manchas Spot Remover remove manchas de \u00f3leo, graxa, caf\u00e9, ketchup e etc. Sua nova composi\u00e7\u00e3o qu\u00edmica favorece ainda mais a absor\u00e7\u00e3o das manchas mais dif\u00edceis. Pode ser usado em m\u00e1rmores, granitos, pedras calc\u00e1rias, ard\u00f3sia, cer\u00e2micas e porcelanatos.<\/p>\n","protected":false},"featured_media":1001843,"template":"","meta":[],"product_brand":[],"product_cat":[74],"product_tag":[],"class_list":{"0":"post-1000262","1":"product","2":"type-product","3":"status-publish","4":"has-post-thumbnail","6":"product_cat-profissional","8":"first","9":"instock","10":"virtual","11":"product-type-simple"},"_links":{"self":[{"href":"https:\/\/bellinzoni.net\/pt\/wp-json\/wp\/v2\/product\/1000262","targetHints":{"allow":["GET"]}}],"collection":[{"href":"https:\/\/bellinzoni.net\/pt\/wp-json\/wp\/v2\/product"}],"about":[{"href":"https:\/\/bellinzoni.net\/pt\/wp-json\/wp\/v2\/types\/product"}],"version-history":[{"count":3,"href":"https:\/\/bellinzoni.net\/pt\/wp-json\/wp\/v2\/product\/1000262\/revisions"}],"predecessor-version":[{"id":1002191,"href":"https:\/\/bellinzoni.net\/pt\/wp-json\/wp\/v2\/product\/1000262\/revisions\/1002191"}],"wp:featuredmedia":[{"embeddable":true,"href":"https:\/\/bellinzoni.net\/pt\/wp-json\/wp\/v2\/media\/1001843"}],"wp:attachment":[{"href":"https:\/\/bellinzoni.net\/pt\/wp-json\/wp\/v2\/media?parent=1000262"}],"wp:term":[{"taxonomy":"product_brand","embeddable":true,"href":"https:\/\/bellinzoni.net\/pt\/wp-json\/wp\/v2\/product_brand?post=1000262"},{"taxonomy":"product_cat","embeddable":true,"href":"https:\/\/bellinzoni.net\/pt\/wp-json\/wp\/v2\/product_cat?post=1000262"},{"taxonomy":"product_tag","embeddable":true,"href":"https:\/\/bellinzoni.net\/pt\/wp-json\/wp\/v2\/product_tag?post=1000262"}],"curies":[{"name":"wp","href":"https:\/\/api.w.org\/{rel}","templated":true}]}}