{"id":1000264,"date":"2026-01-28T20:33:49","date_gmt":"2026-01-28T20:33:49","guid":{"rendered":"https:\/\/bellinzoni.net\/pt\/?post_type=product&#038;p=1000264"},"modified":"2026-03-04T14:07:27","modified_gmt":"2026-03-04T14:07:27","slug":"intense","status":"publish","type":"product","link":"https:\/\/bellinzoni.net\/pt\/produto\/intense\/","title":{"rendered":"Intense"},"content":{"rendered":"<p class=\"no-margin\">C\u00f3digo do Produto: 900 ml \u2013 003049<\/p>\n<hr \/>\n<h5 class=\"no-margin\">Superf\u00edcies de Aplica\u00e7\u00e3o<\/h5>\n<hr \/>\n<ul>\n<li>M\u00e1rmore<\/li>\n<li>Granito<\/li>\n<\/ul>\n<hr \/>\n<h5 class=\"no-margin\">Finalidade<\/h5>\n<hr \/>\n<p>Intense atua na intensifica\u00e7\u00e3o da cor do material, proporcionando um efeito molhado em materiais brutos. Em materiais lisos ou polidos, Intense atua proporcionando cor e aumentando o lustro da superf\u00edcie.<\/p>\n<hr \/>\n<h5 class=\"no-margin\">Instru\u00e7\u00f5es de Uso<\/h5>\n<hr \/>\n<p>A superf\u00edcie a ser tratada deve estar completamente limpa e seca, livre de poeiras, ceras ou resinas. Recomendamos a limpeza com o detergente Bellinzoni adequado antes da aplica\u00e7\u00e3o do Intense. Aplique o Intense na superf\u00edcie limpa e seca, uniformemente e continuamente, com uma estopa, pano ou rolo de espuma. Em caso de pisos, aguardar 24 horas ap\u00f3s a aplica\u00e7\u00e3o para libera\u00e7\u00e3o ao tr\u00e1fego. N\u00e3o diluir o produto com qualquer solvente ou \u00e1gua. Recomenda-se que se fa\u00e7a sempre um teste antes da aplica\u00e7\u00e3o.<\/p>\n<hr \/>\n<h5 class=\"no-margin\">Downloads<\/h5>\n<hr \/>\n<ul>\n<li><strong><a href=\"http:\/\/bellinzoni.net\/fichas_tecnicas\/intense.pdf\" target=\"_blank\" rel=\"noopener noreferrer\">Ficha T\u00e9cnica do Produto<\/a><\/strong><\/li>\n<li><strong><a href=\"http:\/\/bellinzoni.net\/fispqs\/Intense-FISPQ-BLZ106.pdf\" target=\"_blank\" rel=\"noopener noreferrer\">Ficha de Seguran\u00e7a \u2013\u00a0FISPQ<\/a><\/strong><\/li>\n<\/ul>\n","protected":false},"excerpt":{"rendered":"<h5 class=\"no-margin\"><\/h5>\n<p>Intense atua na intensifica\u00e7\u00e3o da cor do material, proporcionando um efeito molhado em materiais brutos. Em materiais lisos ou polidos, Intense atua proporcionando cor e aumentando o lustro da superf\u00edcie.<\/p>\n","protected":false},"featured_media":1001848,"template":"","meta":[],"product_brand":[],"product_cat":[74],"product_tag":[],"class_list":{"0":"post-1000264","1":"product","2":"type-product","3":"status-publish","4":"has-post-thumbnail","6":"product_cat-profissional","8":"first","9":"instock","10":"virtual","11":"product-type-simple"},"_links":{"self":[{"href":"https:\/\/bellinzoni.net\/pt\/wp-json\/wp\/v2\/product\/1000264","targetHints":{"allow":["GET"]}}],"collection":[{"href":"https:\/\/bellinzoni.net\/pt\/wp-json\/wp\/v2\/product"}],"about":[{"href":"https:\/\/bellinzoni.net\/pt\/wp-json\/wp\/v2\/types\/product"}],"version-history":[{"count":1,"href":"https:\/\/bellinzoni.net\/pt\/wp-json\/wp\/v2\/product\/1000264\/revisions"}],"predecessor-version":[{"id":1001637,"href":"https:\/\/bellinzoni.net\/pt\/wp-json\/wp\/v2\/product\/1000264\/revisions\/1001637"}],"wp:featuredmedia":[{"embeddable":true,"href":"https:\/\/bellinzoni.net\/pt\/wp-json\/wp\/v2\/media\/1001848"}],"wp:attachment":[{"href":"https:\/\/bellinzoni.net\/pt\/wp-json\/wp\/v2\/media?parent=1000264"}],"wp:term":[{"taxonomy":"product_brand","embeddable":true,"href":"https:\/\/bellinzoni.net\/pt\/wp-json\/wp\/v2\/product_brand?post=1000264"},{"taxonomy":"product_cat","embeddable":true,"href":"https:\/\/bellinzoni.net\/pt\/wp-json\/wp\/v2\/product_cat?post=1000264"},{"taxonomy":"product_tag","embeddable":true,"href":"https:\/\/bellinzoni.net\/pt\/wp-json\/wp\/v2\/product_tag?post=1000264"}],"curies":[{"name":"wp","href":"https:\/\/api.w.org\/{rel}","templated":true}]}}