{"id":1000265,"date":"2026-02-13T20:33:49","date_gmt":"2026-02-13T20:33:49","guid":{"rendered":"https:\/\/bellinzoni.net\/pt\/?post_type=product&#038;p=1000265"},"modified":"2026-03-09T18:11:53","modified_gmt":"2026-03-09T18:11:53","slug":"porolux","status":"publish","type":"product","link":"https:\/\/bellinzoni.net\/pt\/produto\/porolux\/","title":{"rendered":"Porolux"},"content":{"rendered":"<p class=\"no-margin\">C\u00f3digo do Produto: Incolor \u2013 000025 | Preto\u2013 000029<\/p>\n<hr \/>\n<h5 class=\"no-margin\">Superf\u00edcies de Aplica\u00e7\u00e3o<\/h5>\n<ul>\n<li>Granito<\/li>\n<\/ul>\n<hr \/>\n<h5 class=\"no-margin\">Finalidade<\/h5>\n<hr \/>\n<p>Porolux \u00e9 um produto que elimina as micros-fissuras do granito real\u00e7ando mais sua cor e proporcionando prote\u00e7\u00e3o contra \u00e1gua e \u00f3leo. Resulta numa superf\u00edcie com maior coeficiente de brilho.<\/p>\n<hr \/>\n<h5 class=\"no-margin\">Instru\u00e7\u00f5es de Uso<\/h5>\n<hr \/>\n<p>A superf\u00edcie a ser tratada deve estar completamente limpa e seca, livre de poeiras, ceras ou resinas. Recomendamos a limpeza com o detergente Bellinzoni adequado antes da aplica\u00e7\u00e3o do Porolux.\u00a0Aplique uma pequena quantidade de Porolux na superf\u00edcie do granito, com aux\u00edlio de uma estopa ou flanela. Espalhe uma camada fina do produto na superf\u00edcie do granito de modo uniforme. Aguarde alguns minutos e proceda ao polimento com flanela ou pano seco.<\/p>\n<hr \/>\n<h5 class=\"no-margin\">Rendimento<\/h5>\n<hr \/>\n<p>900 ml do Porolux, rende aproximadamente, 60 a 80 m2.<\/p>\n<hr \/>\n<h5 class=\"no-margin\">Downloads<\/h5>\n<hr \/>\n<ul>\n<li><strong><a href=\"http:\/\/bellinzoni.net\/fichas_tecnicas\/porolux.pdf\" target=\"_blank\" rel=\"noopener noreferrer\">Ficha T\u00e9cnica do Produto<\/a><\/strong><\/li>\n<li><strong><a href=\"http:\/\/bellinzoni.net\/2017\/produto\/porolux\/#\" target=\"_blank\" rel=\"noopener noreferrer\">Ficha de Seguran\u00e7a \u2013\u00a0FISPQ<\/a><\/strong><\/li>\n<\/ul>\n","protected":false},"excerpt":{"rendered":"<h5 class=\"no-margin\"><\/h5>\n<p>Porolux \u00e9 um produto que elimina as micros-fissuras do granito real\u00e7ando mais sua cor e proporcionando prote\u00e7\u00e3o contra \u00e1gua e \u00f3leo. Resulta numa superf\u00edcie com maior coeficiente de brilho.<\/p>\n","protected":false},"featured_media":1001024,"template":"","meta":[],"product_brand":[],"product_cat":[74],"product_tag":[],"class_list":{"0":"post-1000265","1":"product","2":"type-product","3":"status-publish","4":"has-post-thumbnail","6":"product_cat-profissional","8":"first","9":"instock","10":"virtual","11":"product-type-simple"},"_links":{"self":[{"href":"https:\/\/bellinzoni.net\/pt\/wp-json\/wp\/v2\/product\/1000265","targetHints":{"allow":["GET"]}}],"collection":[{"href":"https:\/\/bellinzoni.net\/pt\/wp-json\/wp\/v2\/product"}],"about":[{"href":"https:\/\/bellinzoni.net\/pt\/wp-json\/wp\/v2\/types\/product"}],"version-history":[{"count":2,"href":"https:\/\/bellinzoni.net\/pt\/wp-json\/wp\/v2\/product\/1000265\/revisions"}],"predecessor-version":[{"id":1001483,"href":"https:\/\/bellinzoni.net\/pt\/wp-json\/wp\/v2\/product\/1000265\/revisions\/1001483"}],"wp:featuredmedia":[{"embeddable":true,"href":"https:\/\/bellinzoni.net\/pt\/wp-json\/wp\/v2\/media\/1001024"}],"wp:attachment":[{"href":"https:\/\/bellinzoni.net\/pt\/wp-json\/wp\/v2\/media?parent=1000265"}],"wp:term":[{"taxonomy":"product_brand","embeddable":true,"href":"https:\/\/bellinzoni.net\/pt\/wp-json\/wp\/v2\/product_brand?post=1000265"},{"taxonomy":"product_cat","embeddable":true,"href":"https:\/\/bellinzoni.net\/pt\/wp-json\/wp\/v2\/product_cat?post=1000265"},{"taxonomy":"product_tag","embeddable":true,"href":"https:\/\/bellinzoni.net\/pt\/wp-json\/wp\/v2\/product_tag?post=1000265"}],"curies":[{"name":"wp","href":"https:\/\/api.w.org\/{rel}","templated":true}]}}