{"id":1000266,"date":"2026-01-28T20:33:49","date_gmt":"2026-01-28T20:33:49","guid":{"rendered":"https:\/\/bellinzoni.net\/pt\/?post_type=product&#038;p=1000266"},"modified":"2026-03-27T16:18:36","modified_gmt":"2026-03-27T16:18:36","slug":"grezzo","status":"publish","type":"product","link":"https:\/\/bellinzoni.net\/pt\/produto\/grezzo\/","title":{"rendered":"Grezzo"},"content":{"rendered":"<div class=\"flex flex-col text-sm pb-25\">\n<section class=\"text-token-text-primary w-full focus:outline-none [--shadow-height:45px] has-data-writing-block:pointer-events-none has-data-writing-block:-mt-(--shadow-height) has-data-writing-block:pt-(--shadow-height) [&amp;:has([data-writing-block])&gt;*]:pointer-events-auto scroll-mt-[calc(var(--header-height)+min(200px,max(70px,20svh)))]\" dir=\"auto\" data-turn-id=\"request-69b7f979-be64-8329-a0b1-b177f97d4070-9\" data-testid=\"conversation-turn-232\" data-scroll-anchor=\"true\" data-turn=\"assistant\">\n<div class=\"text-base my-auto mx-auto pb-10 [--thread-content-margin:var(--thread-content-margin-xs,calc(var(--spacing)*4))] @w-sm\/main:[--thread-content-margin:var(--thread-content-margin-sm,calc(var(--spacing)*6))] @w-lg\/main:[--thread-content-margin:var(--thread-content-margin-lg,calc(var(--spacing)*16))] px-(--thread-content-margin)\">\n<div class=\"[--thread-content-max-width:40rem] @w-lg\/main:[--thread-content-max-width:48rem] mx-auto max-w-(--thread-content-max-width) flex-1 group\/turn-messages focus-visible:outline-hidden relative flex w-full min-w-0 flex-col agent-turn\">\n<div class=\"flex max-w-full flex-col gap-4 grow\">\n<div class=\"min-h-8 text-message relative flex w-full flex-col items-end gap-2 text-start break-words whitespace-normal outline-none keyboard-focused:focus-ring [.text-message+&amp;]:mt-1\" dir=\"auto\" tabindex=\"0\" data-message-author-role=\"assistant\" data-message-id=\"a1299c62-ea0e-432d-9ea6-1aaa649a49bf\" data-message-model-slug=\"gpt-5-3\" data-turn-start-message=\"true\">\n<div class=\"flex w-full flex-col gap-1 empty:hidden\">\n<div class=\"markdown prose dark:prose-invert w-full wrap-break-word dark markdown-new-styling\">\n<p data-start=\"261\" data-end=\"342\"><strong data-start=\"261\" data-end=\"274\">Descri\u00e7\u00e3o<\/strong><br data-start=\"274\" data-end=\"277\" \/>C\u00f3digo do Produto: 1 kg \u2013 000227 | 5 kg \u2013 000887 | 20 kg \u2013 001194<\/p>\n<hr data-start=\"344\" data-end=\"347\" \/>\n<p data-start=\"349\" data-end=\"415\"><strong data-start=\"349\" data-end=\"377\">Superf\u00edcies de Aplica\u00e7\u00e3o<\/strong><br data-start=\"377\" data-end=\"380\" \/>M\u00e1rmore<br data-start=\"387\" data-end=\"390\" \/>Granito<br data-start=\"397\" data-end=\"400\" \/>Pedras em Geral<\/p>\n<hr data-start=\"417\" data-end=\"420\" \/>\n<p data-start=\"422\" data-end=\"443\"><strong data-start=\"422\" data-end=\"443\">Instru\u00e7\u00f5es de Uso<\/strong><\/p>\n<p data-start=\"445\" data-end=\"473\"><strong data-start=\"445\" data-end=\"473\">Prepara\u00e7\u00e3o da superf\u00edcie<\/strong><\/p>\n<p data-start=\"475\" data-end=\"559\">Certifique-se de que a superf\u00edcie esteja limpa, seca e livre de poeiras ou res\u00edduos.<\/p>\n<hr data-start=\"561\" data-end=\"564\" \/>\n<p data-start=\"566\" data-end=\"590\"><strong data-start=\"566\" data-end=\"590\">Aplica\u00e7\u00e3o do produto<\/strong><\/p>\n<p data-start=\"592\" data-end=\"617\">Agite bem antes do uso.<\/p>\n<p data-start=\"619\" data-end=\"709\">Em materiais polidos, aplique uma dem\u00e3o uniforme com aux\u00edlio de flanela ou rolo de espuma.<\/p>\n<hr data-start=\"711\" data-end=\"714\" \/>\n<p data-start=\"716\" data-end=\"740\"><strong data-start=\"716\" data-end=\"740\">Secagem e acabamento<\/strong><\/p>\n<p data-start=\"742\" data-end=\"859\">Aguarde aproximadamente 30 minutos e, em seguida, fa\u00e7a o lustro utilizando uma flanela limpa para obten\u00e7\u00e3o do brilho.<\/p>\n<hr data-start=\"861\" data-end=\"864\" \/>\n<p data-start=\"866\" data-end=\"876\"><strong data-start=\"866\" data-end=\"876\">Dem\u00e3os<\/strong><\/p>\n<p data-start=\"878\" data-end=\"1022\">Em materiais brutos ou muito porosos, pode ser necess\u00e1ria a aplica\u00e7\u00e3o de uma segunda dem\u00e3o ap\u00f3s cerca de 2 horas, para intensificar a colora\u00e7\u00e3o.<\/p>\n<hr data-start=\"1024\" data-end=\"1027\" \/>\n<p data-start=\"1029\" data-end=\"1037\"><strong data-start=\"1029\" data-end=\"1037\">Cura<\/strong><\/p>\n<p data-start=\"1039\" data-end=\"1103\">A cura total do produto ocorre em at\u00e9 24 horas ap\u00f3s a aplica\u00e7\u00e3o.<\/p>\n<hr data-start=\"1105\" data-end=\"1108\" \/>\n<p data-start=\"1110\" data-end=\"1124\"><strong data-start=\"1110\" data-end=\"1124\">Rendimento<\/strong><\/p>\n<p data-start=\"1126\" data-end=\"1224\" data-is-last-node=\"\" data-is-only-node=\"\">Superf\u00edcies polidas: aproximadamente 30 a 40 m\u00b2.<br data-start=\"1174\" data-end=\"1177\" \/>Superf\u00edcies brutas: aproximadamente 10 a 15 m\u00b2.<\/p>\n<\/div>\n<\/div>\n<\/div>\n<\/div>\n<\/div>\n<\/div>\n<\/section>\n<\/div>\n<hr \/>\n<h5 class=\"no-margin\">Downloads<\/h5>\n<hr \/>\n<ul>\n<li><strong><a href=\"http:\/\/bellinzoni.net\/fichas_tecnicas\/grezzo.pdf\" target=\"_blank\" rel=\"noopener noreferrer\">Ficha T\u00e9cnica do Produto<\/a><\/strong><\/li>\n<li><strong><a href=\"http:\/\/bellinzoni.net\/fispq\/Grezzo-FISPQ-BLZ046.pdf\" target=\"_blank\" rel=\"noopener noreferrer\">Ficha de Seguran\u00e7a \u2013\u00a0FISPQ<\/a><\/strong><\/li>\n<\/ul>\n","protected":false},"excerpt":{"rendered":"<p>Se voc\u00ea deseja valorizar a cor da sua pedra, o Grezzo \u00e9 o produto ideal. Ele \u00e9 respons\u00e1vel por gerar um efeito \u201cmolhado\u201d na superf\u00edcie onde \u00e9 aplicado. Al\u00e9m de reavivar a cor do material, ele ainda age como protetor, dificultando a entrada de \u00e1gua e \u00f3leo na pedra.<\/p>\n","protected":false},"featured_media":1001849,"template":"","meta":[],"product_brand":[],"product_cat":[74],"product_tag":[],"class_list":{"0":"post-1000266","1":"product","2":"type-product","3":"status-publish","4":"has-post-thumbnail","6":"product_cat-profissional","8":"first","9":"instock","10":"virtual","11":"product-type-simple"},"_links":{"self":[{"href":"https:\/\/bellinzoni.net\/pt\/wp-json\/wp\/v2\/product\/1000266","targetHints":{"allow":["GET"]}}],"collection":[{"href":"https:\/\/bellinzoni.net\/pt\/wp-json\/wp\/v2\/product"}],"about":[{"href":"https:\/\/bellinzoni.net\/pt\/wp-json\/wp\/v2\/types\/product"}],"version-history":[{"count":3,"href":"https:\/\/bellinzoni.net\/pt\/wp-json\/wp\/v2\/product\/1000266\/revisions"}],"predecessor-version":[{"id":1002189,"href":"https:\/\/bellinzoni.net\/pt\/wp-json\/wp\/v2\/product\/1000266\/revisions\/1002189"}],"wp:featuredmedia":[{"embeddable":true,"href":"https:\/\/bellinzoni.net\/pt\/wp-json\/wp\/v2\/media\/1001849"}],"wp:attachment":[{"href":"https:\/\/bellinzoni.net\/pt\/wp-json\/wp\/v2\/media?parent=1000266"}],"wp:term":[{"taxonomy":"product_brand","embeddable":true,"href":"https:\/\/bellinzoni.net\/pt\/wp-json\/wp\/v2\/product_brand?post=1000266"},{"taxonomy":"product_cat","embeddable":true,"href":"https:\/\/bellinzoni.net\/pt\/wp-json\/wp\/v2\/product_cat?post=1000266"},{"taxonomy":"product_tag","embeddable":true,"href":"https:\/\/bellinzoni.net\/pt\/wp-json\/wp\/v2\/product_tag?post=1000266"}],"curies":[{"name":"wp","href":"https:\/\/api.w.org\/{rel}","templated":true}]}}