{"id":1000269,"date":"2026-01-28T20:33:50","date_gmt":"2026-01-28T20:33:50","guid":{"rendered":"https:\/\/bellinzoni.net\/pt\/?post_type=product&#038;p=1000269"},"modified":"2026-03-17T15:16:37","modified_gmt":"2026-03-17T15:16:37","slug":"restaura-nanoglass","status":"publish","type":"product","link":"https:\/\/bellinzoni.net\/pt\/produto\/restaura-nanoglass\/","title":{"rendered":"Restaura Nanoglass"},"content":{"rendered":"<p data-start=\"376\" data-end=\"425\"><strong data-start=\"376\" data-end=\"389\">Descri\u00e7\u00e3o<\/strong><br data-start=\"389\" data-end=\"392\" \/>C\u00f3digo do Produto: 800 g \u2013 000676<\/p>\n<hr data-start=\"427\" data-end=\"430\" \/>\n<p data-start=\"432\" data-end=\"472\"><strong data-start=\"432\" data-end=\"460\">Superf\u00edcies de Aplica\u00e7\u00e3o<\/strong><br data-start=\"460\" data-end=\"463\" \/>Nanoglass<\/p>\n<hr data-start=\"474\" data-end=\"477\" \/>\n<p data-start=\"479\" data-end=\"500\"><strong data-start=\"479\" data-end=\"500\">Instru\u00e7\u00f5es de Uso<\/strong><\/p>\n<p data-start=\"502\" data-end=\"530\"><strong data-start=\"502\" data-end=\"530\">Prepara\u00e7\u00e3o da superf\u00edcie<\/strong><\/p>\n<p data-start=\"532\" data-end=\"624\">O piso deve estar completamente limpo, seco e livre de poeiras, ceras, pel\u00edculas ou umidade.<\/p>\n<p data-start=\"626\" data-end=\"709\">Trabalhe em \u00e1reas pequenas, dividindo o piso em quadrantes de aproximadamente 2 m\u00b2.<\/p>\n<p data-start=\"711\" data-end=\"762\">A temperatura ambiente deve estar entre 5\u00b0C e 40\u00b0C.<\/p>\n<hr data-start=\"764\" data-end=\"767\" \/>\n<p data-start=\"769\" data-end=\"794\"><strong data-start=\"769\" data-end=\"794\">Prepara\u00e7\u00e3o do produto<\/strong><\/p>\n<p data-start=\"796\" data-end=\"820\">Agite bem antes de usar.<\/p>\n<p data-start=\"822\" data-end=\"888\">Aplique de 2 a 3 colheres de sopa do produto sobre a \u00e1rea de 2 m\u00b2.<\/p>\n<p data-start=\"890\" data-end=\"1028\">Adicione pequena quantidade de \u00e1gua (aproximadamente 1 colher de sopa para cada 2 a 3 colheres de produto) at\u00e9 formar uma mistura cremosa.<\/p>\n<hr data-start=\"1030\" data-end=\"1033\" \/>\n<p data-start=\"1035\" data-end=\"1060\"><strong data-start=\"1035\" data-end=\"1060\">Aplica\u00e7\u00e3o e polimento<\/strong><\/p>\n<p data-start=\"1062\" data-end=\"1176\">Imediatamente ap\u00f3s adicionar a \u00e1gua, trabalhe com enceradeira (150 a 200 rpm), equipada com disco de fibra branco.<\/p>\n<p data-start=\"1178\" data-end=\"1286\">Espalhe o produto de forma homog\u00eanea e uniforme, mantendo o mesmo n\u00famero de passadas em toda a \u00e1rea tratada.<\/p>\n<p data-start=\"1288\" data-end=\"1402\">Durante o processo, mantenha a mistura sempre cremosa, adicionando pequenas quantidades de \u00e1gua quando necess\u00e1rio.<\/p>\n<p data-start=\"1404\" data-end=\"1518\">O processo geralmente requer de 15 a 25 passadas da enceradeira, podendo variar conforme a condi\u00e7\u00e3o da superf\u00edcie.<\/p>\n<hr data-start=\"1520\" data-end=\"1523\" \/>\n<p data-start=\"1525\" data-end=\"1540\"><strong data-start=\"1525\" data-end=\"1540\">Finaliza\u00e7\u00e3o<\/strong><\/p>\n<p data-start=\"1542\" data-end=\"1615\">Ap\u00f3s o polimento, remova os res\u00edduos com detergente neutro ou \u00e1gua limpa.<\/p>\n<hr data-start=\"1617\" data-end=\"1620\" \/>\n<p data-start=\"1622\" data-end=\"1637\"><strong data-start=\"1622\" data-end=\"1637\">Observa\u00e7\u00f5es<\/strong><\/p>\n<p data-start=\"1639\" data-end=\"1858\">N\u00e3o aplicar sobre superf\u00edcies superaquecidas.<br data-start=\"1684\" data-end=\"1687\" \/>Em superf\u00edcies rec\u00e9m-assentadas, aguardar a cura completa da argamassa ou adesivo.<br data-start=\"1769\" data-end=\"1772\" \/>Recomenda-se realizar um teste pr\u00e9vio em uma pequena \u00e1rea antes da aplica\u00e7\u00e3o completa.<\/p>\n<p data-start=\"1860\" data-end=\"1942\" data-is-last-node=\"\" data-is-only-node=\"\">O resultado final pode variar conforme as condi\u00e7\u00f5es e caracter\u00edsticas do material.<\/p>\n<hr \/>\n<h5 class=\"no-margin\">Downloads<\/h5>\n<hr \/>\n<ul>\n<li><strong><a href=\"https:\/\/bellinzoni.net\/fichas_tecnicas\/ft-2020\/ficha-tecnica-restaura-arranhoes-e-lustro-nanoglass.pdf\" target=\"_blank\" rel=\"noopener noreferrer\">Ficha T\u00e9cnica do Produto<\/a><\/strong><\/li>\n<li><strong><a href=\"http:\/\/bellinzoni.net\/fispqs-2020\/FISPQ_BLZ187_Restaura_Arranhoes_Nanoglass_Norma_14725.pdf\" target=\"_blank\" rel=\"noopener noreferrer\">Ficha de Seguran\u00e7a \u2013\u00a0FISPQ<\/a><\/strong><\/li>\n<\/ul>\n","protected":false},"excerpt":{"rendered":"<h5 class=\"no-margin\"><\/h5>\n<p>O Restaura Arranh\u00f5es e Lustro Nanoglass \u00e9 um creme espec\u00edfico para a recupera\u00e7\u00e3o de defeitos presentes nas superf\u00edcies de Nanoglass. O produto \u00e9 caracterizado pela sua capacidade de criar uma micro-abras\u00e3o na superf\u00edcie muito fina, que permite recuperar defeitos como: escoria\u00e7\u00f5es ligeiras, arranh\u00f5es, opacidade, n\u00e9voas, uniformidade e desgaste geral. Atua sem comprometer a apar\u00eancia original da superf\u00edcie e pode ser utilizado num sistema de recupera\u00e7\u00e3o e prote\u00e7\u00e3o de superf\u00edcies nanoglass lapidado ou polido. <strong>CARACTER\u00cdSTICAS E VANTAGENS:<\/strong>\u00a0Restaura a apar\u00eancia original do material. Produto \u00e0 base de \u00e1gua. Velocidade do resultado. Aplica\u00e7\u00e3o simples e r\u00e1pida. Resultado final homog\u00eaneo e uniforme.<\/p>\n","protected":false},"featured_media":1000326,"template":"","meta":[],"product_brand":[],"product_cat":[68,74],"product_tag":[],"class_list":{"0":"post-1000269","1":"product","2":"type-product","3":"status-publish","4":"has-post-thumbnail","6":"product_cat-corporate","7":"product_cat-profissional","9":"first","10":"instock","11":"virtual","12":"product-type-simple"},"_links":{"self":[{"href":"https:\/\/bellinzoni.net\/pt\/wp-json\/wp\/v2\/product\/1000269","targetHints":{"allow":["GET"]}}],"collection":[{"href":"https:\/\/bellinzoni.net\/pt\/wp-json\/wp\/v2\/product"}],"about":[{"href":"https:\/\/bellinzoni.net\/pt\/wp-json\/wp\/v2\/types\/product"}],"version-history":[{"count":3,"href":"https:\/\/bellinzoni.net\/pt\/wp-json\/wp\/v2\/product\/1000269\/revisions"}],"predecessor-version":[{"id":1002163,"href":"https:\/\/bellinzoni.net\/pt\/wp-json\/wp\/v2\/product\/1000269\/revisions\/1002163"}],"wp:featuredmedia":[{"embeddable":true,"href":"https:\/\/bellinzoni.net\/pt\/wp-json\/wp\/v2\/media\/1000326"}],"wp:attachment":[{"href":"https:\/\/bellinzoni.net\/pt\/wp-json\/wp\/v2\/media?parent=1000269"}],"wp:term":[{"taxonomy":"product_brand","embeddable":true,"href":"https:\/\/bellinzoni.net\/pt\/wp-json\/wp\/v2\/product_brand?post=1000269"},{"taxonomy":"product_cat","embeddable":true,"href":"https:\/\/bellinzoni.net\/pt\/wp-json\/wp\/v2\/product_cat?post=1000269"},{"taxonomy":"product_tag","embeddable":true,"href":"https:\/\/bellinzoni.net\/pt\/wp-json\/wp\/v2\/product_tag?post=1000269"}],"curies":[{"name":"wp","href":"https:\/\/api.w.org\/{rel}","templated":true}]}}