{"id":1000270,"date":"2026-01-28T20:33:50","date_gmt":"2026-01-28T20:33:50","guid":{"rendered":"https:\/\/bellinzoni.net\/pt\/?post_type=product&#038;p=1000270"},"modified":"2026-03-17T15:12:23","modified_gmt":"2026-03-17T15:12:23","slug":"restaura-quartzo","status":"publish","type":"product","link":"https:\/\/bellinzoni.net\/pt\/produto\/restaura-quartzo\/","title":{"rendered":"Restaura Quartzo"},"content":{"rendered":"<div class=\"flex flex-col text-sm pb-25\">\n<article class=\"text-token-text-primary w-full focus:outline-none [--shadow-height:45px] has-data-writing-block:pointer-events-none has-data-writing-block:-mt-(--shadow-height) has-data-writing-block:pt-(--shadow-height) [&amp;:has([data-writing-block])&gt;*]:pointer-events-auto scroll-mt-[calc(var(--header-height)+min(200px,max(70px,20svh)))]\" dir=\"auto\" tabindex=\"-1\" data-turn-id=\"request-69b7f979-be64-8329-a0b1-b177f97d4070-6\" data-testid=\"conversation-turn-202\" data-scroll-anchor=\"true\" data-turn=\"assistant\">\n<div class=\"text-base my-auto mx-auto pb-10 [--thread-content-margin:var(--thread-content-margin-xs,calc(var(--spacing)*4))] @w-sm\/main:[--thread-content-margin:var(--thread-content-margin-sm,calc(var(--spacing)*6))] @w-lg\/main:[--thread-content-margin:var(--thread-content-margin-lg,calc(var(--spacing)*16))] px-(--thread-content-margin)\">\n<div class=\"[--thread-content-max-width:40rem] @w-lg\/main:[--thread-content-max-width:48rem] mx-auto max-w-(--thread-content-max-width) flex-1 group\/turn-messages focus-visible:outline-hidden relative flex w-full min-w-0 flex-col agent-turn\" tabindex=\"-1\">\n<div class=\"flex max-w-full flex-col gap-4 grow\">\n<div class=\"min-h-8 text-message relative flex w-full flex-col items-end gap-2 text-start break-words whitespace-normal [.text-message+&amp;]:mt-1\" dir=\"auto\" data-message-author-role=\"assistant\" data-message-id=\"a7f93af4-19d9-40ac-beec-db5a99d809f7\" data-message-model-slug=\"gpt-5-3\">\n<div class=\"flex w-full flex-col gap-1 empty:hidden\">\n<div class=\"markdown prose dark:prose-invert w-full wrap-break-word dark markdown-new-styling\">\n<p data-start=\"377\" data-end=\"426\"><strong data-start=\"377\" data-end=\"390\">Descri\u00e7\u00e3o<\/strong><br data-start=\"390\" data-end=\"393\" \/>C\u00f3digo do Produto: 800 g \u2013 000663<\/p>\n<hr data-start=\"428\" data-end=\"431\" \/>\n<p data-start=\"433\" data-end=\"483\"><strong data-start=\"433\" data-end=\"461\">Superf\u00edcies de Aplica\u00e7\u00e3o<\/strong><br data-start=\"461\" data-end=\"464\" \/>Quartzo<br data-start=\"471\" data-end=\"474\" \/>Quartzito<\/p>\n<hr data-start=\"485\" data-end=\"488\" \/>\n<p data-start=\"490\" data-end=\"511\"><strong data-start=\"490\" data-end=\"511\">Instru\u00e7\u00f5es de Uso<\/strong><\/p>\n<p data-start=\"513\" data-end=\"541\"><strong data-start=\"513\" data-end=\"541\">Prepara\u00e7\u00e3o da superf\u00edcie<\/strong><\/p>\n<p data-start=\"543\" data-end=\"635\">O piso deve estar completamente limpo, seco e livre de poeiras, ceras, pel\u00edculas ou umidade.<\/p>\n<p data-start=\"637\" data-end=\"720\">Trabalhe em \u00e1reas pequenas, dividindo o piso em quadrantes de aproximadamente 2 m\u00b2.<\/p>\n<p data-start=\"722\" data-end=\"773\">A temperatura ambiente deve estar entre 5\u00b0C e 40\u00b0C.<\/p>\n<hr data-start=\"775\" data-end=\"778\" \/>\n<p data-start=\"780\" data-end=\"805\"><strong data-start=\"780\" data-end=\"805\">Prepara\u00e7\u00e3o do produto<\/strong><\/p>\n<p data-start=\"807\" data-end=\"831\">Agite bem antes de usar.<\/p>\n<p data-start=\"833\" data-end=\"899\">Aplique de 2 a 3 colheres de sopa do produto sobre a \u00e1rea de 2 m\u00b2.<\/p>\n<p data-start=\"901\" data-end=\"1039\">Adicione pequena quantidade de \u00e1gua (aproximadamente 1 colher de sopa para cada 2 a 3 colheres de produto) at\u00e9 formar uma mistura cremosa.<\/p>\n<hr data-start=\"1041\" data-end=\"1044\" \/>\n<p data-start=\"1046\" data-end=\"1071\"><strong data-start=\"1046\" data-end=\"1071\">Aplica\u00e7\u00e3o e polimento<\/strong><\/p>\n<p data-start=\"1073\" data-end=\"1187\">Imediatamente ap\u00f3s adicionar a \u00e1gua, trabalhe com enceradeira (150 a 200 rpm), equipada com disco de fibra branco.<\/p>\n<p data-start=\"1189\" data-end=\"1297\">Espalhe o produto de forma homog\u00eanea e uniforme, mantendo o mesmo n\u00famero de passadas em toda a \u00e1rea tratada.<\/p>\n<p data-start=\"1299\" data-end=\"1413\">Durante o processo, mantenha a mistura sempre cremosa, adicionando pequenas quantidades de \u00e1gua quando necess\u00e1rio.<\/p>\n<p data-start=\"1415\" data-end=\"1529\">O processo geralmente requer de 15 a 25 passadas da enceradeira, podendo variar conforme a condi\u00e7\u00e3o da superf\u00edcie.<\/p>\n<hr data-start=\"1531\" data-end=\"1534\" \/>\n<p data-start=\"1536\" data-end=\"1551\"><strong data-start=\"1536\" data-end=\"1551\">Finaliza\u00e7\u00e3o<\/strong><\/p>\n<p data-start=\"1553\" data-end=\"1626\">Ap\u00f3s o polimento, remova os res\u00edduos com detergente neutro ou \u00e1gua limpa.<\/p>\n<hr data-start=\"1628\" data-end=\"1631\" \/>\n<p data-start=\"1633\" data-end=\"1648\"><strong data-start=\"1633\" data-end=\"1648\">Observa\u00e7\u00f5es<\/strong><\/p>\n<p data-start=\"1650\" data-end=\"1869\">N\u00e3o aplicar sobre superf\u00edcies superaquecidas.<br data-start=\"1695\" data-end=\"1698\" \/>Em superf\u00edcies rec\u00e9m-assentadas, aguardar a cura completa da argamassa ou adesivo.<br data-start=\"1780\" data-end=\"1783\" \/>Recomenda-se realizar um teste pr\u00e9vio em uma pequena \u00e1rea antes da aplica\u00e7\u00e3o completa.<\/p>\n<p data-start=\"1871\" data-end=\"1953\" data-is-last-node=\"\" data-is-only-node=\"\">O resultado final pode variar conforme as condi\u00e7\u00f5es e caracter\u00edsticas do material.<\/p>\n<\/div>\n<\/div>\n<\/div>\n<\/div>\n<\/div>\n<\/div>\n<\/article>\n<\/div>\n<hr \/>\n<h5 class=\"no-margin\">Downloads<\/h5>\n<hr \/>\n<ul>\n<li><strong><a href=\"https:\/\/bellinzoni.net\/fichas_tecnicas\/ft-2020\/ficha-tecnica-restaura-arranhoes-e-lustro-quartzo.pdf\" target=\"_blank\" rel=\"noopener noreferrer\">Ficha T\u00e9cnica do Produto<\/a><\/strong><\/li>\n<li><strong><a href=\"http:\/\/bellinzoni.net\/fispqs-2020\/FISPQ_BLZ185_Restaura_Arranhoes_Quartzo_Norma_14725.pdf\" target=\"_blank\" rel=\"noopener noreferrer\">Ficha de Seguran\u00e7a \u2013\u00a0FISPQ<\/a><\/strong><\/li>\n<\/ul>\n","protected":false},"excerpt":{"rendered":"<p>O Restaura Arranh\u00f5es e Lustro Quartzo \u00e9 um creme espec\u00edfico para a recupera\u00e7\u00e3o de defeitos presentes nas superf\u00edcies de Quartzo e Quartzitos. O produto \u00e9 caracterizado pela sua capacidade de criar uma micro-abras\u00e3o na superf\u00edcie muito fina, que permite recuperar defeitos como: escoria\u00e7\u00f5es ligeiras, arranh\u00f5es, opacidade, n\u00e9voas, uniformidade e desgaste geral. Atua sem comprometer a apar\u00eancia original da superf\u00edcie e pode ser utilizado num sistema de recupera\u00e7\u00e3o e prote\u00e7\u00e3o de superf\u00edcies porcelanato lapidado ou polido. <strong>CARACTER\u00cdSTICAS E VANTAGENS:<\/strong>\u00a0Restaura a apar\u00eancia original do material. Produto \u00e0 base de \u00e1gua. Velocidade do resultado. Aplica\u00e7\u00e3o simples e r\u00e1pida. Resultado final homog\u00eaneo e uniforme.<\/p>\n","protected":false},"featured_media":1000327,"template":"","meta":[],"product_brand":[],"product_cat":[68,74],"product_tag":[],"class_list":{"0":"post-1000270","1":"product","2":"type-product","3":"status-publish","4":"has-post-thumbnail","6":"product_cat-corporate","7":"product_cat-profissional","9":"first","10":"instock","11":"virtual","12":"product-type-simple"},"_links":{"self":[{"href":"https:\/\/bellinzoni.net\/pt\/wp-json\/wp\/v2\/product\/1000270","targetHints":{"allow":["GET"]}}],"collection":[{"href":"https:\/\/bellinzoni.net\/pt\/wp-json\/wp\/v2\/product"}],"about":[{"href":"https:\/\/bellinzoni.net\/pt\/wp-json\/wp\/v2\/types\/product"}],"version-history":[{"count":4,"href":"https:\/\/bellinzoni.net\/pt\/wp-json\/wp\/v2\/product\/1000270\/revisions"}],"predecessor-version":[{"id":1002161,"href":"https:\/\/bellinzoni.net\/pt\/wp-json\/wp\/v2\/product\/1000270\/revisions\/1002161"}],"wp:featuredmedia":[{"embeddable":true,"href":"https:\/\/bellinzoni.net\/pt\/wp-json\/wp\/v2\/media\/1000327"}],"wp:attachment":[{"href":"https:\/\/bellinzoni.net\/pt\/wp-json\/wp\/v2\/media?parent=1000270"}],"wp:term":[{"taxonomy":"product_brand","embeddable":true,"href":"https:\/\/bellinzoni.net\/pt\/wp-json\/wp\/v2\/product_brand?post=1000270"},{"taxonomy":"product_cat","embeddable":true,"href":"https:\/\/bellinzoni.net\/pt\/wp-json\/wp\/v2\/product_cat?post=1000270"},{"taxonomy":"product_tag","embeddable":true,"href":"https:\/\/bellinzoni.net\/pt\/wp-json\/wp\/v2\/product_tag?post=1000270"}],"curies":[{"name":"wp","href":"https:\/\/api.w.org\/{rel}","templated":true}]}}