{"id":1000271,"date":"2026-01-28T20:33:50","date_gmt":"2026-01-28T20:33:50","guid":{"rendered":"https:\/\/bellinzoni.net\/pt\/?post_type=product&#038;p=1000271"},"modified":"2026-03-17T15:09:03","modified_gmt":"2026-03-17T15:09:03","slug":"restaura-endurecedor-de-concreto","status":"publish","type":"product","link":"https:\/\/bellinzoni.net\/pt\/produto\/restaura-endurecedor-de-concreto\/","title":{"rendered":"Restaura Endurecedor de Concreto"},"content":{"rendered":"<p data-start=\"356\" data-end=\"403\"><strong data-start=\"356\" data-end=\"369\">Descri\u00e7\u00e3o<\/strong><br data-start=\"369\" data-end=\"372\" \/>C\u00f3digo do Produto: 5 L \u2013 000664<\/p>\n<hr data-start=\"405\" data-end=\"408\" \/>\n<p data-start=\"410\" data-end=\"484\"><strong data-start=\"410\" data-end=\"438\">Superf\u00edcies de Aplica\u00e7\u00e3o<\/strong><br data-start=\"438\" data-end=\"441\" \/>Concreto<br data-start=\"449\" data-end=\"452\" \/>Superf\u00edcies de natureza calc\u00e1ria<\/p>\n<hr data-start=\"486\" data-end=\"489\" \/>\n<p data-start=\"491\" data-end=\"512\"><strong data-start=\"491\" data-end=\"512\">Instru\u00e7\u00f5es de Uso<\/strong><\/p>\n<p data-start=\"514\" data-end=\"542\"><strong data-start=\"514\" data-end=\"542\">Prepara\u00e7\u00e3o da superf\u00edcie<\/strong><\/p>\n<p data-start=\"544\" data-end=\"633\">O produto deve ser aplicado ap\u00f3s a utiliza\u00e7\u00e3o do primeiro gr\u00e3o abrasivo (gr\u00e3o 50 ou 100).<\/p>\n<hr data-start=\"635\" data-end=\"638\" \/>\n<p data-start=\"640\" data-end=\"664\"><strong data-start=\"640\" data-end=\"664\">Aplica\u00e7\u00e3o do produto<\/strong><\/p>\n<p data-start=\"666\" data-end=\"788\">Aplique o produto com aux\u00edlio de pincel, rolo ou esfreg\u00e3o, garantindo que a superf\u00edcie seja bem molhada de forma uniforme.<\/p>\n<hr data-start=\"790\" data-end=\"793\" \/>\n<p data-start=\"795\" data-end=\"806\"><strong data-start=\"795\" data-end=\"806\">Secagem<\/strong><\/p>\n<p data-start=\"808\" data-end=\"915\">Deixe o produto secar completamente por um per\u00edodo entre 12 e 24 horas, dependendo da temperatura ambiente.<\/p>\n<hr data-start=\"917\" data-end=\"920\" \/>\n<p data-start=\"922\" data-end=\"950\"><strong data-start=\"922\" data-end=\"950\">Continuidade do processo<\/strong><\/p>\n<p data-start=\"952\" data-end=\"1030\">Ap\u00f3s a secagem, prossiga com o polimento utilizando os demais gr\u00e3os abrasivos.<\/p>\n<p data-start=\"1032\" data-end=\"1101\">Antes do \u00faltimo gr\u00e3o abrasivo, realize uma nova aplica\u00e7\u00e3o do produto.<\/p>\n<hr data-start=\"1103\" data-end=\"1106\" \/>\n<p data-start=\"1108\" data-end=\"1123\"><strong data-start=\"1108\" data-end=\"1123\">Finaliza\u00e7\u00e3o<\/strong><\/p>\n<p data-start=\"1125\" data-end=\"1246\">Ap\u00f3s a \u00faltima aplica\u00e7\u00e3o, finalize o acabamento cristalizando a superf\u00edcie com os produtos Restaura K3 e K4 para concreto.<\/p>\n<hr data-start=\"1248\" data-end=\"1251\" \/>\n<p data-start=\"1253\" data-end=\"1267\"><strong data-start=\"1253\" data-end=\"1267\">Observa\u00e7\u00e3o<\/strong><\/p>\n<p data-start=\"1269\" data-end=\"1361\">Recomenda-se realizar um teste pr\u00e9vio em uma \u00e1rea pouco vis\u00edvel antes da aplica\u00e7\u00e3o completa.<\/p>\n<hr data-start=\"1363\" data-end=\"1366\" \/>\n<p data-start=\"1368\" data-end=\"1382\"><strong data-start=\"1368\" data-end=\"1382\">Rendimento<\/strong><\/p>\n<p data-start=\"1384\" data-end=\"1475\" data-is-last-node=\"\" data-is-only-node=\"\">Aproximadamente de 5 a 10 m\u00b2 por litro, podendo variar conforme a porosidade da superf\u00edcie.<\/p>\n<hr \/>\n<h5 class=\"no-margin\">Downloads<\/h5>\n<hr \/>\n<ul>\n<li><strong><a href=\"https:\/\/bellinzoni.net\/fichas_tecnicas\/ft-2020\/ficha-tecnica-restaura-endurecedor.pdf\" target=\"_blank\" rel=\"noopener noreferrer\">Ficha T\u00e9cnica do Produto<\/a><\/strong><\/li>\n<li><strong><a href=\"http:\/\/bellinzoni.net\/fispqs-2020\/FISPQ_BLZ190_Restaura_Concreto_Endurecedor_Norma_14725.pdf\" target=\"_blank\" rel=\"noopener noreferrer\">Ficha de Seguran\u00e7a \u2013\u00a0FISPQ<\/a><\/strong><\/li>\n<\/ul>\n","protected":false},"excerpt":{"rendered":"<p>O Restaura Endurecedor de Concreto \u00e9 um excelente produto usado para densificar e endurecer pisos de concreto, granitina, granilite e ladrilho hidr\u00e1ulico. Tamb\u00e9m pode ser usado em outras superf\u00edcies de natureza calc\u00e1ria, pois protege a superf\u00edcie a lhe confere qualidades hidrofugantes. Endurece a superf\u00edcie do solo. F\u00e1cil de aplicar. Excelente penetra\u00e7\u00e3o. Responde rapidamente ao polimento. Tempo de cura r\u00e1pido. Melhora a resist\u00eancia a manchas. Melhora a resist\u00eancia a abras\u00e3o.<\/p>\n","protected":false},"featured_media":1000328,"template":"","meta":[],"product_brand":[],"product_cat":[68,74],"product_tag":[],"class_list":{"0":"post-1000271","1":"product","2":"type-product","3":"status-publish","4":"has-post-thumbnail","6":"product_cat-corporate","7":"product_cat-profissional","9":"first","10":"instock","11":"virtual","12":"product-type-simple"},"_links":{"self":[{"href":"https:\/\/bellinzoni.net\/pt\/wp-json\/wp\/v2\/product\/1000271","targetHints":{"allow":["GET"]}}],"collection":[{"href":"https:\/\/bellinzoni.net\/pt\/wp-json\/wp\/v2\/product"}],"about":[{"href":"https:\/\/bellinzoni.net\/pt\/wp-json\/wp\/v2\/types\/product"}],"version-history":[{"count":4,"href":"https:\/\/bellinzoni.net\/pt\/wp-json\/wp\/v2\/product\/1000271\/revisions"}],"predecessor-version":[{"id":1002160,"href":"https:\/\/bellinzoni.net\/pt\/wp-json\/wp\/v2\/product\/1000271\/revisions\/1002160"}],"wp:featuredmedia":[{"embeddable":true,"href":"https:\/\/bellinzoni.net\/pt\/wp-json\/wp\/v2\/media\/1000328"}],"wp:attachment":[{"href":"https:\/\/bellinzoni.net\/pt\/wp-json\/wp\/v2\/media?parent=1000271"}],"wp:term":[{"taxonomy":"product_brand","embeddable":true,"href":"https:\/\/bellinzoni.net\/pt\/wp-json\/wp\/v2\/product_brand?post=1000271"},{"taxonomy":"product_cat","embeddable":true,"href":"https:\/\/bellinzoni.net\/pt\/wp-json\/wp\/v2\/product_cat?post=1000271"},{"taxonomy":"product_tag","embeddable":true,"href":"https:\/\/bellinzoni.net\/pt\/wp-json\/wp\/v2\/product_tag?post=1000271"}],"curies":[{"name":"wp","href":"https:\/\/api.w.org\/{rel}","templated":true}]}}