{"id":1000286,"date":"2026-01-28T20:34:12","date_gmt":"2026-01-28T20:34:12","guid":{"rendered":"https:\/\/bellinzoni.net\/pt\/?post_type=product&#038;p=1000286"},"modified":"2026-03-27T16:18:25","modified_gmt":"2026-03-27T16:18:25","slug":"acid-proof-protecao","status":"publish","type":"product","link":"https:\/\/bellinzoni.net\/pt\/produto\/acid-proof-protecao\/","title":{"rendered":"Acid Proof Prote\u00e7\u00e3o"},"content":{"rendered":"<p data-start=\"368\" data-end=\"418\"><strong data-start=\"368\" data-end=\"381\">Descri\u00e7\u00e3o<\/strong><br data-start=\"381\" data-end=\"384\" \/>C\u00f3digo do Produto: 750 ml \u2013 000675<\/p>\n<hr data-start=\"420\" data-end=\"423\" \/>\n<p data-start=\"425\" data-end=\"505\"><strong data-start=\"425\" data-end=\"453\">Superf\u00edcies de Aplica\u00e7\u00e3o<\/strong><br data-start=\"453\" data-end=\"456\" \/>M\u00e1rmore<br data-start=\"463\" data-end=\"466\" \/>Granito<br data-start=\"473\" data-end=\"476\" \/>Porcelanato<br data-start=\"487\" data-end=\"490\" \/>Pedras em Geral<\/p>\n<hr data-start=\"507\" data-end=\"510\" \/>\n<p data-start=\"512\" data-end=\"533\"><strong data-start=\"512\" data-end=\"533\">Instru\u00e7\u00f5es de Uso<\/strong><\/p>\n<p data-start=\"535\" data-end=\"560\"><strong data-start=\"535\" data-end=\"560\">Prepara\u00e7\u00e3o do produto<\/strong><\/p>\n<p data-start=\"562\" data-end=\"596\">Agite e misture bem antes de usar.<\/p>\n<p data-start=\"598\" data-end=\"626\"><strong data-start=\"598\" data-end=\"626\">Prepara\u00e7\u00e3o da superf\u00edcie<\/strong><\/p>\n<p data-start=\"628\" data-end=\"724\">A superf\u00edcie deve estar completamente limpa, seca e livre de poeiras, ceras, resinas ou umidade.<\/p>\n<hr data-start=\"726\" data-end=\"729\" \/>\n<p data-start=\"731\" data-end=\"755\"><strong data-start=\"731\" data-end=\"755\">Aplica\u00e7\u00e3o do produto<\/strong><\/p>\n<p data-start=\"757\" data-end=\"896\">Aplique o produto diretamente sobre a superf\u00edcie e espalhe de forma uniforme com aux\u00edlio de rolo de espuma de melanina ou rodo de borracha.<\/p>\n<p data-start=\"898\" data-end=\"986\">Durante a aplica\u00e7\u00e3o, n\u00e3o permita que o produto seque antes de sua completa distribui\u00e7\u00e3o.<\/p>\n<hr data-start=\"988\" data-end=\"991\" \/>\n<p data-start=\"993\" data-end=\"1004\"><strong data-start=\"993\" data-end=\"1004\">Secagem<\/strong><\/p>\n<p data-start=\"1006\" data-end=\"1088\">Ap\u00f3s a aplica\u00e7\u00e3o, deixe o produto secar completamente por aproximadamente 3 horas.<\/p>\n<hr data-start=\"1090\" data-end=\"1093\" \/>\n<p data-start=\"1095\" data-end=\"1121\"><strong data-start=\"1095\" data-end=\"1121\">Complemento do sistema<\/strong><\/p>\n<p data-start=\"1123\" data-end=\"1212\">Ap\u00f3s a secagem, aplique o <strong data-start=\"1149\" data-end=\"1174\">Acid Proof Manuten\u00e7\u00e3o<\/strong> para finalizar o sistema de prote\u00e7\u00e3o.<\/p>\n<p data-start=\"1214\" data-end=\"1329\">A prote\u00e7\u00e3o m\u00e1xima da superf\u00edcie \u00e9 alcan\u00e7ada ap\u00f3s 24 horas da aplica\u00e7\u00e3o dos dois produtos (tratamento + manuten\u00e7\u00e3o).<\/p>\n<hr data-start=\"1331\" data-end=\"1334\" \/>\n<p data-start=\"1336\" data-end=\"1351\"><strong data-start=\"1336\" data-end=\"1351\">Reaplica\u00e7\u00e3o<\/strong><\/p>\n<p data-start=\"1353\" data-end=\"1478\">\u00c1reas comerciais: reaplicar aproximadamente uma vez ao ano.<br data-start=\"1412\" data-end=\"1415\" \/>\u00c1reas residenciais ou de baixo uso: reaplicar a cada dois anos.<\/p>\n<hr data-start=\"1480\" data-end=\"1483\" \/>\n<p data-start=\"1485\" data-end=\"1496\"><strong data-start=\"1485\" data-end=\"1496\">Remo\u00e7\u00e3o<\/strong><\/p>\n<p data-start=\"1498\" data-end=\"1628\">Caso necess\u00e1rio, o produto pode ser removido com <strong data-start=\"1547\" data-end=\"1576\">Remoxi Removedor de Ep\u00f3xi<\/strong> ou <strong data-start=\"1580\" data-end=\"1627\">Dissolve Tudo Detergente \u00e0 base de solvente<\/strong>.<\/p>\n<hr data-start=\"1630\" data-end=\"1633\" \/>\n<p data-start=\"1635\" data-end=\"1649\"><strong data-start=\"1635\" data-end=\"1649\">Rendimento<\/strong><\/p>\n<p data-start=\"1651\" data-end=\"1737\" data-is-last-node=\"\" data-is-only-node=\"\">1 litro rende aproximadamente 15 m\u00b2, podendo variar conforme a porosidade do material.<\/p>\n<hr \/>\n<h5 class=\"no-margin\">Downloads<\/h5>\n<hr \/>\n<ul>\n<li><strong><a href=\"https:\/\/bellinzoni.net\/fichas_tecnicas\/ft-2020\/ficha-tecnica-acid-proof.pdf\" target=\"_blank\" rel=\"noopener noreferrer\">Ficha T\u00e9cnica do Produto<\/a><\/strong><\/li>\n<li><strong><a href=\"#\" target=\"_blank\" rel=\"noopener noreferrer\">Ficha de Seguran\u00e7a \u2013\u00a0FISPQ<\/a><\/strong><\/li>\n<\/ul>\n","protected":false},"excerpt":{"rendered":"<p>O Acid Proof Prote\u00e7\u00e3o \u00e9 um composto \u00e0 base de solvente a ser utilizado para prote\u00e7\u00e3o contra manchas e \u00e1cidos. Pode ser usado em bancada de cozinha, bancada de banheiro, mesa, pisos e onde mais for necess\u00e1rio aplicar em materiais como m\u00e1rmore, granito e pedras em geral. Para a prote\u00e7\u00e3o completa, deve ser usado em conjunto com Acid Proof Manuten\u00e7\u00e3o.<\/p>\n","protected":false},"featured_media":1002485,"template":"","meta":[],"product_brand":[],"product_cat":[68,74],"product_tag":[],"class_list":{"0":"post-1000286","1":"product","2":"type-product","3":"status-publish","4":"has-post-thumbnail","6":"product_cat-corporate","7":"product_cat-profissional","9":"first","10":"instock","11":"virtual","12":"product-type-simple"},"_links":{"self":[{"href":"https:\/\/bellinzoni.net\/pt\/wp-json\/wp\/v2\/product\/1000286","targetHints":{"allow":["GET"]}}],"collection":[{"href":"https:\/\/bellinzoni.net\/pt\/wp-json\/wp\/v2\/product"}],"about":[{"href":"https:\/\/bellinzoni.net\/pt\/wp-json\/wp\/v2\/types\/product"}],"version-history":[{"count":4,"href":"https:\/\/bellinzoni.net\/pt\/wp-json\/wp\/v2\/product\/1000286\/revisions"}],"predecessor-version":[{"id":1002487,"href":"https:\/\/bellinzoni.net\/pt\/wp-json\/wp\/v2\/product\/1000286\/revisions\/1002487"}],"wp:featuredmedia":[{"embeddable":true,"href":"https:\/\/bellinzoni.net\/pt\/wp-json\/wp\/v2\/media\/1002485"}],"wp:attachment":[{"href":"https:\/\/bellinzoni.net\/pt\/wp-json\/wp\/v2\/media?parent=1000286"}],"wp:term":[{"taxonomy":"product_brand","embeddable":true,"href":"https:\/\/bellinzoni.net\/pt\/wp-json\/wp\/v2\/product_brand?post=1000286"},{"taxonomy":"product_cat","embeddable":true,"href":"https:\/\/bellinzoni.net\/pt\/wp-json\/wp\/v2\/product_cat?post=1000286"},{"taxonomy":"product_tag","embeddable":true,"href":"https:\/\/bellinzoni.net\/pt\/wp-json\/wp\/v2\/product_tag?post=1000286"}],"curies":[{"name":"wp","href":"https:\/\/api.w.org\/{rel}","templated":true}]}}