{"id":1000289,"date":"2026-01-28T20:34:13","date_gmt":"2026-01-28T20:34:13","guid":{"rendered":"https:\/\/bellinzoni.net\/pt\/?post_type=product&#038;p=1000289"},"modified":"2026-03-25T18:48:30","modified_gmt":"2026-03-25T18:48:30","slug":"dissolve-tudo","status":"publish","type":"product","link":"https:\/\/bellinzoni.net\/pt\/produto\/dissolve-tudo\/","title":{"rendered":"Dissolve Tudo"},"content":{"rendered":"<p class=\"no-margin\">C\u00f3digo do Produto: 1 Litro &#8211; 000671<\/p>\n<hr \/>\n<h5 class=\"no-margin\">Superf\u00edcies de Aplica\u00e7\u00e3o<\/h5>\n<hr \/>\n<ul>\n<li>M\u00e1rmore<\/li>\n<li>Granito<\/li>\n<li>Porcelanato<\/li>\n<li>Pedras em geral<\/li>\n<\/ul>\n<hr \/>\n<h5 class=\"no-margin\">Instru\u00e7\u00f5es de Uso<\/h5>\n<hr \/>\n<h3><\/h3>\n<p><strong>Prepara\u00e7\u00e3o da superf\u00edcie<\/strong><\/p>\n<ul>\n<li>Antes da aplica\u00e7\u00e3o, varra ou aspire o piso para remover poeira, areia e sujeiras soltas.<\/li>\n<li>Trabalhe em \u00e1reas pequenas, de aproximadamente 1 a 3 m\u00b2 por vez, para garantir melhor efici\u00eancia.<\/li>\n<\/ul>\n<p><strong>Aplica\u00e7\u00e3o do produto<\/strong><\/p>\n<ul>\n<li>Aplique o Dissolve Tudo puro, diretamente sobre a superf\u00edcie.<\/li>\n<li>Espalhe de maneira uniforme utilizando pano, mop ou enceradeira, cobrindo completamente a \u00e1rea a ser tratada.<\/li>\n<\/ul>\n<p><strong>Tempo de a\u00e7\u00e3o<\/strong><\/p>\n<ul>\n<li>Deixe o produto agir por 10 a 15 minutos.<\/li>\n<li>Durante esse per\u00edodo, esfregue os pontos mais cr\u00edticos com uma escova de nylon para potencializar a a\u00e7\u00e3o de remo\u00e7\u00e3o.<\/li>\n<\/ul>\n<p><strong>Observa\u00e7\u00f5es importantes<\/strong><\/p>\n<ul>\n<li>N\u00e3o permita que o produto seque na superf\u00edcie.<\/li>\n<li>Em materiais mais porosos ou absorventes, pode ser necess\u00e1rio reaplicar um pouco mais de produto para manter a \u00e1rea sempre \u00famida.<\/li>\n<li>A superf\u00edcie deve permanecer sempre coberta por uma camada do produto durante o tempo de a\u00e7\u00e3o.<\/li>\n<\/ul>\n<p><strong>Uso com equipamentos<\/strong><\/p>\n<ul>\n<li>Se necess\u00e1rio, utilize discos ou escovas abrasivas para auxiliar na limpeza.<\/li>\n<li>A escolha do disco ou escova deve considerar o tipo de superf\u00edcie e o tipo de res\u00edduo a ser removido.<\/li>\n<li>Em processos de remo\u00e7\u00e3o de cera, normalmente utiliza-se disco verde.<\/li>\n<\/ul>\n<p><strong>Enx\u00e1gue e finaliza\u00e7\u00e3o<\/strong><\/p>\n<ul>\n<li>Ap\u00f3s o tempo de a\u00e7\u00e3o, enx\u00e1gue abundantemente com \u00e1gua limpa, removendo totalmente o produto e os res\u00edduos dissolvidos.<\/li>\n<li>Realize uma nova lavagem da superf\u00edcie para garantir que n\u00e3o permane\u00e7am res\u00edduos.<\/li>\n<li>Se necess\u00e1rio, repita o processo at\u00e9 obter o resultado desejado.<\/li>\n<\/ul>\n<hr \/>\n<h5 class=\"no-margin\">Rendimento<\/h5>\n<hr \/>\n<p>1 litro rende aproximadamente, 10 a 20 m2 dependendo do grau de sujeira e da porosidade do material.<\/p>\n<hr \/>\n<h5 class=\"no-margin\">Downloads<\/h5>\n<hr \/>\n<ul>\n<li><strong><a href=\"https:\/\/bellinzoni.net\/fichas_tecnicas\/ft-2020\/ficha-tecnica-dissolve-tudo.pdf\" target=\"_blank\" rel=\"noopener noreferrer\">Ficha T\u00e9cnica do Produto<\/a><\/strong><\/li>\n<li><strong><a href=\"#\" target=\"_blank\" rel=\"noopener noreferrer\">Ficha de Seguran\u00e7a \u2013\u00a0FISPQ<\/a><\/strong><\/li>\n<\/ul>\n","protected":false},"excerpt":{"rendered":"<h5 class=\"no-margin\"><\/h5>\n<p>O Dissolve Tudo \u00e9 uma mistura de solventes org\u00e2nicos e agentes utilizados para a remo\u00e7\u00e3o de ceras da profundidade das superf\u00edcies. \u00c9 um produto capaz de remover res\u00edduos antigos de ceras sint\u00e9ticas e org\u00e2nicas, selantes e tratamentos \u00e0 base de \u00e1gua ou \u00e0 base de solvente, produtos para impregna\u00e7\u00e3o, manchas oleosas na superf\u00edcie, sujeira oleosa profunda. Seu uso \u00e9 indicado quando voc\u00ea deseja remover produtos \u00e0 base de solvente aplicados anteriormente ou quando deseja concluir a limpeza do piso para restaurar a superf\u00edcie \u00e0 apar\u00eancia original. Embora o produto seja extremamente eficaz na remo\u00e7\u00e3o de sujeira, ceras e tratamentos antigos, sua a\u00e7\u00e3o n\u00e3o danifica as superf\u00edcies e n\u00e3o altera a apar\u00eancia. Remove eficazmente ceras ou tratamento antigos. Remove manchas superficiais de graxa ou \u00f3leo.<\/p>\n","protected":false},"featured_media":1002415,"template":"","meta":[],"product_brand":[],"product_cat":[74],"product_tag":[],"class_list":{"0":"post-1000289","1":"product","2":"type-product","3":"status-publish","4":"has-post-thumbnail","6":"product_cat-profissional","8":"first","9":"instock","10":"virtual","11":"product-type-simple"},"_links":{"self":[{"href":"https:\/\/bellinzoni.net\/pt\/wp-json\/wp\/v2\/product\/1000289","targetHints":{"allow":["GET"]}}],"collection":[{"href":"https:\/\/bellinzoni.net\/pt\/wp-json\/wp\/v2\/product"}],"about":[{"href":"https:\/\/bellinzoni.net\/pt\/wp-json\/wp\/v2\/types\/product"}],"version-history":[{"count":4,"href":"https:\/\/bellinzoni.net\/pt\/wp-json\/wp\/v2\/product\/1000289\/revisions"}],"predecessor-version":[{"id":1001887,"href":"https:\/\/bellinzoni.net\/pt\/wp-json\/wp\/v2\/product\/1000289\/revisions\/1001887"}],"wp:featuredmedia":[{"embeddable":true,"href":"https:\/\/bellinzoni.net\/pt\/wp-json\/wp\/v2\/media\/1002415"}],"wp:attachment":[{"href":"https:\/\/bellinzoni.net\/pt\/wp-json\/wp\/v2\/media?parent=1000289"}],"wp:term":[{"taxonomy":"product_brand","embeddable":true,"href":"https:\/\/bellinzoni.net\/pt\/wp-json\/wp\/v2\/product_brand?post=1000289"},{"taxonomy":"product_cat","embeddable":true,"href":"https:\/\/bellinzoni.net\/pt\/wp-json\/wp\/v2\/product_cat?post=1000289"},{"taxonomy":"product_tag","embeddable":true,"href":"https:\/\/bellinzoni.net\/pt\/wp-json\/wp\/v2\/product_tag?post=1000289"}],"curies":[{"name":"wp","href":"https:\/\/api.w.org\/{rel}","templated":true}]}}