{"id":1000291,"date":"2026-01-28T20:34:13","date_gmt":"2026-01-28T20:34:13","guid":{"rendered":"https:\/\/bellinzoni.net\/pt\/?post_type=product&#038;p=1000291"},"modified":"2026-03-16T13:32:59","modified_gmt":"2026-03-16T13:32:59","slug":"prottete-multiuso-limpa-ar-condicionado","status":"publish","type":"product","link":"https:\/\/bellinzoni.net\/pt\/produto\/prottete-multiuso-limpa-ar-condicionado\/","title":{"rendered":"Prottete Multiuso Limpa Ar Condicionado"},"content":{"rendered":"<div class=\"flex flex-col text-sm pb-25\">\n<article class=\"text-token-text-primary w-full focus:outline-none [--shadow-height:45px] has-data-writing-block:pointer-events-none has-data-writing-block:-mt-(--shadow-height) has-data-writing-block:pt-(--shadow-height) [&amp;:has([data-writing-block])&gt;*]:pointer-events-auto scroll-mt-[calc(var(--header-height)+min(200px,max(70px,20svh)))]\" dir=\"auto\" tabindex=\"-1\" data-turn-id=\"request-WEB:881aabdb-c9a9-414b-b169-c3efefe141d6-16\" data-testid=\"conversation-turn-34\" data-scroll-anchor=\"true\" data-turn=\"assistant\">\n<div class=\"text-base my-auto mx-auto pb-10 [--thread-content-margin:var(--thread-content-margin-xs,calc(var(--spacing)*4))] @w-sm\/main:[--thread-content-margin:var(--thread-content-margin-sm,calc(var(--spacing)*6))] @w-lg\/main:[--thread-content-margin:var(--thread-content-margin-lg,calc(var(--spacing)*16))] px-(--thread-content-margin)\">\n<div class=\"[--thread-content-max-width:40rem] @w-lg\/main:[--thread-content-max-width:48rem] mx-auto max-w-(--thread-content-max-width) flex-1 group\/turn-messages focus-visible:outline-hidden relative flex w-full min-w-0 flex-col agent-turn\" tabindex=\"-1\">\n<div class=\"flex max-w-full flex-col gap-4 grow\">\n<div class=\"min-h-8 text-message relative flex w-full flex-col items-end gap-2 text-start break-words whitespace-normal [.text-message+&amp;]:mt-1\" dir=\"auto\" data-message-author-role=\"assistant\" data-message-id=\"3d800a84-ddf4-4a74-96f4-b4c50f6e432f\" data-message-model-slug=\"gpt-5-3\">\n<div class=\"flex w-full flex-col gap-1 empty:hidden\">\n<div class=\"markdown prose dark:prose-invert w-full wrap-break-word dark markdown-new-styling\">\n<p data-start=\"301\" data-end=\"381\"><strong data-start=\"301\" data-end=\"314\">Descri\u00e7\u00e3o<\/strong><br data-start=\"314\" data-end=\"317\" \/>C\u00f3digo do Produto: Spray 500 ml \u2013 000756 | Refil 500 ml \u2013 000761<\/p>\n<hr data-start=\"383\" data-end=\"386\" \/>\n<p data-start=\"388\" data-end=\"434\"><strong data-start=\"388\" data-end=\"416\">Superf\u00edcies de Aplica\u00e7\u00e3o<\/strong><br data-start=\"416\" data-end=\"419\" \/>Ar Condicionado<\/p>\n<hr data-start=\"436\" data-end=\"439\" \/>\n<p data-start=\"441\" data-end=\"462\"><strong data-start=\"441\" data-end=\"462\">Instru\u00e7\u00f5es de Uso<\/strong><\/p>\n<p data-start=\"464\" data-end=\"489\"><strong data-start=\"464\" data-end=\"489\">Prepara\u00e7\u00e3o do produto<\/strong><\/p>\n<p data-start=\"491\" data-end=\"515\">Agite bem antes de usar.<\/p>\n<p data-start=\"517\" data-end=\"541\"><strong data-start=\"517\" data-end=\"541\">Aplica\u00e7\u00e3o do produto<\/strong><\/p>\n<p data-start=\"543\" data-end=\"619\">Com o aparelho desligado, borrife o produto diretamente na \u00e1rea a ser limpa.<\/p>\n<p data-start=\"621\" data-end=\"638\"><strong data-start=\"621\" data-end=\"638\">Tempo de a\u00e7\u00e3o<\/strong><\/p>\n<p data-start=\"640\" data-end=\"691\">Deixe o produto agir por aproximadamente 5 minutos.<\/p>\n<p data-start=\"693\" data-end=\"708\"><strong data-start=\"693\" data-end=\"708\">Finaliza\u00e7\u00e3o<\/strong><\/p>\n<p data-start=\"710\" data-end=\"784\" data-is-last-node=\"\" data-is-only-node=\"\">Ap\u00f3s o tempo de a\u00e7\u00e3o, passe um pano limpo e seco para remover os res\u00edduos.<\/p>\n<\/div>\n<\/div>\n<\/div>\n<\/div>\n<\/div>\n<\/div>\n<\/article>\n<\/div>\n<hr \/>\n<h5 class=\"no-margin\">Downloads<\/h5>\n<hr \/>\n<ul>\n<li><strong><a href=\"http:\/\/bellinzoni.net\/fichas_tecnicas\/ft-2020\/ficha-tecnica-prottete-multiuso-limpa-ar-condicionado.pdf\" target=\"_blank\" rel=\"noopener noreferrer\">Ficha T\u00e9cnica do Produto<\/a><\/strong><\/li>\n<li><strong><a href=\"http:\/\/bellinzoni.net\/fispqs-2020\/fispqs-novas\/FISPQ_BLZ213_Prottete_Multiuso_Limpa_Ar_Cond_Norma_14725.pdf\" target=\"_blank\" rel=\"noopener noreferrer\">Ficha de Seguran\u00e7a \u2013\u00a0FISPQ<\/a><\/strong><\/li>\n<\/ul>\n","protected":false},"excerpt":{"rendered":"<h5 class=\"no-margin\"><\/h5>\n<p>Ideal para o saneamento de sistemas de ar condicionado, at\u00e9 mesmo sistemas industriais de ar condicionado e automotivo. Ele protege contra a forma\u00e7\u00e3o de odores desagrad\u00e1veis e higieniza os trocadores de calor e filtros refrigerados a ar. Sua f\u00f3rmula especial com Quatern\u00e1rio de Am\u00f4nia limpa e protege contra v\u00edrus, germes, fungos e bact\u00e9rias.<\/p>\n","protected":false},"featured_media":1001820,"template":"","meta":[],"product_brand":[],"product_cat":[68],"product_tag":[],"class_list":{"0":"post-1000291","1":"product","2":"type-product","3":"status-publish","4":"has-post-thumbnail","6":"product_cat-corporate","8":"first","9":"instock","10":"virtual","11":"product-type-simple"},"_links":{"self":[{"href":"https:\/\/bellinzoni.net\/pt\/wp-json\/wp\/v2\/product\/1000291","targetHints":{"allow":["GET"]}}],"collection":[{"href":"https:\/\/bellinzoni.net\/pt\/wp-json\/wp\/v2\/product"}],"about":[{"href":"https:\/\/bellinzoni.net\/pt\/wp-json\/wp\/v2\/types\/product"}],"version-history":[{"count":2,"href":"https:\/\/bellinzoni.net\/pt\/wp-json\/wp\/v2\/product\/1000291\/revisions"}],"predecessor-version":[{"id":1002023,"href":"https:\/\/bellinzoni.net\/pt\/wp-json\/wp\/v2\/product\/1000291\/revisions\/1002023"}],"wp:featuredmedia":[{"embeddable":true,"href":"https:\/\/bellinzoni.net\/pt\/wp-json\/wp\/v2\/media\/1001820"}],"wp:attachment":[{"href":"https:\/\/bellinzoni.net\/pt\/wp-json\/wp\/v2\/media?parent=1000291"}],"wp:term":[{"taxonomy":"product_brand","embeddable":true,"href":"https:\/\/bellinzoni.net\/pt\/wp-json\/wp\/v2\/product_brand?post=1000291"},{"taxonomy":"product_cat","embeddable":true,"href":"https:\/\/bellinzoni.net\/pt\/wp-json\/wp\/v2\/product_cat?post=1000291"},{"taxonomy":"product_tag","embeddable":true,"href":"https:\/\/bellinzoni.net\/pt\/wp-json\/wp\/v2\/product_tag?post=1000291"}],"curies":[{"name":"wp","href":"https:\/\/api.w.org\/{rel}","templated":true}]}}