{"id":1000292,"date":"2026-01-28T20:34:13","date_gmt":"2026-01-28T20:34:13","guid":{"rendered":"https:\/\/bellinzoni.net\/pt\/?post_type=product&#038;p=1000292"},"modified":"2026-03-16T13:31:28","modified_gmt":"2026-03-16T13:31:28","slug":"prottete-multiuso-neutralizador-de-odores","status":"publish","type":"product","link":"https:\/\/bellinzoni.net\/pt\/produto\/prottete-multiuso-neutralizador-de-odores\/","title":{"rendered":"Prottete Multiuso Neutralizador de Odores"},"content":{"rendered":"<p data-start=\"292\" data-end=\"372\"><strong data-start=\"292\" data-end=\"305\">Descri\u00e7\u00e3o<\/strong><br data-start=\"305\" data-end=\"308\" \/>C\u00f3digo do Produto: Spray 500 ml \u2013 000752 | Refil 500 ml \u2013 000762<\/p>\n<hr data-start=\"374\" data-end=\"377\" \/>\n<p data-start=\"379\" data-end=\"427\"><strong data-start=\"379\" data-end=\"407\">Superf\u00edcies de Aplica\u00e7\u00e3o<\/strong><br data-start=\"407\" data-end=\"410\" \/>Qualquer Ambiente<\/p>\n<hr data-start=\"429\" data-end=\"432\" \/>\n<p data-start=\"434\" data-end=\"455\"><strong data-start=\"434\" data-end=\"455\">Instru\u00e7\u00f5es de Uso<\/strong><\/p>\n<p data-start=\"457\" data-end=\"481\"><strong data-start=\"457\" data-end=\"481\">Aplica\u00e7\u00e3o do produto<\/strong><\/p>\n<p data-start=\"483\" data-end=\"551\">Pulverize o produto diretamente no ar do ambiente que deseja tratar.<\/p>\n<p data-start=\"553\" data-end=\"567\"><strong data-start=\"553\" data-end=\"567\">Observa\u00e7\u00e3o<\/strong><\/p>\n<p data-start=\"569\" data-end=\"712\" data-is-last-node=\"\" data-is-only-node=\"\">Aplique em quantidade suficiente para promover a neutraliza\u00e7\u00e3o dos odores e a sensa\u00e7\u00e3o de frescor no ambiente. Reaplique sempre que necess\u00e1rio.<\/p>\n<hr \/>\n<h5 class=\"no-margin\">Downloads<\/h5>\n<hr \/>\n<ul>\n<li><strong><a href=\"http:\/\/bellinzoni.net\/fichas_tecnicas\/ft-2020\/ficha-tecnica-prottete-multiuso-neutralizador-de-odores.pdf\" target=\"_blank\" rel=\"noopener noreferrer\">Ficha T\u00e9cnica do Produto<\/a><\/strong><\/li>\n<li><strong><a href=\"http:\/\/bellinzoni.net\/fispqs-2020\/fispqs-novas\/FISPQ_BLZ214_Prottete_Multiuso_Neut_Odores_Norma_14725.pdf\" target=\"_blank\" rel=\"noopener noreferrer\">Ficha de Seguran\u00e7a \u2013\u00a0FISPQ<\/a><\/strong><\/li>\n<\/ul>\n","protected":false},"excerpt":{"rendered":"<p>Elimina odores desagrad\u00e1veis e proporciona um ambiente livre de cheiros de tabaco, mofo, urina, fungos, odores de pet, res\u00edduos org\u00e2nicos. Possui um fixador que permite sua a\u00e7\u00e3o por longo tempo ap\u00f3s sua aplica\u00e7\u00e3o. Pode ser usado em qualquer ambiente. Proporciona sensa\u00e7\u00e3o de bem estar e limpeza.<\/p>\n","protected":false},"featured_media":1001840,"template":"","meta":[],"product_brand":[],"product_cat":[68],"product_tag":[],"class_list":{"0":"post-1000292","1":"product","2":"type-product","3":"status-publish","4":"has-post-thumbnail","6":"product_cat-corporate","8":"first","9":"instock","10":"virtual","11":"product-type-simple"},"_links":{"self":[{"href":"https:\/\/bellinzoni.net\/pt\/wp-json\/wp\/v2\/product\/1000292","targetHints":{"allow":["GET"]}}],"collection":[{"href":"https:\/\/bellinzoni.net\/pt\/wp-json\/wp\/v2\/product"}],"about":[{"href":"https:\/\/bellinzoni.net\/pt\/wp-json\/wp\/v2\/types\/product"}],"version-history":[{"count":3,"href":"https:\/\/bellinzoni.net\/pt\/wp-json\/wp\/v2\/product\/1000292\/revisions"}],"predecessor-version":[{"id":1002022,"href":"https:\/\/bellinzoni.net\/pt\/wp-json\/wp\/v2\/product\/1000292\/revisions\/1002022"}],"wp:featuredmedia":[{"embeddable":true,"href":"https:\/\/bellinzoni.net\/pt\/wp-json\/wp\/v2\/media\/1001840"}],"wp:attachment":[{"href":"https:\/\/bellinzoni.net\/pt\/wp-json\/wp\/v2\/media?parent=1000292"}],"wp:term":[{"taxonomy":"product_brand","embeddable":true,"href":"https:\/\/bellinzoni.net\/pt\/wp-json\/wp\/v2\/product_brand?post=1000292"},{"taxonomy":"product_cat","embeddable":true,"href":"https:\/\/bellinzoni.net\/pt\/wp-json\/wp\/v2\/product_cat?post=1000292"},{"taxonomy":"product_tag","embeddable":true,"href":"https:\/\/bellinzoni.net\/pt\/wp-json\/wp\/v2\/product_tag?post=1000292"}],"curies":[{"name":"wp","href":"https:\/\/api.w.org\/{rel}","templated":true}]}}