{"id":1000293,"date":"2026-01-28T20:34:13","date_gmt":"2026-01-28T20:34:13","guid":{"rendered":"https:\/\/bellinzoni.net\/pt\/?post_type=product&#038;p=1000293"},"modified":"2026-03-16T13:25:57","modified_gmt":"2026-03-16T13:25:57","slug":"prottete-multiuso-evita-mofo","status":"publish","type":"product","link":"https:\/\/bellinzoni.net\/pt\/produto\/prottete-multiuso-evita-mofo\/","title":{"rendered":"Prottete Multiuso Evita Mofo"},"content":{"rendered":"<p data-start=\"310\" data-end=\"390\"><strong data-start=\"310\" data-end=\"323\">Descri\u00e7\u00e3o<\/strong><br data-start=\"323\" data-end=\"326\" \/>C\u00f3digo do Produto: Spray 500 ml \u2013 000755 | Refil 500 ml \u2013 000758<\/p>\n<hr data-start=\"392\" data-end=\"395\" \/>\n<p data-start=\"397\" data-end=\"448\"><strong data-start=\"397\" data-end=\"425\">Superf\u00edcies de Aplica\u00e7\u00e3o<\/strong><br data-start=\"425\" data-end=\"428\" \/>Superf\u00edcies em Geral<\/p>\n<hr data-start=\"450\" data-end=\"453\" \/>\n<p data-start=\"455\" data-end=\"476\"><strong data-start=\"455\" data-end=\"476\">Instru\u00e7\u00f5es de Uso<\/strong><\/p>\n<p data-start=\"478\" data-end=\"502\"><strong data-start=\"478\" data-end=\"502\">Aplica\u00e7\u00e3o do produto<\/strong><\/p>\n<p data-start=\"504\" data-end=\"614\">Aplique o produto diretamente sobre a superf\u00edcie a ser limpa e protegida contra mofo, utilizando o borrifador.<\/p>\n<p data-start=\"616\" data-end=\"627\"><strong data-start=\"616\" data-end=\"627\">Limpeza<\/strong><\/p>\n<p data-start=\"629\" data-end=\"740\">Se necess\u00e1rio, utilize uma esponja macia para esfregar suavemente o local, auxiliando na remo\u00e7\u00e3o das sujidades.<\/p>\n<p data-start=\"742\" data-end=\"766\"><strong data-start=\"742\" data-end=\"766\">Remo\u00e7\u00e3o dos res\u00edduos<\/strong><\/p>\n<p data-start=\"768\" data-end=\"827\">Remova os res\u00edduos do produto com aux\u00edlio de um pano \u00famido.<\/p>\n<p data-start=\"829\" data-end=\"843\"><strong data-start=\"829\" data-end=\"843\">Observa\u00e7\u00e3o<\/strong><\/p>\n<p data-start=\"845\" data-end=\"911\" data-is-last-node=\"\" data-is-only-node=\"\">Caso necess\u00e1rio, repita o processo at\u00e9 obter o resultado desejado.<\/p>\n<hr \/>\n<h5 class=\"no-margin\">Downloads<\/h5>\n<hr \/>\n<ul>\n<li><strong><a href=\"http:\/\/bellinzoni.net\/fichas_tecnicas\/ft-2020\/ficha-tecnica-prottete-multiuso-evita-mofo.pdf\" target=\"_blank\" rel=\"noopener noreferrer\">Ficha T\u00e9cnica do Produto<\/a><\/strong><\/li>\n<li><strong><a href=\"http:\/\/bellinzoni.net\/fispqs-2020\/fispqs-novas\/FISPQ_BLZ212_Prottete_Multiuso_Evita_Mofo_Norma_14725.pdf\" target=\"_blank\" rel=\"noopener noreferrer\">Ficha de Seguran\u00e7a \u2013\u00a0FISPQ<\/a><\/strong><\/li>\n<\/ul>\n","protected":false},"excerpt":{"rendered":"<h5 class=\"no-margin\"><\/h5>\n<p>Produto com forte a\u00e7\u00e3o de limpeza de manchas e contra surgimento de mofo das superf\u00edcies. Remove e impede a forma\u00e7\u00e3o e dep\u00f3sito de bolores e mofo. Pode ser usado como um produto de uso peri\u00f3dico e sempre que houver necessidade. Sua formula\u00e7\u00e3o especial combate \u00e1caros, fungos e algas causadores das manchas dessas manchas.<\/p>\n","protected":false},"featured_media":1001819,"template":"","meta":[],"product_brand":[],"product_cat":[68],"product_tag":[],"class_list":{"0":"post-1000293","1":"product","2":"type-product","3":"status-publish","4":"has-post-thumbnail","6":"product_cat-corporate","8":"first","9":"instock","10":"virtual","11":"product-type-simple"},"_links":{"self":[{"href":"https:\/\/bellinzoni.net\/pt\/wp-json\/wp\/v2\/product\/1000293","targetHints":{"allow":["GET"]}}],"collection":[{"href":"https:\/\/bellinzoni.net\/pt\/wp-json\/wp\/v2\/product"}],"about":[{"href":"https:\/\/bellinzoni.net\/pt\/wp-json\/wp\/v2\/types\/product"}],"version-history":[{"count":3,"href":"https:\/\/bellinzoni.net\/pt\/wp-json\/wp\/v2\/product\/1000293\/revisions"}],"predecessor-version":[{"id":1002019,"href":"https:\/\/bellinzoni.net\/pt\/wp-json\/wp\/v2\/product\/1000293\/revisions\/1002019"}],"wp:featuredmedia":[{"embeddable":true,"href":"https:\/\/bellinzoni.net\/pt\/wp-json\/wp\/v2\/media\/1001819"}],"wp:attachment":[{"href":"https:\/\/bellinzoni.net\/pt\/wp-json\/wp\/v2\/media?parent=1000293"}],"wp:term":[{"taxonomy":"product_brand","embeddable":true,"href":"https:\/\/bellinzoni.net\/pt\/wp-json\/wp\/v2\/product_brand?post=1000293"},{"taxonomy":"product_cat","embeddable":true,"href":"https:\/\/bellinzoni.net\/pt\/wp-json\/wp\/v2\/product_cat?post=1000293"},{"taxonomy":"product_tag","embeddable":true,"href":"https:\/\/bellinzoni.net\/pt\/wp-json\/wp\/v2\/product_tag?post=1000293"}],"curies":[{"name":"wp","href":"https:\/\/api.w.org\/{rel}","templated":true}]}}