{"id":1000294,"date":"2026-01-28T20:34:13","date_gmt":"2026-01-28T20:34:13","guid":{"rendered":"https:\/\/bellinzoni.net\/pt\/?post_type=product&#038;p=1000294"},"modified":"2026-03-17T15:36:11","modified_gmt":"2026-03-17T15:36:11","slug":"duralbrill","status":"publish","type":"product","link":"https:\/\/bellinzoni.net\/pt\/produto\/duralbrill\/","title":{"rendered":"Duralbrill"},"content":{"rendered":"<p data-start=\"302\" data-end=\"349\"><strong data-start=\"302\" data-end=\"315\">Descri\u00e7\u00e3o<\/strong><br data-start=\"315\" data-end=\"318\" \/>C\u00f3digo do Produto: 1 L \u2013 000412<\/p>\n<hr data-start=\"351\" data-end=\"354\" \/>\n<p data-start=\"356\" data-end=\"415\"><strong data-start=\"356\" data-end=\"384\">Superf\u00edcies de Aplica\u00e7\u00e3o<\/strong><br data-start=\"384\" data-end=\"387\" \/>M\u00e1rmore<br data-start=\"394\" data-end=\"397\" \/>Granito<br data-start=\"404\" data-end=\"407\" \/>Cer\u00e2mica<\/p>\n<hr data-start=\"417\" data-end=\"420\" \/>\n<p data-start=\"422\" data-end=\"443\"><strong data-start=\"422\" data-end=\"443\">Instru\u00e7\u00f5es de Uso<\/strong><\/p>\n<p data-start=\"445\" data-end=\"473\"><strong data-start=\"445\" data-end=\"473\">Prepara\u00e7\u00e3o da superf\u00edcie<\/strong><\/p>\n<p data-start=\"475\" data-end=\"571\">A superf\u00edcie deve estar completamente limpa, seca e livre de poeiras, resinas, ceras ou umidade.<\/p>\n<hr data-start=\"573\" data-end=\"576\" \/>\n<p data-start=\"578\" data-end=\"603\"><strong data-start=\"578\" data-end=\"603\">Prepara\u00e7\u00e3o da solu\u00e7\u00e3o<\/strong><\/p>\n<p data-start=\"605\" data-end=\"677\">A Cera Duralbrill \u00e9 concentrada e deve ser dilu\u00edda conforme necessidade.<\/p>\n<hr data-start=\"679\" data-end=\"682\" \/>\n<p data-start=\"684\" data-end=\"708\"><strong data-start=\"684\" data-end=\"708\">Aplica\u00e7\u00e3o do produto<\/strong><\/p>\n<p data-start=\"710\" data-end=\"815\">Com aux\u00edlio de aplicador de cera ou borrifador, aplique o produto sobre a superf\u00edcie no sentido vertical.<\/p>\n<p data-start=\"817\" data-end=\"908\">Aguarde aproximadamente 20 minutos e aplique novamente na mesma \u00e1rea no sentido horizontal.<\/p>\n<p data-start=\"910\" data-end=\"1008\">Trabalhe sempre em \u00e1reas pequenas, de aproximadamente 1 a 2 m\u00b2, para melhor controle da aplica\u00e7\u00e3o.<\/p>\n<hr data-start=\"1010\" data-end=\"1013\" \/>\n<p data-start=\"1015\" data-end=\"1035\"><strong data-start=\"1015\" data-end=\"1035\">Secagem e lustro<\/strong><\/p>\n<p data-start=\"1037\" data-end=\"1184\">Ap\u00f3s a secagem do produto, realize o lustro com enceradeira equipada com disco Scotch Brite branco ou pele de porco, at\u00e9 atingir o brilho desejado.<\/p>\n<hr data-start=\"1186\" data-end=\"1189\" \/>\n<p data-start=\"1191\" data-end=\"1206\"><strong data-start=\"1191\" data-end=\"1206\">Observa\u00e7\u00f5es<\/strong><\/p>\n<p data-start=\"1208\" data-end=\"1376\" data-is-last-node=\"\" data-is-only-node=\"\">N\u00e3o pise sobre o piso enquanto o produto estiver \u00famido.<br data-start=\"1263\" data-end=\"1266\" \/>Recomenda-se realizar um teste pr\u00e9vio em uma pequena \u00e1rea para dom\u00ednio da t\u00e9cnica antes da aplica\u00e7\u00e3o completa.<\/p>\n<hr \/>\n<h5 class=\"no-margin\">Downloads<\/h5>\n<hr \/>\n<ul>\n<li><strong><a href=\"http:\/\/bellinzoni.net\/fichas_tecnicas\/ft-2020\/ficha-tecnica-duralbrill.pdf\" target=\"_blank\" rel=\"noopener noreferrer\">Ficha T\u00e9cnica do Produto<\/a><\/strong><\/li>\n<li><strong><a href=\"https:\/\/bellinzoni.net\/fispqs-2020\/fispqs-novas\/FISPQ_BLZ088_Duralbrill.pdf\" target=\"_blank\" rel=\"noopener noreferrer\">Ficha de Seguran\u00e7a \u2013\u00a0FISPQ<\/a><\/strong><\/li>\n<\/ul>\n","protected":false},"excerpt":{"rendered":"<h5 class=\"no-margin\"><\/h5>\n<p>Duralbrill \u00e9 um produto ideal para polir a superf\u00edcie em m\u00e1rmores naturais ou industrializados, granitos, porcelanatos e cer\u00e2micas. Pode ser usado em piso brilhoso ou polido. Sua f\u00f3rmula exclusiva a base de nano part\u00edculas polidoras e cristalizantes endurece consideravelmente a superf\u00edcie, reduzindo os danos causados pela abras\u00e3o do tr\u00e1fego, aumentando a resist\u00eancia do piso. Seu uso \u00e9 indicado em \u00e1reas de alto tr\u00e1fego e periodicamente para manuten\u00e7\u00e3o da beleza do material. Com alto rendimento, Duralbrill \u00e9 perfeito para prote\u00e7\u00e3o de grandes \u00e1reas. Em pisos lustrados tem a capacidade de manter ou aumentar mais ainda o brilho do material. Em pisos polidos ou foscos, proporciona resist\u00eancia e dureza \u00e0 superf\u00edcie com acabamento visualmente acetinado. Por ser um produto com nanotecnologia sua ancoragem ao material \u00e9 perfeita o que significa que a durabilidade do produto no material \u00e9 muito maior do que as ceras comuns. N\u00e3o deixa o piso escorregadio.<\/p>\n","protected":false},"featured_media":1000338,"template":"","meta":[],"product_brand":[],"product_cat":[68,74],"product_tag":[],"class_list":{"0":"post-1000294","1":"product","2":"type-product","3":"status-publish","4":"has-post-thumbnail","6":"product_cat-corporate","7":"product_cat-profissional","9":"first","10":"instock","11":"virtual","12":"product-type-simple"},"_links":{"self":[{"href":"https:\/\/bellinzoni.net\/pt\/wp-json\/wp\/v2\/product\/1000294","targetHints":{"allow":["GET"]}}],"collection":[{"href":"https:\/\/bellinzoni.net\/pt\/wp-json\/wp\/v2\/product"}],"about":[{"href":"https:\/\/bellinzoni.net\/pt\/wp-json\/wp\/v2\/types\/product"}],"version-history":[{"count":3,"href":"https:\/\/bellinzoni.net\/pt\/wp-json\/wp\/v2\/product\/1000294\/revisions"}],"predecessor-version":[{"id":1002169,"href":"https:\/\/bellinzoni.net\/pt\/wp-json\/wp\/v2\/product\/1000294\/revisions\/1002169"}],"wp:featuredmedia":[{"embeddable":true,"href":"https:\/\/bellinzoni.net\/pt\/wp-json\/wp\/v2\/media\/1000338"}],"wp:attachment":[{"href":"https:\/\/bellinzoni.net\/pt\/wp-json\/wp\/v2\/media?parent=1000294"}],"wp:term":[{"taxonomy":"product_brand","embeddable":true,"href":"https:\/\/bellinzoni.net\/pt\/wp-json\/wp\/v2\/product_brand?post=1000294"},{"taxonomy":"product_cat","embeddable":true,"href":"https:\/\/bellinzoni.net\/pt\/wp-json\/wp\/v2\/product_cat?post=1000294"},{"taxonomy":"product_tag","embeddable":true,"href":"https:\/\/bellinzoni.net\/pt\/wp-json\/wp\/v2\/product_tag?post=1000294"}],"curies":[{"name":"wp","href":"https:\/\/api.w.org\/{rel}","templated":true}]}}