{"id":1000295,"date":"2026-01-28T20:34:13","date_gmt":"2026-01-28T20:34:13","guid":{"rendered":"https:\/\/bellinzoni.net\/pt\/?post_type=product&#038;p=1000295"},"modified":"2026-03-27T16:18:10","modified_gmt":"2026-03-27T16:18:10","slug":"total-protecao","status":"publish","type":"product","link":"https:\/\/bellinzoni.net\/pt\/produto\/total-protecao\/","title":{"rendered":"Total Prote\u00e7\u00e3o"},"content":{"rendered":"<div class=\"flex flex-col text-sm pb-25\">\n<section class=\"text-token-text-primary w-full focus:outline-none [--shadow-height:45px] has-data-writing-block:pointer-events-none has-data-writing-block:-mt-(--shadow-height) has-data-writing-block:pt-(--shadow-height) [&amp;:has([data-writing-block])&gt;*]:pointer-events-auto scroll-mt-[calc(var(--header-height)+min(200px,max(70px,20svh)))]\" dir=\"auto\" data-turn-id=\"request-69b7f979-be64-8329-a0b1-b177f97d4070-7\" data-testid=\"conversation-turn-228\" data-scroll-anchor=\"true\" data-turn=\"assistant\">\n<div class=\"text-base my-auto mx-auto pb-10 [--thread-content-margin:var(--thread-content-margin-xs,calc(var(--spacing)*4))] @w-sm\/main:[--thread-content-margin:var(--thread-content-margin-sm,calc(var(--spacing)*6))] @w-lg\/main:[--thread-content-margin:var(--thread-content-margin-lg,calc(var(--spacing)*16))] px-(--thread-content-margin)\">\n<div class=\"[--thread-content-max-width:40rem] @w-lg\/main:[--thread-content-max-width:48rem] mx-auto max-w-(--thread-content-max-width) flex-1 group\/turn-messages focus-visible:outline-hidden relative flex w-full min-w-0 flex-col agent-turn\">\n<div class=\"flex max-w-full flex-col gap-4 grow\">\n<div class=\"min-h-8 text-message relative flex w-full flex-col items-end gap-2 text-start break-words whitespace-normal outline-none keyboard-focused:focus-ring [.text-message+&amp;]:mt-1\" dir=\"auto\" tabindex=\"0\" data-message-author-role=\"assistant\" data-message-id=\"fdd8a106-c8f6-48f7-9b92-f8962ed00b9e\" data-message-model-slug=\"gpt-5-3\" data-turn-start-message=\"true\">\n<div class=\"flex w-full flex-col gap-1 empty:hidden\">\n<div class=\"markdown prose dark:prose-invert w-full wrap-break-word dark markdown-new-styling\">\n<p data-start=\"342\" data-end=\"392\"><strong data-start=\"342\" data-end=\"355\">Descri\u00e7\u00e3o<\/strong><br data-start=\"355\" data-end=\"358\" \/>C\u00f3digo do Produto: 900 ml \u2013 000844<\/p>\n<hr data-start=\"394\" data-end=\"397\" \/>\n<p data-start=\"399\" data-end=\"490\"><strong data-start=\"399\" data-end=\"427\">Superf\u00edcies de Aplica\u00e7\u00e3o<\/strong><br data-start=\"427\" data-end=\"430\" \/>M\u00e1rmore<br data-start=\"437\" data-end=\"440\" \/>Granito<br data-start=\"447\" data-end=\"450\" \/>Porcelanato<br data-start=\"461\" data-end=\"464\" \/>Cer\u00e2mica<br data-start=\"472\" data-end=\"475\" \/>Pedras em Geral<\/p>\n<hr data-start=\"492\" data-end=\"495\" \/>\n<p data-start=\"497\" data-end=\"518\"><strong data-start=\"497\" data-end=\"518\">Instru\u00e7\u00f5es de Uso<\/strong><\/p>\n<p data-start=\"520\" data-end=\"548\"><strong data-start=\"520\" data-end=\"548\">Prepara\u00e7\u00e3o da superf\u00edcie<\/strong><\/p>\n<p data-start=\"550\" data-end=\"694\">Para garantir a perfeita penetra\u00e7\u00e3o do produto, a superf\u00edcie deve estar completamente limpa, seca e livre de ceras, resinas, poeiras ou umidade.<\/p>\n<p data-start=\"696\" data-end=\"804\">Recomenda-se realizar a limpeza pr\u00e9via com detergente Bellinzoni Limpeza Pesada para Porcelanato ou M\u00e1rmore.<\/p>\n<hr data-start=\"806\" data-end=\"809\" \/>\n<p data-start=\"811\" data-end=\"835\"><strong data-start=\"811\" data-end=\"835\">Aplica\u00e7\u00e3o do produto<\/strong><\/p>\n<p data-start=\"837\" data-end=\"925\">Aplique o produto com aux\u00edlio de um rolo de espuma novo, espalhando de maneira uniforme.<\/p>\n<p data-start=\"927\" data-end=\"1035\">Realize a aplica\u00e7\u00e3o primeiro no sentido horizontal e, em seguida, no sentido vertical para melhor cobertura.<\/p>\n<p data-start=\"1037\" data-end=\"1133\">Em superf\u00edcies irregulares, utilize um pincel para alcan\u00e7ar cavidades e \u00e1reas de dif\u00edcil acesso.<\/p>\n<hr data-start=\"1135\" data-end=\"1138\" \/>\n<p data-start=\"1140\" data-end=\"1150\"><strong data-start=\"1140\" data-end=\"1150\">Dem\u00e3os<\/strong><\/p>\n<p data-start=\"1152\" data-end=\"1280\">Em materiais muito porosos ou brutos, recomenda-se aplicar 2 ou mais dem\u00e3os, com intervalo de aproximadamente 1 hora entre elas.<\/p>\n<hr data-start=\"1282\" data-end=\"1285\" \/>\n<p data-start=\"1287\" data-end=\"1305\"><strong data-start=\"1287\" data-end=\"1305\">Secagem e cura<\/strong><\/p>\n<p data-start=\"1307\" data-end=\"1354\">Ap\u00f3s a aplica\u00e7\u00e3o, aguarde a secagem do produto.<\/p>\n<p data-start=\"1356\" data-end=\"1436\">O material pode ser utilizado normalmente ap\u00f3s cerca de 2 horas da \u00faltima dem\u00e3o.<\/p>\n<p data-start=\"1438\" data-end=\"1597\">A impermeabiliza\u00e7\u00e3o completa ocorre em at\u00e9 24 horas, per\u00edodo no qual recomenda-se cuidado com contato com \u00f3leos ou subst\u00e2ncias que possam manchar a superf\u00edcie.<\/p>\n<hr data-start=\"1599\" data-end=\"1602\" \/>\n<p data-start=\"1604\" data-end=\"1618\"><strong data-start=\"1604\" data-end=\"1618\">Rendimento<\/strong><\/p>\n<p data-start=\"1620\" data-end=\"1779\" data-is-last-node=\"\" data-is-only-node=\"\">Materiais porosos ou brutos: aproximadamente 12 m\u00b2 por litro (com duas dem\u00e3os).<br data-start=\"1699\" data-end=\"1702\" \/>Materiais de baixa absor\u00e7\u00e3o: aproximadamente 20 m\u00b2 por litro (com uma dem\u00e3o).<\/p>\n<\/div>\n<\/div>\n<\/div>\n<\/div>\n<\/div>\n<\/div>\n<\/section>\n<\/div>\n<hr \/>\n<h5 class=\"no-margin\">Downloads<\/h5>\n<hr \/>\n<ul>\n<li><strong><a href=\"http:\/\/bellinzoni.net\/fichas_tecnicas\/total\/FT_Total_Protecao.pdf\" target=\"_blank\" rel=\"noopener noreferrer\">Ficha T\u00e9cnica do Produto<\/a><\/strong><\/li>\n<li><strong><a href=\"#\" target=\"_blank\" rel=\"noopener noreferrer\">Ficha de Seguran\u00e7a \u2013\u00a0FISPQ<\/a><\/strong><\/li>\n<\/ul>\n","protected":false},"excerpt":{"rendered":"<h5 class=\"no-margin\"><\/h5>\n<p>Impermeabilizante que protege a superf\u00edcie contra manchas de \u00e1gua e \u00f3leo. Pode ser usado em m\u00e1rmore, granito, porcelanato, cer\u00e2mica e pedras em geral. Pode ser usado em superf\u00edcie lisa ou bruta, \u00e1rea interna ou externa, piso, bancada, mesa, parede e fachada sem restri\u00e7\u00f5es. Protege tamb\u00e9m o rejunte, evitando o surgimento de mofo, fungo ou bolor. Evita encardimento da superf\u00edcie. Efeito natural, ou seja, n\u00e3o altera a cor ou textura do material. N\u00e3o forma pel\u00edcula. O produto age por penetra\u00e7\u00e3o nos poros do material e \u00e9 hidrofugante, deixa o revestimento respirar. Por agir dentro dos poros do material e n\u00e3o formar pel\u00edcula, o impermeabilizante n\u00e3o tem qualquer contato com alimentos que estejam sobre o material, exceto em caso raro de forma\u00e7\u00e3o de excesso do produto quando a superf\u00edcie n\u00e3o o absorve totalmente devido a m\u00e1 limpeza ou n\u00e3o estar totalmente seca antes da aplica\u00e7\u00e3o do impermeabilizante. A reaplica\u00e7\u00e3o deve ser feita anualmente ou conforme a necessidade. Ao perceber que a superf\u00edcie est\u00e1 absorvendo \u00e1gua, reaplique o impermeabilizante novamente. O produto \u00e9 pronto para uso e n\u00e3o deve ser dilu\u00eddo em \u00e1gua. O produto n\u00e3o protege contra riscos, queima \u00e1cida ou de solvente, urina de pets, poeira, marcas de sapatos ou pneus. Sua f\u00f3rmula especial de \u00faltima tecnologia confere durabilidade na prote\u00e7\u00e3o do material contra \u00e1gua e \u00f3leo ( desde que seja feita manuten\u00e7\u00e3o correta sem produtos ou utens\u00edlios abrasivos ).<\/p>\n","protected":false},"featured_media":1002483,"template":"","meta":[],"product_brand":[],"product_cat":[74],"product_tag":[],"class_list":{"0":"post-1000295","1":"product","2":"type-product","3":"status-publish","4":"has-post-thumbnail","6":"product_cat-profissional","8":"first","9":"instock","10":"virtual","11":"product-type-simple"},"_links":{"self":[{"href":"https:\/\/bellinzoni.net\/pt\/wp-json\/wp\/v2\/product\/1000295","targetHints":{"allow":["GET"]}}],"collection":[{"href":"https:\/\/bellinzoni.net\/pt\/wp-json\/wp\/v2\/product"}],"about":[{"href":"https:\/\/bellinzoni.net\/pt\/wp-json\/wp\/v2\/types\/product"}],"version-history":[{"count":3,"href":"https:\/\/bellinzoni.net\/pt\/wp-json\/wp\/v2\/product\/1000295\/revisions"}],"predecessor-version":[{"id":1002187,"href":"https:\/\/bellinzoni.net\/pt\/wp-json\/wp\/v2\/product\/1000295\/revisions\/1002187"}],"wp:featuredmedia":[{"embeddable":true,"href":"https:\/\/bellinzoni.net\/pt\/wp-json\/wp\/v2\/media\/1002483"}],"wp:attachment":[{"href":"https:\/\/bellinzoni.net\/pt\/wp-json\/wp\/v2\/media?parent=1000295"}],"wp:term":[{"taxonomy":"product_brand","embeddable":true,"href":"https:\/\/bellinzoni.net\/pt\/wp-json\/wp\/v2\/product_brand?post=1000295"},{"taxonomy":"product_cat","embeddable":true,"href":"https:\/\/bellinzoni.net\/pt\/wp-json\/wp\/v2\/product_cat?post=1000295"},{"taxonomy":"product_tag","embeddable":true,"href":"https:\/\/bellinzoni.net\/pt\/wp-json\/wp\/v2\/product_tag?post=1000295"}],"curies":[{"name":"wp","href":"https:\/\/api.w.org\/{rel}","templated":true}]}}