{"id":1000296,"date":"2026-01-28T20:34:13","date_gmt":"2026-01-28T20:34:13","guid":{"rendered":"https:\/\/bellinzoni.net\/pt\/?post_type=product&#038;p=1000296"},"modified":"2026-03-27T16:08:59","modified_gmt":"2026-03-27T16:08:59","slug":"total-black","status":"publish","type":"product","link":"https:\/\/bellinzoni.net\/pt\/produto\/total-black\/","title":{"rendered":"Total Black"},"content":{"rendered":"<p class=\"no-margin\">C\u00f3digo do Produto: 900 g \u2013 000127<\/p>\n<hr \/>\n<h5 class=\"no-margin\">Superf\u00edcies de Aplica\u00e7\u00e3o<\/h5>\n<hr \/>\n<ul>\n<li>M\u00e1rmore<\/li>\n<li>Granito<\/li>\n<\/ul>\n<hr \/>\n<h5 class=\"no-margin\">Instru\u00e7\u00f5es de Uso<\/h5>\n<hr \/>\n<p>Aplique o Total Black na superf\u00edcie totalmente limpa, seca, livre de ceras e poeiras, com aux\u00edlio de uma estopa ou pano. Espalhe bem o produto de maneira uniforme, no mesmo sentido, cobrindo toda a \u00e1rea a ser tratada. Em caso de excesso, proceda a remo\u00e7\u00e3o com flanela, pano ou estopa limpa e seca. Recomenda-se um teste em pequena \u00e1rea antes do uso. Uma vez aplicado o produto, n\u00e3o \u00e9 poss\u00edvel remover o que a pedra absorveu.<\/p>\n<hr \/>\n<h5 class=\"no-margin\">Rendimento<\/h5>\n<hr \/>\n<p>1 Kg rende aproximadamente 35 m\u00b2.<\/p>\n<hr \/>\n<h5 class=\"no-margin\">Downloads<\/h5>\n<hr \/>\n<ul>\n<li><strong><a href=\"http:\/\/bellinzoni.net\/fichas_tecnicas\/total\/FT_Total_Black.pdf\" target=\"_blank\" rel=\"noopener noreferrer\">Ficha T\u00e9cnica do Produto<\/a><\/strong><\/li>\n<li><strong><a href=\"#\" target=\"_blank\" rel=\"noopener noreferrer\">Ficha de Seguran\u00e7a \u2013\u00a0FISPQ<\/a><\/strong><\/li>\n<\/ul>\n","protected":false},"excerpt":{"rendered":"<p>O super ativador de cor Total Black \u00e9 um poderoso produto de cor preta com alta capacidade de penetra\u00e7\u00e3o na superf\u00edcie de m\u00e1rmores ou granito pretos ou escuros. Ativa intensamente a cor do material, eliminando o aspecto cinzento ou \u201crusso\u201d atrav\u00e9s de uma profunda penetra\u00e7\u00e3o de pigmenta\u00e7\u00e3o preta que age rapidamente apenas com a aplica\u00e7\u00e3o feita com uma estopa. Proporciona escurecimento de cristais componentes de alguns materiais, dando mais uniformidade \u00e0 sua cor natural. Protege contra \u00e1gua, \u00f3leo e gordura.<\/p>\n","protected":false},"featured_media":1002481,"template":"","meta":[],"product_brand":[],"product_cat":[74],"product_tag":[],"class_list":{"0":"post-1000296","1":"product","2":"type-product","3":"status-publish","4":"has-post-thumbnail","6":"product_cat-profissional","8":"first","9":"instock","10":"virtual","11":"product-type-simple"},"_links":{"self":[{"href":"https:\/\/bellinzoni.net\/pt\/wp-json\/wp\/v2\/product\/1000296","targetHints":{"allow":["GET"]}}],"collection":[{"href":"https:\/\/bellinzoni.net\/pt\/wp-json\/wp\/v2\/product"}],"about":[{"href":"https:\/\/bellinzoni.net\/pt\/wp-json\/wp\/v2\/types\/product"}],"version-history":[{"count":3,"href":"https:\/\/bellinzoni.net\/pt\/wp-json\/wp\/v2\/product\/1000296\/revisions"}],"predecessor-version":[{"id":1001939,"href":"https:\/\/bellinzoni.net\/pt\/wp-json\/wp\/v2\/product\/1000296\/revisions\/1001939"}],"wp:featuredmedia":[{"embeddable":true,"href":"https:\/\/bellinzoni.net\/pt\/wp-json\/wp\/v2\/media\/1002481"}],"wp:attachment":[{"href":"https:\/\/bellinzoni.net\/pt\/wp-json\/wp\/v2\/media?parent=1000296"}],"wp:term":[{"taxonomy":"product_brand","embeddable":true,"href":"https:\/\/bellinzoni.net\/pt\/wp-json\/wp\/v2\/product_brand?post=1000296"},{"taxonomy":"product_cat","embeddable":true,"href":"https:\/\/bellinzoni.net\/pt\/wp-json\/wp\/v2\/product_cat?post=1000296"},{"taxonomy":"product_tag","embeddable":true,"href":"https:\/\/bellinzoni.net\/pt\/wp-json\/wp\/v2\/product_tag?post=1000296"}],"curies":[{"name":"wp","href":"https:\/\/api.w.org\/{rel}","templated":true}]}}