{"id":1000297,"date":"2026-01-28T20:34:13","date_gmt":"2026-01-28T20:34:13","guid":{"rendered":"https:\/\/bellinzoni.net\/pt\/?post_type=product&#038;p=1000297"},"modified":"2026-03-18T16:11:27","modified_gmt":"2026-03-18T16:11:27","slug":"total-color-acqua","status":"publish","type":"product","link":"https:\/\/bellinzoni.net\/pt\/produto\/total-color-acqua\/","title":{"rendered":"Total Color Acqua"},"content":{"rendered":"<div class=\"flex flex-col text-sm pb-25\">\n<section class=\"text-token-text-primary w-full focus:outline-none [--shadow-height:45px] has-data-writing-block:pointer-events-none has-data-writing-block:-mt-(--shadow-height) has-data-writing-block:pt-(--shadow-height) [&amp;:has([data-writing-block])&gt;*]:pointer-events-auto scroll-mt-[calc(var(--header-height)+min(200px,max(70px,20svh)))]\" dir=\"auto\" data-turn-id=\"request-69b7f979-be64-8329-a0b1-b177f97d4070-17\" data-testid=\"conversation-turn-248\" data-scroll-anchor=\"true\" data-turn=\"assistant\">\n<div class=\"text-base my-auto mx-auto pb-10 [--thread-content-margin:var(--thread-content-margin-xs,calc(var(--spacing)*4))] @w-sm\/main:[--thread-content-margin:var(--thread-content-margin-sm,calc(var(--spacing)*6))] @w-lg\/main:[--thread-content-margin:var(--thread-content-margin-lg,calc(var(--spacing)*16))] px-(--thread-content-margin)\">\n<div class=\"[--thread-content-max-width:40rem] @w-lg\/main:[--thread-content-max-width:48rem] mx-auto max-w-(--thread-content-max-width) flex-1 group\/turn-messages focus-visible:outline-hidden relative flex w-full min-w-0 flex-col agent-turn\">\n<div class=\"flex max-w-full flex-col gap-4 grow\">\n<div class=\"min-h-8 text-message relative flex w-full flex-col items-end gap-2 text-start break-words whitespace-normal outline-none keyboard-focused:focus-ring [.text-message+&amp;]:mt-1\" dir=\"auto\" tabindex=\"0\" data-message-author-role=\"assistant\" data-message-id=\"4d74c4b2-1d41-4e11-93ff-6ad810c0b55c\" data-message-model-slug=\"gpt-5-3\" data-turn-start-message=\"true\">\n<div class=\"flex w-full flex-col gap-1 empty:hidden\">\n<div class=\"markdown prose dark:prose-invert w-full wrap-break-word dark markdown-new-styling\">\n<p data-start=\"201\" data-end=\"251\"><strong data-start=\"201\" data-end=\"214\">Descri\u00e7\u00e3o<\/strong><br data-start=\"214\" data-end=\"217\" \/>C\u00f3digo do Produto: 900 ml \u2013 000670<\/p>\n<hr data-start=\"253\" data-end=\"256\" \/>\n<p data-start=\"258\" data-end=\"347\"><strong data-start=\"258\" data-end=\"286\">Superf\u00edcies de Aplica\u00e7\u00e3o<\/strong><br data-start=\"286\" data-end=\"289\" \/>M\u00e1rmore<br data-start=\"296\" data-end=\"299\" \/>Granito<br data-start=\"306\" data-end=\"309\" \/>Concreto<br data-start=\"317\" data-end=\"320\" \/>Ard\u00f3sia<br data-start=\"327\" data-end=\"330\" \/>Pedras em Geral<\/p>\n<hr data-start=\"349\" data-end=\"352\" \/>\n<p data-start=\"354\" data-end=\"375\"><strong data-start=\"354\" data-end=\"375\">Instru\u00e7\u00f5es de Uso<\/strong><\/p>\n<p data-start=\"377\" data-end=\"405\"><strong data-start=\"377\" data-end=\"405\">Prepara\u00e7\u00e3o da superf\u00edcie<\/strong><\/p>\n<p data-start=\"407\" data-end=\"442\">Agite bem o produto antes do uso.<\/p>\n<p data-start=\"444\" data-end=\"524\">A superf\u00edcie deve estar completamente limpa, seca e livre de poeiras ou umidade.<\/p>\n<hr data-start=\"526\" data-end=\"529\" \/>\n<p data-start=\"531\" data-end=\"555\"><strong data-start=\"531\" data-end=\"555\">Aplica\u00e7\u00e3o do produto<\/strong><\/p>\n<p data-start=\"557\" data-end=\"668\">Aplique o produto com aux\u00edlio de esponja, estopa, rolo, pincel ou pulverizador, espalhando de maneira uniforme.<\/p>\n<hr data-start=\"670\" data-end=\"673\" \/>\n<p data-start=\"675\" data-end=\"685\"><strong data-start=\"675\" data-end=\"685\">Dem\u00e3os<\/strong><\/p>\n<p data-start=\"687\" data-end=\"831\">Em materiais muito absorventes, recomenda-se aplicar uma segunda dem\u00e3o cruzada, com intervalo de aproximadamente 30 minutos entre as aplica\u00e7\u00f5es.<\/p>\n<hr data-start=\"833\" data-end=\"836\" \/>\n<p data-start=\"838\" data-end=\"852\"><strong data-start=\"838\" data-end=\"852\">Acabamento<\/strong><\/p>\n<p data-start=\"854\" data-end=\"982\">Ap\u00f3s a segunda dem\u00e3o, aguarde cerca de 10 minutos (dependendo da absor\u00e7\u00e3o do material) e remova qualquer excesso com pano limpo.<\/p>\n<hr data-start=\"984\" data-end=\"987\" \/>\n<p data-start=\"989\" data-end=\"1009\"><strong data-start=\"989\" data-end=\"1009\">Libera\u00e7\u00e3o de uso<\/strong><\/p>\n<p data-start=\"1011\" data-end=\"1089\">Ap\u00f3s a remo\u00e7\u00e3o dos res\u00edduos, aguarde de 4 a 6 horas para libera\u00e7\u00e3o do tr\u00e1fego.<\/p>\n<hr data-start=\"1091\" data-end=\"1094\" \/>\n<p data-start=\"1096\" data-end=\"1110\"><strong data-start=\"1096\" data-end=\"1110\">Rendimento<\/strong><\/p>\n<p data-start=\"1112\" data-end=\"1231\" data-is-last-node=\"\" data-is-only-node=\"\">1 litro rende aproximadamente de 10 a 20 m\u00b2, variando conforme a porosidade do material e o n\u00famero de dem\u00e3os aplicadas.<\/p>\n<\/div>\n<\/div>\n<\/div>\n<\/div>\n<div class=\"mt-3 w-full empty:hidden\">\n<div class=\"text-center\"><\/div>\n<\/div>\n<\/div>\n<\/div>\n<\/section>\n<\/div>\n<hr \/>\n<h5 class=\"no-margin\">Downloads<\/h5>\n<hr \/>\n<ul>\n<li><strong><a href=\"http:\/\/bellinzoni.net\/fichas_tecnicas\/total\/FT_Total_Color_Acqua.pdf\" target=\"_blank\" rel=\"noopener noreferrer\">Ficha T\u00e9cnica do Produto<\/a><\/strong><\/li>\n<li><strong><a href=\"#\" target=\"_blank\" rel=\"noopener noreferrer\">Ficha de Seguran\u00e7a \u2013\u00a0FISPQ<\/a><\/strong><\/li>\n<\/ul>\n","protected":false},"excerpt":{"rendered":"<p>Total Color Acqua \u00e9 um ativador de cor \u00e0 base de \u00e1gua. Destaca a cor do material aprimorando sua beleza sem formar filme sobre a superf\u00edcie. Trata-se de um produto muito vers\u00e1til e pode ser aplicado em material bruto e polido. Sua aplica\u00e7\u00e3o \u00e9 f\u00e1cil e n\u00e3o forma excesso. Pode ser aplicado em m\u00e1rmores, granitos, concreto, ard\u00f3sia e pedras em geral.<\/p>\n","protected":false},"featured_media":1000341,"template":"","meta":[],"product_brand":[],"product_cat":[74],"product_tag":[],"class_list":{"0":"post-1000297","1":"product","2":"type-product","3":"status-publish","4":"has-post-thumbnail","6":"product_cat-profissional","8":"first","9":"instock","10":"virtual","11":"product-type-simple"},"_links":{"self":[{"href":"https:\/\/bellinzoni.net\/pt\/wp-json\/wp\/v2\/product\/1000297","targetHints":{"allow":["GET"]}}],"collection":[{"href":"https:\/\/bellinzoni.net\/pt\/wp-json\/wp\/v2\/product"}],"about":[{"href":"https:\/\/bellinzoni.net\/pt\/wp-json\/wp\/v2\/types\/product"}],"version-history":[{"count":4,"href":"https:\/\/bellinzoni.net\/pt\/wp-json\/wp\/v2\/product\/1000297\/revisions"}],"predecessor-version":[{"id":1002200,"href":"https:\/\/bellinzoni.net\/pt\/wp-json\/wp\/v2\/product\/1000297\/revisions\/1002200"}],"wp:featuredmedia":[{"embeddable":true,"href":"https:\/\/bellinzoni.net\/pt\/wp-json\/wp\/v2\/media\/1000341"}],"wp:attachment":[{"href":"https:\/\/bellinzoni.net\/pt\/wp-json\/wp\/v2\/media?parent=1000297"}],"wp:term":[{"taxonomy":"product_brand","embeddable":true,"href":"https:\/\/bellinzoni.net\/pt\/wp-json\/wp\/v2\/product_brand?post=1000297"},{"taxonomy":"product_cat","embeddable":true,"href":"https:\/\/bellinzoni.net\/pt\/wp-json\/wp\/v2\/product_cat?post=1000297"},{"taxonomy":"product_tag","embeddable":true,"href":"https:\/\/bellinzoni.net\/pt\/wp-json\/wp\/v2\/product_tag?post=1000297"}],"curies":[{"name":"wp","href":"https:\/\/api.w.org\/{rel}","templated":true}]}}