{"id":1000313,"date":"2026-01-28T20:34:35","date_gmt":"2026-01-28T20:34:35","guid":{"rendered":"https:\/\/bellinzoni.net\/pt\/?post_type=product&#038;p=1000313"},"modified":"2026-03-27T16:08:51","modified_gmt":"2026-03-27T16:08:51","slug":"realce-cor","status":"publish","type":"product","link":"https:\/\/bellinzoni.net\/pt\/produto\/realce-cor\/","title":{"rendered":"Realce Cor"},"content":{"rendered":"<p class=\"no-margin\"><strong data-start=\"299\" data-end=\"312\">Descri\u00e7\u00e3o<\/strong><\/p>\n<div class=\"flex flex-col text-sm pb-25\">\n<section class=\"text-token-text-primary w-full focus:outline-none [--shadow-height:45px] has-data-writing-block:pointer-events-none has-data-writing-block:-mt-(--shadow-height) has-data-writing-block:pt-(--shadow-height) [&amp;:has([data-writing-block])&gt;*]:pointer-events-auto scroll-mt-[calc(var(--header-height)+min(200px,max(70px,20svh)))]\" dir=\"auto\" data-turn-id=\"request-69b7f979-be64-8329-a0b1-b177f97d4070-6\" data-testid=\"conversation-turn-226\" data-scroll-anchor=\"true\" data-turn=\"assistant\">\n<div class=\"text-base my-auto mx-auto pb-10 [--thread-content-margin:var(--thread-content-margin-xs,calc(var(--spacing)*4))] @w-sm\/main:[--thread-content-margin:var(--thread-content-margin-sm,calc(var(--spacing)*6))] @w-lg\/main:[--thread-content-margin:var(--thread-content-margin-lg,calc(var(--spacing)*16))] px-(--thread-content-margin)\">\n<div class=\"[--thread-content-max-width:40rem] @w-lg\/main:[--thread-content-max-width:48rem] mx-auto max-w-(--thread-content-max-width) flex-1 group\/turn-messages focus-visible:outline-hidden relative flex w-full min-w-0 flex-col agent-turn\">\n<div class=\"flex max-w-full flex-col gap-4 grow\">\n<div class=\"min-h-8 text-message relative flex w-full flex-col items-end gap-2 text-start break-words whitespace-normal outline-none keyboard-focused:focus-ring [.text-message+&amp;]:mt-1\" dir=\"auto\" tabindex=\"0\" data-message-author-role=\"assistant\" data-message-id=\"2832c7df-1053-477e-97a2-118ef4b4579b\" data-message-model-slug=\"gpt-5-3\" data-turn-start-message=\"true\">\n<div class=\"flex w-full flex-col gap-1 empty:hidden\">\n<div class=\"markdown prose dark:prose-invert w-full wrap-break-word dark markdown-new-styling\">\n<p data-start=\"299\" data-end=\"395\">C\u00f3digo do Produto: 1 L \u2013 000770 | 5 L \u2013 000773 | 20 L \u2013 000780 | 500 ml \u2013 000779<\/p>\n<hr data-start=\"397\" data-end=\"400\" \/>\n<p data-start=\"402\" data-end=\"475\"><strong data-start=\"402\" data-end=\"430\">Superf\u00edcies de Aplica\u00e7\u00e3o<\/strong><br data-start=\"430\" data-end=\"433\" \/>Porcelanato<br data-start=\"444\" data-end=\"447\" \/>Cer\u00e2mica<br data-start=\"455\" data-end=\"458\" \/>Pisos Amadeirados<\/p>\n<hr data-start=\"477\" data-end=\"480\" \/>\n<p data-start=\"482\" data-end=\"503\"><strong data-start=\"482\" data-end=\"503\">Instru\u00e7\u00f5es de Uso<\/strong><\/p>\n<p data-start=\"505\" data-end=\"533\"><strong data-start=\"505\" data-end=\"533\">Prepara\u00e7\u00e3o da superf\u00edcie<\/strong><\/p>\n<p data-start=\"535\" data-end=\"631\">A superf\u00edcie deve estar completamente limpa, seca e livre de poeiras, resinas, ceras ou umidade.<\/p>\n<hr data-start=\"633\" data-end=\"636\" \/>\n<p data-start=\"638\" data-end=\"662\"><strong data-start=\"638\" data-end=\"662\">Aplica\u00e7\u00e3o do produto<\/strong><\/p>\n<p data-start=\"664\" data-end=\"787\">Aplique o produto com aux\u00edlio de um rolo de espuma novo, em um \u00fanico sentido, garantindo cobertura uniforme em toda a \u00e1rea.<\/p>\n<hr data-start=\"789\" data-end=\"792\" \/>\n<p data-start=\"794\" data-end=\"805\"><strong data-start=\"794\" data-end=\"805\">Secagem<\/strong><\/p>\n<p data-start=\"807\" data-end=\"896\">Deixe secar por aproximadamente 15 a 30 minutos e observe o resultado da ativa\u00e7\u00e3o de cor.<\/p>\n<hr data-start=\"898\" data-end=\"901\" \/>\n<p data-start=\"903\" data-end=\"913\"><strong data-start=\"903\" data-end=\"913\">Dem\u00e3os<\/strong><\/p>\n<p data-start=\"915\" data-end=\"991\">Caso necess\u00e1rio, aplique uma segunda dem\u00e3o ap\u00f3s a secagem total da primeira.<\/p>\n<hr data-start=\"993\" data-end=\"996\" \/>\n<p data-start=\"998\" data-end=\"1013\"><strong data-start=\"998\" data-end=\"1013\">Observa\u00e7\u00f5es<\/strong><\/p>\n<p data-start=\"1015\" data-end=\"1149\">Recomenda-se realizar um teste pr\u00e9vio em uma pequena \u00e1rea para definir o n\u00famero ideal de dem\u00e3os e o n\u00edvel de ativa\u00e7\u00e3o de cor desejado.<\/p>\n<p data-start=\"1151\" data-end=\"1247\" data-is-last-node=\"\" data-is-only-node=\"\">O produto n\u00e3o forma filme sobre a superf\u00edcie, por\u00e9m o excesso de aplica\u00e7\u00f5es pode causar ac\u00famulo.<\/p>\n<\/div>\n<\/div>\n<\/div>\n<\/div>\n<\/div>\n<\/div>\n<\/section>\n<\/div>\n<h5 class=\"no-margin\">Downloads<\/h5>\n<hr \/>\n<ul>\n<li><strong><a href=\"https:\/\/bellinzoni.net\/fichas_tecnicas\/ft-2021\/FT_Total_Realce_Cor.pdf\" target=\"_blank\" rel=\"noopener noreferrer\">Ficha T\u00e9cnica do Produto<\/a><\/strong><\/li>\n<li><strong><a href=\"https:\/\/bellinzoni.net\/fichas_tecnicas\/ft-2021\/Realce%20cor_Fispq_v1_rev0.pdf\" target=\"_blank\" rel=\"noopener noreferrer\">Ficha de Seguran\u00e7a \u2013\u00a0FISPQ<\/a><\/strong><\/li>\n<\/ul>\n","protected":false},"excerpt":{"rendered":"<p>Bellinzoni Realce Cor \u00e9 um produto especial para embelezar e proteger seu porcelanato que esta sem cor. Ele ativa a cor da superf\u00edcie facilmente conferindo vida a uma superf\u00edcie apagada deixando o ambiente mais bonito. O produto real\u00e7a a tonalidade das cores do material eliminando o desbotamento natural causado pelo tr\u00e1fego e desgaste do tempo. Protege contra absor\u00e7\u00e3o de \u00e1gua e evita manchas indesej\u00e1veis proporcionando prote\u00e7\u00e3o ao material. Realce Cor age por impregna\u00e7\u00e3o preenchendo os poros da superf\u00edcie sem formar filme o que evita que descasque com o tempo ou que o produto seja removido por algum removedor de cera. Ideal para porcelanatos mais escuros e sem vida. Embeleze sua casa de maneira f\u00e1cil e r\u00e1pida.<\/p>\n","protected":false},"featured_media":1002480,"template":"","meta":[],"product_brand":[],"product_cat":[74],"product_tag":[],"class_list":{"0":"post-1000313","1":"product","2":"type-product","3":"status-publish","4":"has-post-thumbnail","6":"product_cat-profissional","8":"first","9":"instock","10":"virtual","11":"product-type-simple"},"_links":{"self":[{"href":"https:\/\/bellinzoni.net\/pt\/wp-json\/wp\/v2\/product\/1000313","targetHints":{"allow":["GET"]}}],"collection":[{"href":"https:\/\/bellinzoni.net\/pt\/wp-json\/wp\/v2\/product"}],"about":[{"href":"https:\/\/bellinzoni.net\/pt\/wp-json\/wp\/v2\/types\/product"}],"version-history":[{"count":3,"href":"https:\/\/bellinzoni.net\/pt\/wp-json\/wp\/v2\/product\/1000313\/revisions"}],"predecessor-version":[{"id":1002186,"href":"https:\/\/bellinzoni.net\/pt\/wp-json\/wp\/v2\/product\/1000313\/revisions\/1002186"}],"wp:featuredmedia":[{"embeddable":true,"href":"https:\/\/bellinzoni.net\/pt\/wp-json\/wp\/v2\/media\/1002480"}],"wp:attachment":[{"href":"https:\/\/bellinzoni.net\/pt\/wp-json\/wp\/v2\/media?parent=1000313"}],"wp:term":[{"taxonomy":"product_brand","embeddable":true,"href":"https:\/\/bellinzoni.net\/pt\/wp-json\/wp\/v2\/product_brand?post=1000313"},{"taxonomy":"product_cat","embeddable":true,"href":"https:\/\/bellinzoni.net\/pt\/wp-json\/wp\/v2\/product_cat?post=1000313"},{"taxonomy":"product_tag","embeddable":true,"href":"https:\/\/bellinzoni.net\/pt\/wp-json\/wp\/v2\/product_tag?post=1000313"}],"curies":[{"name":"wp","href":"https:\/\/api.w.org\/{rel}","templated":true}]}}