{"id":1000314,"date":"2026-01-28T20:34:35","date_gmt":"2026-01-28T20:34:35","guid":{"rendered":"https:\/\/bellinzoni.net\/pt\/?post_type=product&#038;p=1000314"},"modified":"2026-03-17T14:15:51","modified_gmt":"2026-03-17T14:15:51","slug":"restaura-manutencao","status":"publish","type":"product","link":"https:\/\/bellinzoni.net\/pt\/produto\/restaura-manutencao\/","title":{"rendered":"Restaura Manuten\u00e7\u00e3o"},"content":{"rendered":"<p data-start=\"307\" data-end=\"374\"><strong data-start=\"307\" data-end=\"320\">Descri\u00e7\u00e3o<\/strong><br data-start=\"320\" data-end=\"323\" \/>C\u00f3digo do Produto: 800 g \u2013 000863 | 2,5 kg \u2013 000867<\/p>\n<hr data-start=\"376\" data-end=\"379\" \/>\n<p data-start=\"381\" data-end=\"423\"><strong data-start=\"381\" data-end=\"409\">Superf\u00edcies de Aplica\u00e7\u00e3o<\/strong><br data-start=\"409\" data-end=\"412\" \/>Porcelanato<\/p>\n<hr data-start=\"425\" data-end=\"428\" \/>\n<p data-start=\"430\" data-end=\"451\"><strong data-start=\"430\" data-end=\"451\">Instru\u00e7\u00f5es de Uso<\/strong><\/p>\n<p data-start=\"453\" data-end=\"481\"><strong data-start=\"453\" data-end=\"481\">Prepara\u00e7\u00e3o da superf\u00edcie<\/strong><\/p>\n<p data-start=\"483\" data-end=\"562\">A superf\u00edcie deve estar completamente limpa, seca e livre de poeira ou umidade.<\/p>\n<hr data-start=\"564\" data-end=\"567\" \/>\n<p data-start=\"569\" data-end=\"593\"><strong data-start=\"569\" data-end=\"593\">Aplica\u00e7\u00e3o do produto<\/strong><\/p>\n<p data-start=\"595\" data-end=\"676\">Utilize o produto puro. Trabalhe em pequenas \u00e1reas, aproximadamente 1 m\u00b2 por vez.<\/p>\n<p data-start=\"678\" data-end=\"739\">Despeje cerca de 150 g do produto sobre a \u00e1rea a ser tratada.<\/p>\n<hr data-start=\"741\" data-end=\"744\" \/>\n<p data-start=\"746\" data-end=\"759\"><strong data-start=\"746\" data-end=\"759\">Polimento<\/strong><\/p>\n<p data-start=\"761\" data-end=\"924\">Com aux\u00edlio de uma enceradeira equipada com disco de fibra branco, realize movimentos cont\u00ednuos at\u00e9 que o produto seque completamente e n\u00e3o haja res\u00edduos vis\u00edveis.<\/p>\n<p data-start=\"926\" data-end=\"979\">Ap\u00f3s finalizar a \u00e1rea, prossiga para o pr\u00f3ximo setor.<\/p>\n<p data-start=\"981\" data-end=\"1076\">Se necess\u00e1rio, repita a aplica\u00e7\u00e3o para intensificar o brilho ou melhorar a veda\u00e7\u00e3o superficial.<\/p>\n<hr data-start=\"1078\" data-end=\"1081\" \/>\n<p data-start=\"1083\" data-end=\"1098\"><strong data-start=\"1083\" data-end=\"1098\">Finaliza\u00e7\u00e3o<\/strong><\/p>\n<p data-start=\"1100\" data-end=\"1207\">Ap\u00f3s o polimento, enx\u00e1gue a superf\u00edcie com \u00e1gua e remova os res\u00edduos com aspirador ou equipamento adequado.<\/p>\n<hr data-start=\"1209\" data-end=\"1212\" \/>\n<p data-start=\"1214\" data-end=\"1245\"><strong data-start=\"1214\" data-end=\"1245\">Observa\u00e7\u00f5es e Recomenda\u00e7\u00f5es<\/strong><\/p>\n<p data-start=\"1247\" data-end=\"1575\">N\u00e3o aplicar sobre superf\u00edcies molhadas.<br data-start=\"1286\" data-end=\"1289\" \/>N\u00e3o aplicar em superf\u00edcies superaquecidas.<br data-start=\"1331\" data-end=\"1334\" \/>Aplicar em temperaturas entre +5\u00b0C e +40\u00b0C.<br data-start=\"1377\" data-end=\"1380\" \/>Em superf\u00edcies rec\u00e9m-assentadas ou rejuntadas, aguardar a cura total antes da aplica\u00e7\u00e3o.<br data-start=\"1468\" data-end=\"1471\" \/>Recomenda-se realizar um teste pr\u00e9vio em \u00e1rea n\u00e3o vis\u00edvel para verificar a compatibilidade do produto.<\/p>\n<p data-start=\"1577\" data-end=\"1677\" data-is-last-node=\"\" data-is-only-node=\"\">O produto n\u00e3o apresenta marcas de sobreposi\u00e7\u00e3o, garantindo acabamento uniforme entre \u00e1reas tratadas.<\/p>\n<hr \/>\n<h5 class=\"no-margin\">Downloads<\/h5>\n<hr \/>\n<ul>\n<li><strong><a href=\"http:\/\/bellinzoni.net\/ft-2021\/FT-Restaura-Manutencao-Bellinzoni.pdf\" target=\"_blank\" rel=\"noopener noreferrer\">Ficha T\u00e9cnica do Produto<\/a><\/strong><\/li>\n<li><strong><a href=\"http:\/\/bellinzoni.net\/2017\/produto\/restaura-nevoa\/#\" target=\"_blank\" rel=\"noopener noreferrer\">Ficha de Seguran\u00e7a \u2013\u00a0FISPQ<\/a><\/strong><\/li>\n<\/ul>\n","protected":false},"excerpt":{"rendered":"<h5 class=\"no-margin\"><\/h5>\n<p>Restaura Manuten\u00e7\u00e3o \u00e9 um produto de polimento desenvolvido para superf\u00edcies duras como o porcelanato. A sua formula\u00e7\u00e3o especial \u00e0 base de \u00e1gua \u00e9 extremamente f\u00e1cil de usar e permite obter um brilho de intenso efeito vitrificado sem deixar res\u00edduos superficiais ou defeitos de polimento. O produto, pela sua simplicidade de aplica\u00e7\u00e3o, \u00e9 especialmente indicado para manter o polimento dessas superf\u00edcies em grandes \u00e1reas, cujo polimento e respectiva manuten\u00e7\u00e3o geralmente s\u00e3o dif\u00edceis. Na verdade, a fun\u00e7\u00e3o inovadora do Restaura Manuten\u00e7\u00e3o permite realizar opera\u00e7\u00f5es de polimento e manuten\u00e7\u00e3o de forma r\u00e1pida, eficiente e duradoura. O produto confere ao material excelente resist\u00eancia ao tr\u00e2nsito de pedestres, sujeira e manchas, simplificando a limpeza comum do piso tratado sem alterar sua ader\u00eancia superficial. <strong>CARACTER\u00cdSTICAS E BENEF\u00cdCIOS:<\/strong> Confere brilho intenso ao piso tratado. Proporciona ao piso excelente resist\u00eancia \u00e0 sujeira. Aumenta a resist\u00eancia ao tr\u00e1fego de pedestres da superf\u00edcie. Prote\u00e7\u00e3o duradoura contra sujeira e tr\u00e1fego de pedestres. Aplica\u00e7\u00e3o r\u00e1pida e f\u00e1cil. N\u00e3o cont\u00e9m ceras. Pode ser aplicado em \u00e1reas internas e externas.<\/p>\n","protected":false},"featured_media":1001804,"template":"","meta":[],"product_brand":[],"product_cat":[68],"product_tag":[],"class_list":{"0":"post-1000314","1":"product","2":"type-product","3":"status-publish","4":"has-post-thumbnail","6":"product_cat-corporate","8":"first","9":"instock","10":"virtual","11":"product-type-simple"},"_links":{"self":[{"href":"https:\/\/bellinzoni.net\/pt\/wp-json\/wp\/v2\/product\/1000314","targetHints":{"allow":["GET"]}}],"collection":[{"href":"https:\/\/bellinzoni.net\/pt\/wp-json\/wp\/v2\/product"}],"about":[{"href":"https:\/\/bellinzoni.net\/pt\/wp-json\/wp\/v2\/types\/product"}],"version-history":[{"count":3,"href":"https:\/\/bellinzoni.net\/pt\/wp-json\/wp\/v2\/product\/1000314\/revisions"}],"predecessor-version":[{"id":1002132,"href":"https:\/\/bellinzoni.net\/pt\/wp-json\/wp\/v2\/product\/1000314\/revisions\/1002132"}],"wp:featuredmedia":[{"embeddable":true,"href":"https:\/\/bellinzoni.net\/pt\/wp-json\/wp\/v2\/media\/1001804"}],"wp:attachment":[{"href":"https:\/\/bellinzoni.net\/pt\/wp-json\/wp\/v2\/media?parent=1000314"}],"wp:term":[{"taxonomy":"product_brand","embeddable":true,"href":"https:\/\/bellinzoni.net\/pt\/wp-json\/wp\/v2\/product_brand?post=1000314"},{"taxonomy":"product_cat","embeddable":true,"href":"https:\/\/bellinzoni.net\/pt\/wp-json\/wp\/v2\/product_cat?post=1000314"},{"taxonomy":"product_tag","embeddable":true,"href":"https:\/\/bellinzoni.net\/pt\/wp-json\/wp\/v2\/product_tag?post=1000314"}],"curies":[{"name":"wp","href":"https:\/\/api.w.org\/{rel}","templated":true}]}}