{"id":1000317,"date":"2026-01-28T20:34:35","date_gmt":"2026-01-28T20:34:35","guid":{"rendered":"https:\/\/bellinzoni.net\/pt\/?post_type=product&#038;p=1000317"},"modified":"2026-03-17T15:00:06","modified_gmt":"2026-03-17T15:00:06","slug":"restaura-concreto-endurecedor-hd","status":"publish","type":"product","link":"https:\/\/bellinzoni.net\/pt\/produto\/restaura-concreto-endurecedor-hd\/","title":{"rendered":"Restaura Concreto Endurecedor HD"},"content":{"rendered":"<div class=\"flex flex-col text-sm pb-25\">\n<article class=\"text-token-text-primary w-full focus:outline-none [--shadow-height:45px] has-data-writing-block:pointer-events-none has-data-writing-block:-mt-(--shadow-height) has-data-writing-block:pt-(--shadow-height) [&amp;:has([data-writing-block])&gt;*]:pointer-events-auto scroll-mt-[calc(var(--header-height)+min(200px,max(70px,20svh)))]\" dir=\"auto\" tabindex=\"-1\" data-turn-id=\"request-69b7f979-be64-8329-a0b1-b177f97d4070-1\" data-testid=\"conversation-turn-192\" data-scroll-anchor=\"true\" data-turn=\"assistant\">\n<div class=\"text-base my-auto mx-auto pb-10 [--thread-content-margin:var(--thread-content-margin-xs,calc(var(--spacing)*4))] @w-sm\/main:[--thread-content-margin:var(--thread-content-margin-sm,calc(var(--spacing)*6))] @w-lg\/main:[--thread-content-margin:var(--thread-content-margin-lg,calc(var(--spacing)*16))] px-(--thread-content-margin)\">\n<div class=\"[--thread-content-max-width:40rem] @w-lg\/main:[--thread-content-max-width:48rem] mx-auto max-w-(--thread-content-max-width) flex-1 group\/turn-messages focus-visible:outline-hidden relative flex w-full min-w-0 flex-col agent-turn\" tabindex=\"-1\">\n<div class=\"flex max-w-full flex-col gap-4 grow\">\n<div class=\"min-h-8 text-message relative flex w-full flex-col items-end gap-2 text-start break-words whitespace-normal [.text-message+&amp;]:mt-1\" dir=\"auto\" data-message-author-role=\"assistant\" data-message-id=\"ab0b00c2-49a0-41ff-a1d8-1e5a27fcffdd\" data-message-model-slug=\"gpt-5-3\">\n<div class=\"flex w-full flex-col gap-1 empty:hidden\">\n<div class=\"markdown prose dark:prose-invert w-full wrap-break-word dark markdown-new-styling\">\n<p data-start=\"347\" data-end=\"410\"><strong data-start=\"347\" data-end=\"360\">Descri\u00e7\u00e3o<\/strong><br data-start=\"360\" data-end=\"363\" \/>C\u00f3digo do Produto: 5 L \u2013 223166 | 20 L \u2013 223549<\/p>\n<hr data-start=\"412\" data-end=\"415\" \/>\n<p data-start=\"417\" data-end=\"482\"><strong data-start=\"417\" data-end=\"445\">Superf\u00edcies de Aplica\u00e7\u00e3o<\/strong><br data-start=\"445\" data-end=\"448\" \/>Concreto<br data-start=\"456\" data-end=\"459\" \/>Superf\u00edcies Ciment\u00edcias<\/p>\n<hr data-start=\"484\" data-end=\"487\" \/>\n<p data-start=\"489\" data-end=\"510\"><strong data-start=\"489\" data-end=\"510\">Instru\u00e7\u00f5es de Uso<\/strong><\/p>\n<p data-start=\"512\" data-end=\"540\"><strong data-start=\"512\" data-end=\"540\">Prepara\u00e7\u00e3o da superf\u00edcie<\/strong><\/p>\n<p data-start=\"542\" data-end=\"634\">O piso deve estar completamente limpo, seco e livre de poeiras, ceras, pel\u00edculas ou umidade.<\/p>\n<p data-start=\"636\" data-end=\"704\">O produto pode ser aplicado em pisos de concreto com qualquer idade.<\/p>\n<hr data-start=\"706\" data-end=\"709\" \/>\n<p data-start=\"711\" data-end=\"735\"><strong data-start=\"711\" data-end=\"735\">Aplica\u00e7\u00e3o do produto<\/strong><\/p>\n<p data-start=\"737\" data-end=\"774\">Utilize o produto puro, sem dilui\u00e7\u00e3o.<\/p>\n<p data-start=\"776\" data-end=\"871\">Aplique com aux\u00edlio de pulverizador (spray), mantendo rendimento aproximado de 12 m\u00b2 por litro.<\/p>\n<p data-start=\"873\" data-end=\"1005\">Em seguida, espalhe o produto de forma homog\u00eanea com aux\u00edlio de mop (vassoura com fios de microfibra), evitando a forma\u00e7\u00e3o de po\u00e7as.<\/p>\n<hr data-start=\"1007\" data-end=\"1010\" \/>\n<p data-start=\"1012\" data-end=\"1039\"><strong data-start=\"1012\" data-end=\"1039\">Tempo de a\u00e7\u00e3o e secagem<\/strong><\/p>\n<p data-start=\"1041\" data-end=\"1136\">Mantenha a superf\u00edcie \u00famida com o produto por, no m\u00ednimo, 2 minutos, reaplicando se necess\u00e1rio.<\/p>\n<p data-start=\"1138\" data-end=\"1203\">Ap\u00f3s esse per\u00edodo, deixe secar naturalmente at\u00e9 completa secagem.<\/p>\n<hr data-start=\"1205\" data-end=\"1208\" \/>\n<p data-start=\"1210\" data-end=\"1224\"><strong data-start=\"1210\" data-end=\"1224\">Observa\u00e7\u00e3o<\/strong><\/p>\n<p data-start=\"1226\" data-end=\"1306\">A aplica\u00e7\u00e3o uniforme \u00e9 essencial para garantir o desempenho adequado do produto.<\/p>\n<hr data-start=\"1308\" data-end=\"1311\" \/>\n<p data-start=\"1313\" data-end=\"1327\"><strong data-start=\"1313\" data-end=\"1327\">Rendimento<\/strong><\/p>\n<p data-start=\"1329\" data-end=\"1443\" data-is-last-node=\"\" data-is-only-node=\"\">Aproximadamente de 12 a 40 m\u00b2 por litro, podendo variar conforme temperatura, ambiente e porosidade da superf\u00edcie.<\/p>\n<\/div>\n<\/div>\n<\/div>\n<\/div>\n<\/div>\n<\/div>\n<\/article>\n<\/div>\n<hr \/>\n<h5 class=\"no-margin\">Downloads<\/h5>\n<hr \/>\n<ul>\n<li><strong><a href=\"http:\/\/bellinzoni.net\/ft-2021\/FT-Restaura-Concreto-Endurecedor-HD-Bellinzoni.pdf\" target=\"_blank\" rel=\"noopener noreferrer\">Ficha T\u00e9cnica do Produto<\/a><\/strong><\/li>\n<li><strong><a href=\"#\" target=\"_blank\" rel=\"noopener noreferrer\">Ficha de Seguran\u00e7a \u2013\u00a0FISPQ<\/a><\/strong><\/li>\n<\/ul>\n","protected":false},"excerpt":{"rendered":"<p>Produto especialmente formulado para endurecer e densificar superf\u00edcie l\u00edquida para concreto, rec\u00e9m-acabado ou em concreto curado com base de l\u00edthium em emuls\u00e3o aquosa que proporciona uma alta resist\u00eancia a abras\u00e3o com uma \u00fanica aplica\u00e7\u00e3o promovendo que a superf\u00edcie fique mais densa, impenetr\u00e1vel e forte evitando a forma\u00e7\u00e3o de poeira.<\/p>\n","protected":false},"featured_media":1001811,"template":"","meta":[],"product_brand":[],"product_cat":[68,74],"product_tag":[],"class_list":{"0":"post-1000317","1":"product","2":"type-product","3":"status-publish","4":"has-post-thumbnail","6":"product_cat-corporate","7":"product_cat-profissional","9":"first","10":"instock","11":"virtual","12":"product-type-simple"},"_links":{"self":[{"href":"https:\/\/bellinzoni.net\/pt\/wp-json\/wp\/v2\/product\/1000317","targetHints":{"allow":["GET"]}}],"collection":[{"href":"https:\/\/bellinzoni.net\/pt\/wp-json\/wp\/v2\/product"}],"about":[{"href":"https:\/\/bellinzoni.net\/pt\/wp-json\/wp\/v2\/types\/product"}],"version-history":[{"count":4,"href":"https:\/\/bellinzoni.net\/pt\/wp-json\/wp\/v2\/product\/1000317\/revisions"}],"predecessor-version":[{"id":1002154,"href":"https:\/\/bellinzoni.net\/pt\/wp-json\/wp\/v2\/product\/1000317\/revisions\/1002154"}],"wp:featuredmedia":[{"embeddable":true,"href":"https:\/\/bellinzoni.net\/pt\/wp-json\/wp\/v2\/media\/1001811"}],"wp:attachment":[{"href":"https:\/\/bellinzoni.net\/pt\/wp-json\/wp\/v2\/media?parent=1000317"}],"wp:term":[{"taxonomy":"product_brand","embeddable":true,"href":"https:\/\/bellinzoni.net\/pt\/wp-json\/wp\/v2\/product_brand?post=1000317"},{"taxonomy":"product_cat","embeddable":true,"href":"https:\/\/bellinzoni.net\/pt\/wp-json\/wp\/v2\/product_cat?post=1000317"},{"taxonomy":"product_tag","embeddable":true,"href":"https:\/\/bellinzoni.net\/pt\/wp-json\/wp\/v2\/product_tag?post=1000317"}],"curies":[{"name":"wp","href":"https:\/\/api.w.org\/{rel}","templated":true}]}}