{"id":1000321,"date":"2026-01-28T20:34:35","date_gmt":"2026-01-28T20:34:35","guid":{"rendered":"https:\/\/bellinzoni.net\/pt\/?post_type=product&#038;p=1000321"},"modified":"2026-03-17T14:50:15","modified_gmt":"2026-03-17T14:50:15","slug":"restaura-concreto-vitrificante","status":"publish","type":"product","link":"https:\/\/bellinzoni.net\/pt\/produto\/restaura-concreto-vitrificante\/","title":{"rendered":"Restaura Concreto Vitrificante"},"content":{"rendered":"<div class=\"flex flex-col text-sm pb-25\">\n<article class=\"text-token-text-primary w-full focus:outline-none [--shadow-height:45px] has-data-writing-block:pointer-events-none has-data-writing-block:-mt-(--shadow-height) has-data-writing-block:pt-(--shadow-height) [&amp;:has([data-writing-block])&gt;*]:pointer-events-auto scroll-mt-[calc(var(--header-height)+min(200px,max(70px,20svh)))]\" dir=\"auto\" tabindex=\"-1\" data-turn-id=\"request-69b7f979-be64-8329-a0b1-b177f97d4070-30\" data-testid=\"conversation-turn-184\" data-scroll-anchor=\"true\" data-turn=\"assistant\">\n<div class=\"text-base my-auto mx-auto pb-10 [--thread-content-margin:var(--thread-content-margin-xs,calc(var(--spacing)*4))] @w-sm\/main:[--thread-content-margin:var(--thread-content-margin-sm,calc(var(--spacing)*6))] @w-lg\/main:[--thread-content-margin:var(--thread-content-margin-lg,calc(var(--spacing)*16))] px-(--thread-content-margin)\">\n<div class=\"[--thread-content-max-width:40rem] @w-lg\/main:[--thread-content-max-width:48rem] mx-auto max-w-(--thread-content-max-width) flex-1 group\/turn-messages focus-visible:outline-hidden relative flex w-full min-w-0 flex-col agent-turn\" tabindex=\"-1\">\n<div class=\"flex max-w-full flex-col gap-4 grow\">\n<div class=\"min-h-8 text-message relative flex w-full flex-col items-end gap-2 text-start break-words whitespace-normal [.text-message+&amp;]:mt-1\" dir=\"auto\" data-message-author-role=\"assistant\" data-message-id=\"a16a6a3c-ebba-4f67-9bed-78dd413b1c10\" data-message-model-slug=\"gpt-5-3\">\n<div class=\"flex w-full flex-col gap-1 empty:hidden\">\n<div class=\"markdown prose dark:prose-invert w-full wrap-break-word dark markdown-new-styling\">\n<p data-start=\"341\" data-end=\"404\"><strong data-start=\"341\" data-end=\"354\">Descri\u00e7\u00e3o<\/strong><br data-start=\"354\" data-end=\"357\" \/>C\u00f3digo do Produto: 5 L \u2013 223174 | 20 L \u2013 223557<\/p>\n<hr data-start=\"406\" data-end=\"409\" \/>\n<p data-start=\"411\" data-end=\"476\"><strong data-start=\"411\" data-end=\"439\">Superf\u00edcies de Aplica\u00e7\u00e3o<\/strong><br data-start=\"439\" data-end=\"442\" \/>Concreto<br data-start=\"450\" data-end=\"453\" \/>Superf\u00edcies Ciment\u00edcias<\/p>\n<hr data-start=\"478\" data-end=\"481\" \/>\n<p data-start=\"483\" data-end=\"504\"><strong data-start=\"483\" data-end=\"504\">Instru\u00e7\u00f5es de Uso<\/strong><\/p>\n<p data-start=\"506\" data-end=\"531\"><strong data-start=\"506\" data-end=\"531\">Prepara\u00e7\u00e3o do produto<\/strong><\/p>\n<p data-start=\"533\" data-end=\"567\">Agite vigorosamente antes de usar.<\/p>\n<p data-start=\"569\" data-end=\"606\">Utilize o produto puro, sem dilui\u00e7\u00e3o.<\/p>\n<hr data-start=\"608\" data-end=\"611\" \/>\n<p data-start=\"613\" data-end=\"637\"><strong data-start=\"613\" data-end=\"637\">Aplica\u00e7\u00e3o do produto<\/strong><\/p>\n<p data-start=\"639\" data-end=\"721\">Despeje uma pequena quantidade do produto sobre \u00e1reas de aproximadamente 3 a 4 m\u00b2.<\/p>\n<hr data-start=\"723\" data-end=\"726\" \/>\n<p data-start=\"728\" data-end=\"741\"><strong data-start=\"728\" data-end=\"741\">Polimento<\/strong><\/p>\n<p data-start=\"743\" data-end=\"883\">Com aux\u00edlio de uma enceradeira (150 rpm e aproximadamente 40 kg), equipada com disco de fibra branco, espalhe o produto de maneira uniforme.<\/p>\n<p data-start=\"885\" data-end=\"984\">Realize movimentos da esquerda para a direita e de cima para baixo, garantindo cobertura homog\u00eanea.<\/p>\n<p data-start=\"986\" data-end=\"1079\">Continue o processo at\u00e9 que o produto seque completamente e o brilho desejado seja alcan\u00e7ado.<\/p>\n<hr data-start=\"1081\" data-end=\"1084\" \/>\n<p data-start=\"1086\" data-end=\"1100\"><strong data-start=\"1086\" data-end=\"1100\">Observa\u00e7\u00e3o<\/strong><\/p>\n<p data-start=\"1102\" data-end=\"1210\" data-is-last-node=\"\" data-is-only-node=\"\">Para melhores resultados, mantenha uniformidade na aplica\u00e7\u00e3o e no n\u00famero de passadas em toda a \u00e1rea tratada.<\/p>\n<\/div>\n<\/div>\n<\/div>\n<\/div>\n<\/div>\n<\/div>\n<\/article>\n<\/div>\n<hr \/>\n<h5 class=\"no-margin\">Downloads<\/h5>\n<hr \/>\n<ul>\n<li><strong><a href=\"http:\/\/bellinzoni.net\/ft-2021\/FT-Restaura-Concreto-Vitrificante-Bellinzoni.pdf\" target=\"_blank\" rel=\"noopener noreferrer\">Ficha T\u00e9cnica do Produto<\/a><\/strong><\/li>\n<li><strong><a href=\"#\" target=\"_blank\" rel=\"noopener noreferrer\">Ficha de Seguran\u00e7a \u2013\u00a0FISPQ<\/a><\/strong><\/li>\n<\/ul>\n","protected":false},"excerpt":{"rendered":"<h5 class=\"no-margin\"><\/h5>\n<p>Produto especialmente formulado para vitrifica\u00e7\u00e3o, cristaliza\u00e7\u00e3o e manuten\u00e7\u00e3o de todos os tipos de superf\u00edcies ciment\u00edcias. Sua f\u00f3rmula exclusiva permite uma aplica\u00e7\u00e3o r\u00e1pida e fornece ao pavimento a prote\u00e7\u00e3o e dureza necess\u00e1rias para uma alta resist\u00eancia ao tr\u00e1fego e um brilho duradouro. N\u00e3o deixa o piso escorregadio ou marcado. N\u00e3o amarela o material.<\/p>\n","protected":false},"featured_media":1001814,"template":"","meta":[],"product_brand":[],"product_cat":[68,74],"product_tag":[],"class_list":{"0":"post-1000321","1":"product","2":"type-product","3":"status-publish","4":"has-post-thumbnail","6":"product_cat-corporate","7":"product_cat-profissional","9":"first","10":"instock","11":"virtual","12":"product-type-simple"},"_links":{"self":[{"href":"https:\/\/bellinzoni.net\/pt\/wp-json\/wp\/v2\/product\/1000321","targetHints":{"allow":["GET"]}}],"collection":[{"href":"https:\/\/bellinzoni.net\/pt\/wp-json\/wp\/v2\/product"}],"about":[{"href":"https:\/\/bellinzoni.net\/pt\/wp-json\/wp\/v2\/types\/product"}],"version-history":[{"count":3,"href":"https:\/\/bellinzoni.net\/pt\/wp-json\/wp\/v2\/product\/1000321\/revisions"}],"predecessor-version":[{"id":1002150,"href":"https:\/\/bellinzoni.net\/pt\/wp-json\/wp\/v2\/product\/1000321\/revisions\/1002150"}],"wp:featuredmedia":[{"embeddable":true,"href":"https:\/\/bellinzoni.net\/pt\/wp-json\/wp\/v2\/media\/1001814"}],"wp:attachment":[{"href":"https:\/\/bellinzoni.net\/pt\/wp-json\/wp\/v2\/media?parent=1000321"}],"wp:term":[{"taxonomy":"product_brand","embeddable":true,"href":"https:\/\/bellinzoni.net\/pt\/wp-json\/wp\/v2\/product_brand?post=1000321"},{"taxonomy":"product_cat","embeddable":true,"href":"https:\/\/bellinzoni.net\/pt\/wp-json\/wp\/v2\/product_cat?post=1000321"},{"taxonomy":"product_tag","embeddable":true,"href":"https:\/\/bellinzoni.net\/pt\/wp-json\/wp\/v2\/product_tag?post=1000321"}],"curies":[{"name":"wp","href":"https:\/\/api.w.org\/{rel}","templated":true}]}}