{"id":1000323,"date":"2026-01-28T20:34:35","date_gmt":"2026-01-28T20:34:35","guid":{"rendered":"https:\/\/bellinzoni.net\/pt\/?post_type=product&#038;p=1000323"},"modified":"2026-03-03T15:45:39","modified_gmt":"2026-03-03T15:45:39","slug":"renovador-de-madeira","status":"publish","type":"product","link":"https:\/\/bellinzoni.net\/pt\/produto\/renovador-de-madeira\/","title":{"rendered":"Renovador de Madeira"},"content":{"rendered":"<p class=\"no-margin\">C\u00f3digo do Produto: 1 Lt \u2013 224090 | 5 Lt &#8211; 224227 | 20 Lt &#8211; 224251<\/p>\n<hr \/>\n<h5 class=\"no-margin\">Superf\u00edcies de Aplica\u00e7\u00e3o<\/h5>\n<ul>\n<li>Madeira<\/li>\n<\/ul>\n<hr \/>\n<h5 class=\"no-margin\">Finalidade<\/h5>\n<hr \/>\n<p>O renovador de Madeira \u00e9 ideal para pisos de madeira envernizados formando uma pel\u00edcula acetinada, incolor, transparente e com boa resist\u00eancia, indicada como componente de formula\u00e7\u00f5es de renovadores de alta performance para pisos de madeira. Preserva a apar\u00eancia natural do piso e apresenta \u00f3tima durabilidade e excelente resist\u00eancia \u00e0 \u00e1gua.<\/p>\n<hr \/>\n<h5 class=\"no-margin\">Instru\u00e7\u00f5es de Uso<\/h5>\n<hr \/>\n<p>A aplica\u00e7\u00e3o deve ser feita com um rolo para ep\u00f3xi ou trincha em duas dem\u00e3os em pisos de madeira. Antes da aplica\u00e7\u00e3o deve ser evitada a umidade e a exposi\u00e7\u00e3o excessiva ao sol. Tempo de Secagem: 1 hora entre dem\u00e3os \/ 12 horas secagem ao toque \/ 72 horas secagem completa. <strong>Rendimento:<\/strong> Aproximadamente 10 a 12 m\u00b2\/ litro\/dem\u00e3o.<\/p>\n<hr \/>\n<h5 class=\"no-margin\">Downloads<\/h5>\n<hr \/>\n<ul>\n<li><strong><a href=\"http:\/\/bellinzoni.net\/ft-2021\/Woods_Renovador_de_Madeira.pdf\" target=\"_blank\" rel=\"noopener noreferrer\">Ficha T\u00e9cnica do Produto<\/a><\/strong><\/li>\n<li><strong><a href=\"#\" target=\"_blank\" rel=\"noopener noreferrer\">Ficha de Seguran\u00e7a \u2013\u00a0FISPQ<\/a><\/strong><\/li>\n<\/ul>\n","protected":false},"excerpt":{"rendered":"<p>O renovador de Madeira \u00e9 ideal para pisos de madeira envernizados formando uma pel\u00edcula acetinada, incolor, transparente e com boa resist\u00eancia, indicada como componente de formula\u00e7\u00f5es de renovadores de alta performance para pisos de madeira. Preserva a apar\u00eancia natural do piso e apresenta \u00f3tima durabilidade e excelente resist\u00eancia \u00e0 \u00e1gua.<\/p>\n","protected":false},"featured_media":1001787,"template":"","meta":[],"product_brand":[],"product_cat":[68],"product_tag":[],"class_list":{"0":"post-1000323","1":"product","2":"type-product","3":"status-publish","4":"has-post-thumbnail","6":"product_cat-corporate","8":"first","9":"instock","10":"virtual","11":"product-type-simple"},"_links":{"self":[{"href":"https:\/\/bellinzoni.net\/pt\/wp-json\/wp\/v2\/product\/1000323","targetHints":{"allow":["GET"]}}],"collection":[{"href":"https:\/\/bellinzoni.net\/pt\/wp-json\/wp\/v2\/product"}],"about":[{"href":"https:\/\/bellinzoni.net\/pt\/wp-json\/wp\/v2\/types\/product"}],"version-history":[{"count":2,"href":"https:\/\/bellinzoni.net\/pt\/wp-json\/wp\/v2\/product\/1000323\/revisions"}],"predecessor-version":[{"id":1001613,"href":"https:\/\/bellinzoni.net\/pt\/wp-json\/wp\/v2\/product\/1000323\/revisions\/1001613"}],"wp:featuredmedia":[{"embeddable":true,"href":"https:\/\/bellinzoni.net\/pt\/wp-json\/wp\/v2\/media\/1001787"}],"wp:attachment":[{"href":"https:\/\/bellinzoni.net\/pt\/wp-json\/wp\/v2\/media?parent=1000323"}],"wp:term":[{"taxonomy":"product_brand","embeddable":true,"href":"https:\/\/bellinzoni.net\/pt\/wp-json\/wp\/v2\/product_brand?post=1000323"},{"taxonomy":"product_cat","embeddable":true,"href":"https:\/\/bellinzoni.net\/pt\/wp-json\/wp\/v2\/product_cat?post=1000323"},{"taxonomy":"product_tag","embeddable":true,"href":"https:\/\/bellinzoni.net\/pt\/wp-json\/wp\/v2\/product_tag?post=1000323"}],"curies":[{"name":"wp","href":"https:\/\/api.w.org\/{rel}","templated":true}]}}