{"id":1000325,"date":"2026-01-28T20:34:35","date_gmt":"2026-01-28T20:34:35","guid":{"rendered":"https:\/\/bellinzoni.net\/pt\/?post_type=product&#038;p=1000325"},"modified":"2026-03-16T15:23:51","modified_gmt":"2026-03-16T15:23:51","slug":"limpa-madeira","status":"publish","type":"product","link":"https:\/\/bellinzoni.net\/pt\/produto\/limpa-madeira\/","title":{"rendered":"Limpa Madeira"},"content":{"rendered":"<div class=\"flex flex-col text-sm pb-25\">\n<article class=\"text-token-text-primary w-full focus:outline-none [--shadow-height:45px] has-data-writing-block:pointer-events-none has-data-writing-block:-mt-(--shadow-height) has-data-writing-block:pt-(--shadow-height) [&amp;:has([data-writing-block])&gt;*]:pointer-events-auto scroll-mt-[calc(var(--header-height)+min(200px,max(70px,20svh)))]\" dir=\"auto\" tabindex=\"-1\" data-turn-id=\"request-WEB:881aabdb-c9a9-414b-b169-c3efefe141d6-39\" data-testid=\"conversation-turn-80\" data-scroll-anchor=\"true\" data-turn=\"assistant\">\n<div class=\"text-base my-auto mx-auto pb-10 [--thread-content-margin:var(--thread-content-margin-xs,calc(var(--spacing)*4))] @w-sm\/main:[--thread-content-margin:var(--thread-content-margin-sm,calc(var(--spacing)*6))] @w-lg\/main:[--thread-content-margin:var(--thread-content-margin-lg,calc(var(--spacing)*16))] px-(--thread-content-margin)\">\n<div class=\"[--thread-content-max-width:40rem] @w-lg\/main:[--thread-content-max-width:48rem] mx-auto max-w-(--thread-content-max-width) flex-1 group\/turn-messages focus-visible:outline-hidden relative flex w-full min-w-0 flex-col agent-turn\" tabindex=\"-1\">\n<div class=\"flex max-w-full flex-col gap-4 grow\">\n<div class=\"min-h-8 text-message relative flex w-full flex-col items-end gap-2 text-start break-words whitespace-normal [.text-message+&amp;]:mt-1\" dir=\"auto\" data-message-author-role=\"assistant\" data-message-id=\"63f63894-164c-422c-8e3a-f177e8de49fe\" data-message-model-slug=\"gpt-5-3\">\n<div class=\"flex w-full flex-col gap-1 empty:hidden\">\n<div class=\"markdown prose dark:prose-invert w-full wrap-break-word dark markdown-new-styling\">\n<p data-start=\"312\" data-end=\"393\"><strong data-start=\"312\" data-end=\"325\">Descri\u00e7\u00e3o<\/strong><br data-start=\"325\" data-end=\"328\" \/>C\u00f3digo do Produto: 1 Lt \u2013 224120 | 5 Lt \u2013 224243 | 20 Lt \u2013 224278<\/p>\n<hr data-start=\"395\" data-end=\"398\" \/>\n<p data-start=\"400\" data-end=\"438\"><strong data-start=\"400\" data-end=\"428\">Superf\u00edcies de Aplica\u00e7\u00e3o<\/strong><br data-start=\"428\" data-end=\"431\" \/>Madeira<\/p>\n<hr data-start=\"440\" data-end=\"443\" \/>\n<p data-start=\"445\" data-end=\"466\"><strong data-start=\"445\" data-end=\"466\">Instru\u00e7\u00f5es de Uso<\/strong><\/p>\n<p data-start=\"468\" data-end=\"493\"><strong data-start=\"468\" data-end=\"493\">Prepara\u00e7\u00e3o da solu\u00e7\u00e3o<\/strong><\/p>\n<p data-start=\"495\" data-end=\"614\">O Limpa Madeira \u00e9 um produto concentrado e pode ser dilu\u00eddo conforme a necessidade e o n\u00edvel de sujidade da superf\u00edcie.<\/p>\n<p data-start=\"616\" data-end=\"811\">Dilui\u00e7\u00e3o recomendada:<br data-start=\"637\" data-end=\"640\" \/>Dilui\u00e7\u00e3o leve: 100 ml do produto para 1 litro de \u00e1gua.<br data-start=\"694\" data-end=\"697\" \/>Dilui\u00e7\u00e3o m\u00e9dia: 200 ml do produto para 1 litro de \u00e1gua.<br data-start=\"752\" data-end=\"755\" \/>Dilui\u00e7\u00e3o pesada: 300 ml do produto para 1 litro de \u00e1gua.<\/p>\n<p data-start=\"813\" data-end=\"837\"><strong data-start=\"813\" data-end=\"837\">Aplica\u00e7\u00e3o do produto<\/strong><\/p>\n<p data-start=\"839\" data-end=\"905\">Espalhe o produto sobre a superf\u00edcie com aux\u00edlio de um pano limpo.<\/p>\n<p data-start=\"907\" data-end=\"918\"><strong data-start=\"907\" data-end=\"918\">Secagem<\/strong><\/p>\n<p data-start=\"920\" data-end=\"974\">Deixe o produto secar naturalmente sobre a superf\u00edcie.<\/p>\n<p data-start=\"976\" data-end=\"990\"><strong data-start=\"976\" data-end=\"990\">Observa\u00e7\u00e3o<\/strong><\/p>\n<p data-start=\"992\" data-end=\"1108\">Em caso de sujeiras mais resistentes, repita a opera\u00e7\u00e3o. N\u00e3o h\u00e1 necessidade de polimento adicional ap\u00f3s a aplica\u00e7\u00e3o.<\/p>\n<hr data-start=\"1110\" data-end=\"1113\" \/>\n<p data-start=\"1115\" data-end=\"1140\"><strong data-start=\"1115\" data-end=\"1140\">Rendimento aproximado<\/strong><\/p>\n<p data-start=\"1142\" data-end=\"1290\" data-is-last-node=\"\" data-is-only-node=\"\">Dilui\u00e7\u00e3o leve: at\u00e9 100 m\u00b2 por litro de solu\u00e7\u00e3o.<br data-start=\"1189\" data-end=\"1192\" \/>Dilui\u00e7\u00e3o m\u00e9dia: at\u00e9 50 m\u00b2 por litro de solu\u00e7\u00e3o.<br data-start=\"1239\" data-end=\"1242\" \/>Dilui\u00e7\u00e3o pesada: at\u00e9 30 m\u00b2 por litro de solu\u00e7\u00e3o.<\/p>\n<\/div>\n<\/div>\n<\/div>\n<\/div>\n<\/div>\n<\/div>\n<\/article>\n<\/div>\n<hr \/>\n<h5 class=\"no-margin\">Downloads<\/h5>\n<hr \/>\n<ul>\n<li><strong><a href=\"http:\/\/bellinzoni.net\/ft-2021\/Woods_Limpa_Madeira.pdf\" target=\"_blank\" rel=\"noopener noreferrer\">Ficha T\u00e9cnica do Produto<\/a><\/strong><\/li>\n<li><strong><a href=\"#\" target=\"_blank\" rel=\"noopener noreferrer\">Ficha de Seguran\u00e7a \u2013\u00a0FISPQ<\/a><\/strong><\/li>\n<\/ul>\n","protected":false},"excerpt":{"rendered":"<p>Limpador para pisos de madeira que n\u00e3o forma excesso e nem causa opacidade na superf\u00edcie. Pode ser usado diariamente ou periodicamente conforme a necessidade. Use para limpeza leve ou pesada. N\u00e3o deixa o piso escorregadio.<\/p>\n","protected":false},"featured_media":1001785,"template":"","meta":[],"product_brand":[],"product_cat":[68],"product_tag":[],"class_list":{"0":"post-1000325","1":"product","2":"type-product","3":"status-publish","4":"has-post-thumbnail","6":"product_cat-corporate","8":"first","9":"instock","10":"virtual","11":"product-type-simple"},"_links":{"self":[{"href":"https:\/\/bellinzoni.net\/pt\/wp-json\/wp\/v2\/product\/1000325","targetHints":{"allow":["GET"]}}],"collection":[{"href":"https:\/\/bellinzoni.net\/pt\/wp-json\/wp\/v2\/product"}],"about":[{"href":"https:\/\/bellinzoni.net\/pt\/wp-json\/wp\/v2\/types\/product"}],"version-history":[{"count":3,"href":"https:\/\/bellinzoni.net\/pt\/wp-json\/wp\/v2\/product\/1000325\/revisions"}],"predecessor-version":[{"id":1002069,"href":"https:\/\/bellinzoni.net\/pt\/wp-json\/wp\/v2\/product\/1000325\/revisions\/1002069"}],"wp:featuredmedia":[{"embeddable":true,"href":"https:\/\/bellinzoni.net\/pt\/wp-json\/wp\/v2\/media\/1001785"}],"wp:attachment":[{"href":"https:\/\/bellinzoni.net\/pt\/wp-json\/wp\/v2\/media?parent=1000325"}],"wp:term":[{"taxonomy":"product_brand","embeddable":true,"href":"https:\/\/bellinzoni.net\/pt\/wp-json\/wp\/v2\/product_brand?post=1000325"},{"taxonomy":"product_cat","embeddable":true,"href":"https:\/\/bellinzoni.net\/pt\/wp-json\/wp\/v2\/product_cat?post=1000325"},{"taxonomy":"product_tag","embeddable":true,"href":"https:\/\/bellinzoni.net\/pt\/wp-json\/wp\/v2\/product_tag?post=1000325"}],"curies":[{"name":"wp","href":"https:\/\/api.w.org\/{rel}","templated":true}]}}