{"id":1000349,"date":"2026-01-28T20:34:58","date_gmt":"2026-01-28T20:34:58","guid":{"rendered":"https:\/\/bellinzoni.net\/pt\/?post_type=product&#038;p=1000349"},"modified":"2026-02-25T13:43:49","modified_gmt":"2026-02-25T13:43:49","slug":"sos-porcelanato","status":"publish","type":"product","link":"https:\/\/bellinzoni.net\/pt\/produto\/sos-porcelanato\/","title":{"rendered":"SOS Porcelanato"},"content":{"rendered":"<p class=\"no-margin\">C\u00f3digo do Produto: 1 Kg \u2013 224448 | 5 Kg \u2013 224456<\/p>\n<hr \/>\n<h5 class=\"no-margin\">Superf\u00edcies de Aplica\u00e7\u00e3o<\/h5>\n<ul>\n<li>Porcelanato<\/li>\n<li>Cer\u00e2mica<\/li>\n<\/ul>\n<hr \/>\n<h5 class=\"no-margin\">Finalidade<\/h5>\n<hr \/>\n<p>Produto cremoso com alto poder de limpeza e remo\u00e7\u00e3o de imperfei\u00e7\u00f5es (arranh\u00f5es superficiais) causada pelo uso em superf\u00edcie de porcelanato e cer\u00e2mica. Possui part\u00edculas de finos gr\u00e3os polidores em sua f\u00f3rmula que permite um leve polimento manual devolvendo a beleza do material com um toque dom\u00e9stico. Pode ser usado em porcelanatos novos para remo\u00e7\u00e3o de pel\u00edculas protetoras do fabricante ou gloss. Remove marcas de borrachas ou pneus. Corrige leves danos qu\u00edmicos e limpa efloresc\u00eancia. Excelente para a limpeza dos rejuntes encardidos e muito sujos. Tem a capacidade de diminuir a porosidade do rejunte, evitando assim a ader\u00eancia de novas sujeiras. Deve ser usado somente em materiais claros. Em materiais escuros deve-se fazer um teste em pequena \u00e1rea antes do uso. O produto n\u00e3o recupera a superf\u00edcie em casos graves de danos qu\u00edmicos ou f\u00edsicos como arranh\u00f5es profundos.<\/p>\n<hr \/>\n<h5 class=\"no-margin\">Instru\u00e7\u00f5es de Uso<\/h5>\n<hr \/>\n<p>Agite bem antes de usar. Derrame um pouco do produto sobre a superf\u00edcie, deixe agir 5 minutos e esfregue com aux\u00edlio de um pano ou esponja macia ( n\u00e3o utilize o lado verde da esponja pois pode danificar o material ). Esfregue at\u00e9 que a sujeira seja totalmente removida, se necess\u00e1rio borrife um pouco de \u00e1gua na superf\u00edcie onde est\u00e1 realizando a limpeza. Enx\u00e1gue com \u00e1gua para limpeza final e repita a opera\u00e7\u00e3o caso ainda tenha res\u00edduos da sujeira ou da imperfei\u00e7\u00e3o a ser tratada.<\/p>\n<hr \/>\n<h5 class=\"no-margin\">Downloads<\/h5>\n<hr \/>\n<ul>\n<li><strong><a href=\"http:\/\/bellinzoni.net\/ft-2021\/FT_SOS_Porcelanato.pdf\" target=\"_blank\" rel=\"noopener noreferrer\">Ficha T\u00e9cnica do Produto<\/a><\/strong><\/li>\n<li><strong><a href=\"#\" target=\"_blank\" rel=\"noopener noreferrer\">Ficha de Seguran\u00e7a \u2013\u00a0FISPQ<\/a><\/strong><\/li>\n<\/ul>\n","protected":false},"excerpt":{"rendered":"<h5 class=\"no-margin\"><\/h5>\n<p>Produto cremoso com alto poder de limpeza e remo\u00e7\u00e3o de imperfei\u00e7\u00f5es (arranh\u00f5es superficiais) causada pelo uso em superf\u00edcie de porcelanato e cer\u00e2mica. Possui part\u00edculas de finos gr\u00e3os polidores em sua f\u00f3rmula que permite um leve polimento manual devolvendo a beleza do material com um toque dom\u00e9stico. Pode ser usado em porcelanatos novos para remo\u00e7\u00e3o de pel\u00edculas protetoras do fabricante ou gloss. Remove marcas de borrachas ou pneus. Corrige leves danos qu\u00edmicos e limpa efloresc\u00eancia. Excelente para a limpeza dos rejuntes encardidos e muito sujos. Tem a capacidade de diminuir a porosidade do rejunte, evitando assim a ader\u00eancia de novas sujeiras. Deve ser usado somente em materiais claros. Em materiais escuros deve-se fazer um teste em pequena \u00e1rea antes do uso. O produto n\u00e3o recupera a superf\u00edcie em casos graves de danos qu\u00edmicos ou f\u00edsicos como arranh\u00f5es profundos.<\/p>\n","protected":false},"featured_media":1000379,"template":"","meta":[],"product_brand":[],"product_cat":[74],"product_tag":[],"class_list":{"0":"post-1000349","1":"product","2":"type-product","3":"status-publish","4":"has-post-thumbnail","6":"product_cat-profissional","8":"first","9":"instock","10":"virtual","11":"product-type-simple"},"_links":{"self":[{"href":"https:\/\/bellinzoni.net\/pt\/wp-json\/wp\/v2\/product\/1000349","targetHints":{"allow":["GET"]}}],"collection":[{"href":"https:\/\/bellinzoni.net\/pt\/wp-json\/wp\/v2\/product"}],"about":[{"href":"https:\/\/bellinzoni.net\/pt\/wp-json\/wp\/v2\/types\/product"}],"version-history":[{"count":1,"href":"https:\/\/bellinzoni.net\/pt\/wp-json\/wp\/v2\/product\/1000349\/revisions"}],"predecessor-version":[{"id":1001598,"href":"https:\/\/bellinzoni.net\/pt\/wp-json\/wp\/v2\/product\/1000349\/revisions\/1001598"}],"wp:featuredmedia":[{"embeddable":true,"href":"https:\/\/bellinzoni.net\/pt\/wp-json\/wp\/v2\/media\/1000379"}],"wp:attachment":[{"href":"https:\/\/bellinzoni.net\/pt\/wp-json\/wp\/v2\/media?parent=1000349"}],"wp:term":[{"taxonomy":"product_brand","embeddable":true,"href":"https:\/\/bellinzoni.net\/pt\/wp-json\/wp\/v2\/product_brand?post=1000349"},{"taxonomy":"product_cat","embeddable":true,"href":"https:\/\/bellinzoni.net\/pt\/wp-json\/wp\/v2\/product_cat?post=1000349"},{"taxonomy":"product_tag","embeddable":true,"href":"https:\/\/bellinzoni.net\/pt\/wp-json\/wp\/v2\/product_tag?post=1000349"}],"curies":[{"name":"wp","href":"https:\/\/api.w.org\/{rel}","templated":true}]}}