{"id":1000351,"date":"2026-01-28T20:34:58","date_gmt":"2026-01-28T20:34:58","guid":{"rendered":"https:\/\/bellinzoni.net\/pt\/?post_type=product&#038;p=1000351"},"modified":"2026-03-26T18:29:38","modified_gmt":"2026-03-26T18:29:38","slug":"cera-texturas-liquida","status":"publish","type":"product","link":"https:\/\/bellinzoni.net\/pt\/produto\/cera-texturas-liquida\/","title":{"rendered":"Cera Texturas L\u00edquida"},"content":{"rendered":"<p class=\"no-margin\">C\u00f3digo do Produto: 1 Lt \u2013 224430<\/p>\n<hr \/>\n<h5 class=\"no-margin\">Superf\u00edcies de Aplica\u00e7\u00e3o<\/h5>\n<ul>\n<li>Texturas Especiais<\/li>\n<\/ul>\n<p>&nbsp;<\/p>\n<h5 class=\"no-margin\">Instru\u00e7\u00f5es de Uso<\/h5>\n<hr \/>\n<p data-start=\"589\" data-end=\"617\"><strong data-start=\"589\" data-end=\"617\">Prepara\u00e7\u00e3o da superf\u00edcie<\/strong><\/p>\n<ul data-start=\"619\" data-end=\"716\">\n<li data-section-id=\"1gdwcgu\" data-start=\"619\" data-end=\"716\">\n<p data-start=\"621\" data-end=\"716\">Certifique-se de que a textura esteja devidamente aplicada e pronta para a etapa de acabamento.<\/p>\n<\/li>\n<\/ul>\n<p data-start=\"718\" data-end=\"742\"><strong data-start=\"718\" data-end=\"742\">Aplica\u00e7\u00e3o do produto<\/strong><\/p>\n<ul data-start=\"744\" data-end=\"941\">\n<li data-section-id=\"a60mjp\" data-start=\"744\" data-end=\"837\">\n<p data-start=\"746\" data-end=\"837\">Recomenda-se a aplica\u00e7\u00e3o utilizando borrifador para obter melhor distribui\u00e7\u00e3o do produto.<\/p>\n<\/li>\n<li data-section-id=\"12stxxd\" data-start=\"838\" data-end=\"941\">\n<p data-start=\"840\" data-end=\"941\">Aplique a cera de forma uniforme sobre a textura, acompanhando o processo de modelagem do acabamento.<\/p>\n<\/li>\n<\/ul>\n<p data-start=\"943\" data-end=\"967\"><strong data-start=\"943\" data-end=\"967\">Modelagem da textura<\/strong><\/p>\n<ul data-start=\"969\" data-end=\"1111\">\n<li data-section-id=\"1wln5ym\" data-start=\"969\" data-end=\"1111\">\n<p data-start=\"971\" data-end=\"1111\">A aplica\u00e7\u00e3o pode ser realizada de forma cont\u00ednua enquanto a textura \u00e9 trabalhada, at\u00e9 alcan\u00e7ar o efeito visual e o n\u00edvel de brilho desejado.<\/p>\n<\/li>\n<\/ul>\n<p data-start=\"1113\" data-end=\"1128\"><strong data-start=\"1113\" data-end=\"1128\">Finaliza\u00e7\u00e3o<\/strong><\/p>\n<ul data-start=\"1130\" data-end=\"1267\">\n<li data-section-id=\"1vtz4zl\" data-start=\"1130\" data-end=\"1267\">\n<p data-start=\"1132\" data-end=\"1267\">A Cera Texturas L\u00edquida \u00e9 indicada para a etapa final do processo, auxiliando na compacta\u00e7\u00e3o da textura e na valoriza\u00e7\u00e3o do acabamento.<\/p>\n<\/li>\n<\/ul>\n<hr \/>\n<h5 class=\"no-margin\">Rendimento<\/h5>\n<hr \/>\n<p>O rendimento pode variar conforme o tipo de textura, a t\u00e9cnica de aplica\u00e7\u00e3o e a absor\u00e7\u00e3o da superf\u00edcie.<\/p>\n<hr \/>\n<h5 class=\"no-margin\">Downloads<\/h5>\n<hr \/>\n<ul>\n<li><strong><a href=\"http:\/\/bellinzoni.net\/ft-2021\/FT_Cera_Textura_Liquida.pdf\" target=\"_blank\" rel=\"noopener noreferrer\">Ficha T\u00e9cnica do Produto<\/a><\/strong><\/li>\n<li><strong><a href=\"#\" target=\"_blank\" rel=\"noopener noreferrer\">Ficha de Seguran\u00e7a \u2013\u00a0FISPQ<\/a><\/strong><\/li>\n<\/ul>\n","protected":false},"excerpt":{"rendered":"<h5 class=\"no-margin\"><\/h5>\n<p>Cera Liquida especial para textura indicada para facilitar a compacta\u00e7\u00e3o da textura aumentando seu potencial de brilho em todas as texturas com efeitos como m\u00e1rmore, cimento queimado, concreto, madeira, bambu, entre outras. N\u00e3o forma excesso. Produto com alto rendimento.<\/p>\n","protected":false},"featured_media":1002436,"template":"","meta":[],"product_brand":[],"product_cat":[74],"product_tag":[],"class_list":{"0":"post-1000351","1":"product","2":"type-product","3":"status-publish","4":"has-post-thumbnail","6":"product_cat-profissional","8":"first","9":"instock","10":"virtual","11":"product-type-simple"},"_links":{"self":[{"href":"https:\/\/bellinzoni.net\/pt\/wp-json\/wp\/v2\/product\/1000351","targetHints":{"allow":["GET"]}}],"collection":[{"href":"https:\/\/bellinzoni.net\/pt\/wp-json\/wp\/v2\/product"}],"about":[{"href":"https:\/\/bellinzoni.net\/pt\/wp-json\/wp\/v2\/types\/product"}],"version-history":[{"count":4,"href":"https:\/\/bellinzoni.net\/pt\/wp-json\/wp\/v2\/product\/1000351\/revisions"}],"predecessor-version":[{"id":1001984,"href":"https:\/\/bellinzoni.net\/pt\/wp-json\/wp\/v2\/product\/1000351\/revisions\/1001984"}],"wp:featuredmedia":[{"embeddable":true,"href":"https:\/\/bellinzoni.net\/pt\/wp-json\/wp\/v2\/media\/1002436"}],"wp:attachment":[{"href":"https:\/\/bellinzoni.net\/pt\/wp-json\/wp\/v2\/media?parent=1000351"}],"wp:term":[{"taxonomy":"product_brand","embeddable":true,"href":"https:\/\/bellinzoni.net\/pt\/wp-json\/wp\/v2\/product_brand?post=1000351"},{"taxonomy":"product_cat","embeddable":true,"href":"https:\/\/bellinzoni.net\/pt\/wp-json\/wp\/v2\/product_cat?post=1000351"},{"taxonomy":"product_tag","embeddable":true,"href":"https:\/\/bellinzoni.net\/pt\/wp-json\/wp\/v2\/product_tag?post=1000351"}],"curies":[{"name":"wp","href":"https:\/\/api.w.org\/{rel}","templated":true}]}}