{"id":1000354,"date":"2026-02-13T20:34:59","date_gmt":"2026-02-13T20:34:59","guid":{"rendered":"https:\/\/bellinzoni.net\/pt\/?post_type=product&#038;p=1000354"},"modified":"2026-03-10T20:38:40","modified_gmt":"2026-03-10T20:38:40","slug":"ardosia-lux","status":"publish","type":"product","link":"https:\/\/bellinzoni.net\/pt\/produto\/ardosia-lux\/","title":{"rendered":"Ard\u00f3sia Lux"},"content":{"rendered":"<p class=\"no-margin\">C\u00f3digo do Produto: 1 Kg \u2013 225010<\/p>\n<hr \/>\n<h5 class=\"no-margin\">Superf\u00edcies de Aplica\u00e7\u00e3o<\/h5>\n<ul>\n<li>Ard\u00f3sia<\/li>\n<\/ul>\n<hr \/>\n<h5 class=\"no-margin\">Instru\u00e7\u00f5es de Uso<\/h5>\n<hr \/>\n<p>Agite o produto vigorosamente antes de usar. O material deve estar totalmente limpo, seco, livre de poeiras, ceras, resinas e umidade para aplica\u00e7\u00e3o do Bellinzoni Ard\u00f3sia Lux. Caso o material esteja com algum tipo de res\u00edduo ou cera recomendamos a utiliza\u00e7\u00e3o do produto Dissolve Tudo Bellinzoni para a remo\u00e7\u00e3o. Aplique o produto com aux\u00edlio de uma estopa ou rolo espalhando de forma cruzada e espere secar em torno de 30 minutos. Caso seja necess\u00e1rio, aplique a segunda dem\u00e3o e aguarde 10 minutos (dependendo do grau de absor\u00e7\u00e3o do material) e remova qualquer tipo de res\u00edduo do produto com um pano limpo. Depois de remover o res\u00edduo meticulosamente, espere 4 a 6 horas para liberar o tr\u00e1fego no local. <strong>Rendimento:<\/strong> 1 kg rende aproximadamente 35 m\u00b2.<\/p>\n<hr \/>\n<h5 class=\"no-margin\">Downloads<\/h5>\n<hr \/>\n<ul>\n<li><strong><a href=\"https:\/\/bellinzoni.net\/fichas-2022\/FT_Ardosia_Lux.pdf\" target=\"_blank\" rel=\"noopener noreferrer\">Ficha T\u00e9cnica do Produto<\/a><\/strong><\/li>\n<li><strong><a href=\"#\" target=\"_blank\" rel=\"noopener noreferrer\">Ficha de Seguran\u00e7a \u2013\u00a0FISPQ<\/a><\/strong><\/li>\n<\/ul>\n","protected":false},"excerpt":{"rendered":"<p>O Ard\u00f3sia Lux \u00e9 um produto l\u00edquido poderoso e com alta penetra\u00e7\u00e3o em superf\u00edcies de Ard\u00f3sia. Ativa intensamente a cor do material, eliminando o aspecto cinzento ou \u201crusso\u201d atrav\u00e9s de uma profunda penetra\u00e7\u00e3o que age rapidamente sem a forma\u00e7\u00e3o de excesso. Proporciona uma prote\u00e7\u00e3o para a Ard\u00f3sia dando mais uniformidade na cor do material sem a forma\u00e7\u00e3o de pel\u00edcula mantendo a sua caracter\u00edstica natural.<\/p>\n<p>&nbsp;<\/p>\n","protected":false},"featured_media":1001046,"template":"","meta":[],"product_brand":[],"product_cat":[74],"product_tag":[],"class_list":{"0":"post-1000354","1":"product","2":"type-product","3":"status-publish","4":"has-post-thumbnail","6":"product_cat-profissional","8":"first","9":"instock","10":"virtual","11":"product-type-simple"},"_links":{"self":[{"href":"https:\/\/bellinzoni.net\/pt\/wp-json\/wp\/v2\/product\/1000354","targetHints":{"allow":["GET"]}}],"collection":[{"href":"https:\/\/bellinzoni.net\/pt\/wp-json\/wp\/v2\/product"}],"about":[{"href":"https:\/\/bellinzoni.net\/pt\/wp-json\/wp\/v2\/types\/product"}],"version-history":[{"count":3,"href":"https:\/\/bellinzoni.net\/pt\/wp-json\/wp\/v2\/product\/1000354\/revisions"}],"predecessor-version":[{"id":1001950,"href":"https:\/\/bellinzoni.net\/pt\/wp-json\/wp\/v2\/product\/1000354\/revisions\/1001950"}],"wp:featuredmedia":[{"embeddable":true,"href":"https:\/\/bellinzoni.net\/pt\/wp-json\/wp\/v2\/media\/1001046"}],"wp:attachment":[{"href":"https:\/\/bellinzoni.net\/pt\/wp-json\/wp\/v2\/media?parent=1000354"}],"wp:term":[{"taxonomy":"product_brand","embeddable":true,"href":"https:\/\/bellinzoni.net\/pt\/wp-json\/wp\/v2\/product_brand?post=1000354"},{"taxonomy":"product_cat","embeddable":true,"href":"https:\/\/bellinzoni.net\/pt\/wp-json\/wp\/v2\/product_cat?post=1000354"},{"taxonomy":"product_tag","embeddable":true,"href":"https:\/\/bellinzoni.net\/pt\/wp-json\/wp\/v2\/product_tag?post=1000354"}],"curies":[{"name":"wp","href":"https:\/\/api.w.org\/{rel}","templated":true}]}}