{"id":1000355,"date":"2026-01-28T20:34:59","date_gmt":"2026-01-28T20:34:59","guid":{"rendered":"https:\/\/bellinzoni.net\/pt\/?post_type=product&#038;p=1000355"},"modified":"2026-03-17T14:47:35","modified_gmt":"2026-03-17T14:47:35","slug":"restaura-vertical","status":"publish","type":"product","link":"https:\/\/bellinzoni.net\/pt\/produto\/restaura-vertical\/","title":{"rendered":"Restaura Vertical"},"content":{"rendered":"<p data-start=\"345\" data-end=\"394\"><strong data-start=\"345\" data-end=\"358\">Descri\u00e7\u00e3o<\/strong><br data-start=\"358\" data-end=\"361\" \/>C\u00f3digo do Produto: 800 g \u2013 255320<\/p>\n<hr data-start=\"396\" data-end=\"399\" \/>\n<p data-start=\"401\" data-end=\"439\"><strong data-start=\"401\" data-end=\"429\">Superf\u00edcies de Aplica\u00e7\u00e3o<\/strong><br data-start=\"429\" data-end=\"432\" \/>M\u00e1rmore<\/p>\n<hr data-start=\"441\" data-end=\"444\" \/>\n<p data-start=\"446\" data-end=\"467\"><strong data-start=\"446\" data-end=\"467\">Instru\u00e7\u00f5es de Uso<\/strong><\/p>\n<p data-start=\"469\" data-end=\"497\"><strong data-start=\"469\" data-end=\"497\">Prepara\u00e7\u00e3o da superf\u00edcie<\/strong><\/p>\n<p data-start=\"499\" data-end=\"591\">O piso deve estar completamente limpo, seco e livre de poeiras, ceras, pel\u00edculas ou umidade.<\/p>\n<p data-start=\"593\" data-end=\"696\">Antes da aplica\u00e7\u00e3o, misture bem o produto com aux\u00edlio de uma esp\u00e1tula at\u00e9 obter consist\u00eancia homog\u00eanea.<\/p>\n<p data-start=\"698\" data-end=\"816\">Trabalhe em \u00e1reas pequenas, dividindo o piso em quadrantes de aproximadamente 2 m\u00b2, utilizando cerca de 36 g por \u00e1rea.<\/p>\n<hr data-start=\"818\" data-end=\"821\" \/>\n<p data-start=\"823\" data-end=\"851\"><strong data-start=\"823\" data-end=\"851\">Modo de aplica\u00e7\u00e3o manual<\/strong><\/p>\n<p data-start=\"853\" data-end=\"914\">Aplique uma pequena quantidade do produto sobre a superf\u00edcie.<\/p>\n<p data-start=\"916\" data-end=\"1018\">Com aux\u00edlio de esponja Scotch Brite ou esponja de fibra branca, esfregue por aproximadamente 1 minuto.<\/p>\n<p data-start=\"1020\" data-end=\"1143\">Durante o processo, utilize um borrifador para adicionar pequena quantidade de \u00e1gua, mantendo a superf\u00edcie levemente \u00famida.<\/p>\n<p data-start=\"1145\" data-end=\"1186\">Ao final, remova o excesso com pano seco.<\/p>\n<p data-start=\"1188\" data-end=\"1222\">Se necess\u00e1rio, repita a aplica\u00e7\u00e3o.<\/p>\n<hr data-start=\"1224\" data-end=\"1227\" \/>\n<p data-start=\"1229\" data-end=\"1259\"><strong data-start=\"1229\" data-end=\"1259\">Modo de aplica\u00e7\u00e3o mec\u00e2nico<\/strong><\/p>\n<p data-start=\"1261\" data-end=\"1322\">Aplique uma pequena quantidade do produto sobre a superf\u00edcie.<\/p>\n<p data-start=\"1324\" data-end=\"1432\">Utilize uma m\u00e1quina lixadeira equipada com boina de l\u00e3, realizando o polimento por aproximadamente 1 minuto.<\/p>\n<p data-start=\"1434\" data-end=\"1521\">Durante o processo, mantenha a superf\u00edcie levemente \u00famida com aux\u00edlio de um borrifador.<\/p>\n<p data-start=\"1523\" data-end=\"1566\">Finalize removendo o excesso com pano seco.<\/p>\n<p data-start=\"1568\" data-end=\"1602\">Se necess\u00e1rio, repita a aplica\u00e7\u00e3o.<\/p>\n<hr data-start=\"1604\" data-end=\"1607\" \/>\n<p data-start=\"1609\" data-end=\"1623\"><strong data-start=\"1609\" data-end=\"1623\">Rendimento<\/strong><\/p>\n<p data-start=\"1625\" data-end=\"1725\" data-is-last-node=\"\" data-is-only-node=\"\">Aproximadamente de 50 a 70 m\u00b2 por kg, podendo variar conforme a superf\u00edcie e condi\u00e7\u00f5es de aplica\u00e7\u00e3o.<\/p>\n<hr \/>\n<h5 class=\"no-margin\">Downloads<\/h5>\n<hr \/>\n<ul>\n<li><strong><a href=\"https:\/\/bellinzoni.net\/fichas-2022\/FT_Restaura_Superficies_Verticais.pdf\" target=\"_blank\" rel=\"noopener noreferrer\">Ficha T\u00e9cnica do Produto<\/a><\/strong><\/li>\n<li><strong><a href=\"#\" target=\"_blank\" rel=\"noopener noreferrer\">Ficha de Seguran\u00e7a \u2013\u00a0FISPQ<\/a><\/strong><\/li>\n<\/ul>\n","protected":false},"excerpt":{"rendered":"<p>Restaura Superf\u00edcies Verticais \u00e9 um creme espec\u00edfico para polimento que remove arranh\u00f5es e manchas de superf\u00edcies de m\u00e1rmore como bancadas, escadas e pisos. O produto \u00e9 caracterizado pela sua capacidade de criar um micro abras\u00e3o na superf\u00edcie, que permite recuperar defeitos como: escoria\u00e7\u00f5es ligeiras, arranh\u00f5es, opacidade, n\u00e9voas, uniformidade e desgastes em geral. Atua sem comprometer a apar\u00eancia original da superf\u00edcie e pode ser utilizado em um sistema de recupera\u00e7\u00e3o e prote\u00e7\u00e3o de superf\u00edcies de m\u00e1rmores.<\/p>\n<p>&nbsp;<\/p>\n","protected":false},"featured_media":0,"template":"","meta":[],"product_brand":[],"product_cat":[68,74],"product_tag":[],"class_list":{"0":"post-1000355","1":"product","2":"type-product","3":"status-publish","5":"product_cat-corporate","6":"product_cat-profissional","8":"first","9":"instock","10":"virtual","11":"product-type-simple"},"_links":{"self":[{"href":"https:\/\/bellinzoni.net\/pt\/wp-json\/wp\/v2\/product\/1000355","targetHints":{"allow":["GET"]}}],"collection":[{"href":"https:\/\/bellinzoni.net\/pt\/wp-json\/wp\/v2\/product"}],"about":[{"href":"https:\/\/bellinzoni.net\/pt\/wp-json\/wp\/v2\/types\/product"}],"version-history":[{"count":3,"href":"https:\/\/bellinzoni.net\/pt\/wp-json\/wp\/v2\/product\/1000355\/revisions"}],"predecessor-version":[{"id":1002148,"href":"https:\/\/bellinzoni.net\/pt\/wp-json\/wp\/v2\/product\/1000355\/revisions\/1002148"}],"wp:attachment":[{"href":"https:\/\/bellinzoni.net\/pt\/wp-json\/wp\/v2\/media?parent=1000355"}],"wp:term":[{"taxonomy":"product_brand","embeddable":true,"href":"https:\/\/bellinzoni.net\/pt\/wp-json\/wp\/v2\/product_brand?post=1000355"},{"taxonomy":"product_cat","embeddable":true,"href":"https:\/\/bellinzoni.net\/pt\/wp-json\/wp\/v2\/product_cat?post=1000355"},{"taxonomy":"product_tag","embeddable":true,"href":"https:\/\/bellinzoni.net\/pt\/wp-json\/wp\/v2\/product_tag?post=1000355"}],"curies":[{"name":"wp","href":"https:\/\/api.w.org\/{rel}","templated":true}]}}