{"id":1000356,"date":"2026-01-28T20:34:59","date_gmt":"2026-01-28T20:34:59","guid":{"rendered":"https:\/\/bellinzoni.net\/pt\/?post_type=product&#038;p=1000356"},"modified":"2026-03-27T16:08:46","modified_gmt":"2026-03-27T16:08:46","slug":"sello-liquido","status":"publish","type":"product","link":"https:\/\/bellinzoni.net\/pt\/produto\/sello-liquido\/","title":{"rendered":"Sello L\u00edquido"},"content":{"rendered":"<p data-start=\"349\" data-end=\"427\"><strong data-start=\"349\" data-end=\"362\">Descri\u00e7\u00e3o<\/strong><br data-start=\"362\" data-end=\"365\" \/>C\u00f3digo do Produto: 1 L \u2013 226203 | 5 L \u2013 226238 | 20 L \u2013 226246<\/p>\n<hr data-start=\"429\" data-end=\"432\" \/>\n<p data-start=\"434\" data-end=\"500\"><strong data-start=\"434\" data-end=\"462\">Superf\u00edcies de Aplica\u00e7\u00e3o<\/strong><br data-start=\"462\" data-end=\"465\" \/>M\u00e1rmore<br data-start=\"472\" data-end=\"475\" \/>Granito<br data-start=\"482\" data-end=\"485\" \/>Pedras em Geral<\/p>\n<hr data-start=\"502\" data-end=\"505\" \/>\n<p data-start=\"507\" data-end=\"528\"><strong data-start=\"507\" data-end=\"528\">Instru\u00e7\u00f5es de Uso<\/strong><\/p>\n<p data-start=\"530\" data-end=\"558\"><strong data-start=\"530\" data-end=\"558\">Prepara\u00e7\u00e3o da superf\u00edcie<\/strong><\/p>\n<p data-start=\"560\" data-end=\"646\">Certifique-se de que a superf\u00edcie esteja completamente limpa, seca e livre de poeiras.<\/p>\n<hr data-start=\"648\" data-end=\"651\" \/>\n<p data-start=\"653\" data-end=\"677\"><strong data-start=\"653\" data-end=\"677\">Aplica\u00e7\u00e3o do produto<\/strong><\/p>\n<p data-start=\"679\" data-end=\"784\">Aplique o produto com aux\u00edlio de rolo de espuma, garantindo que a superf\u00edcie fique completamente molhada.<\/p>\n<hr data-start=\"786\" data-end=\"789\" \/>\n<p data-start=\"791\" data-end=\"801\"><strong data-start=\"791\" data-end=\"801\">Dem\u00e3os<\/strong><\/p>\n<p data-start=\"803\" data-end=\"895\">Recomenda-se aplicar 2 camadas, respeitando intervalo de aproximadamente 3 horas entre elas.<\/p>\n<hr data-start=\"897\" data-end=\"900\" \/>\n<p data-start=\"902\" data-end=\"916\"><strong data-start=\"902\" data-end=\"916\">Observa\u00e7\u00e3o<\/strong><\/p>\n<p data-start=\"918\" data-end=\"1021\">A aplica\u00e7\u00e3o uniforme \u00e9 essencial para garantir a efici\u00eancia do produto e melhor prote\u00e7\u00e3o da superf\u00edcie.<\/p>\n<hr data-start=\"1023\" data-end=\"1026\" \/>\n<p data-start=\"1028\" data-end=\"1042\"><strong data-start=\"1028\" data-end=\"1042\">Rendimento<\/strong><\/p>\n<p data-start=\"1044\" data-end=\"1116\" data-is-last-node=\"\" data-is-only-node=\"\">Aproximadamente 10 m\u00b2 por litro, considerando as duas camadas aplicadas.<\/p>\n<hr \/>\n<h5 class=\"no-margin\">Downloads<\/h5>\n<hr \/>\n<ul>\n<li><strong><a href=\"https:\/\/bellinzoni.net\/fichas-2022\/FT_Sello_Liquido.pdf\" target=\"_blank\" rel=\"noopener noreferrer\">Ficha T\u00e9cnica do Produto<\/a><\/strong><\/li>\n<li><strong><a href=\"#\" target=\"_blank\" rel=\"noopener noreferrer\">Ficha de Seguran\u00e7a \u2013\u00a0FISPQ<\/a><\/strong><\/li>\n<\/ul>\n","protected":false},"excerpt":{"rendered":"<p>Produto impermeabilizante com m\u00e1xima prote\u00e7\u00e3o para o verso de pedras como m\u00e1rmores, granitos e pedras em geral. Penetrando profundamente no verso da pedra evitando o surgimento de manchas de umidade ascendente da pedra assentada.<\/p>\n<p>&nbsp;<\/p>\n","protected":false},"featured_media":1002479,"template":"","meta":[],"product_brand":[],"product_cat":[74],"product_tag":[],"class_list":{"0":"post-1000356","1":"product","2":"type-product","3":"status-publish","4":"has-post-thumbnail","6":"product_cat-profissional","8":"first","9":"instock","10":"virtual","11":"product-type-simple"},"_links":{"self":[{"href":"https:\/\/bellinzoni.net\/pt\/wp-json\/wp\/v2\/product\/1000356","targetHints":{"allow":["GET"]}}],"collection":[{"href":"https:\/\/bellinzoni.net\/pt\/wp-json\/wp\/v2\/product"}],"about":[{"href":"https:\/\/bellinzoni.net\/pt\/wp-json\/wp\/v2\/types\/product"}],"version-history":[{"count":3,"href":"https:\/\/bellinzoni.net\/pt\/wp-json\/wp\/v2\/product\/1000356\/revisions"}],"predecessor-version":[{"id":1002184,"href":"https:\/\/bellinzoni.net\/pt\/wp-json\/wp\/v2\/product\/1000356\/revisions\/1002184"}],"wp:featuredmedia":[{"embeddable":true,"href":"https:\/\/bellinzoni.net\/pt\/wp-json\/wp\/v2\/media\/1002479"}],"wp:attachment":[{"href":"https:\/\/bellinzoni.net\/pt\/wp-json\/wp\/v2\/media?parent=1000356"}],"wp:term":[{"taxonomy":"product_brand","embeddable":true,"href":"https:\/\/bellinzoni.net\/pt\/wp-json\/wp\/v2\/product_brand?post=1000356"},{"taxonomy":"product_cat","embeddable":true,"href":"https:\/\/bellinzoni.net\/pt\/wp-json\/wp\/v2\/product_cat?post=1000356"},{"taxonomy":"product_tag","embeddable":true,"href":"https:\/\/bellinzoni.net\/pt\/wp-json\/wp\/v2\/product_tag?post=1000356"}],"curies":[{"name":"wp","href":"https:\/\/api.w.org\/{rel}","templated":true}]}}