{"id":1000357,"date":"2026-01-28T20:34:59","date_gmt":"2026-01-28T20:34:59","guid":{"rendered":"https:\/\/bellinzoni.net\/pt\/?post_type=product&#038;p=1000357"},"modified":"2026-03-27T16:11:52","modified_gmt":"2026-03-27T16:11:52","slug":"block-nano","status":"publish","type":"product","link":"https:\/\/bellinzoni.net\/pt\/produto\/block-nano\/","title":{"rendered":"Block + Nano"},"content":{"rendered":"<div class=\"flex flex-col text-sm pb-25\">\n<section class=\"text-token-text-primary w-full focus:outline-none [--shadow-height:45px] has-data-writing-block:pointer-events-none has-data-writing-block:-mt-(--shadow-height) has-data-writing-block:pt-(--shadow-height) [&amp;:has([data-writing-block])&gt;*]:pointer-events-auto scroll-mt-[calc(var(--header-height)+min(200px,max(70px,20svh)))]\" dir=\"auto\" data-turn-id=\"request-69b7f979-be64-8329-a0b1-b177f97d4070-4\" data-testid=\"conversation-turn-222\" data-scroll-anchor=\"true\" data-turn=\"assistant\">\n<div class=\"text-base my-auto mx-auto pb-10 [--thread-content-margin:var(--thread-content-margin-xs,calc(var(--spacing)*4))] @w-sm\/main:[--thread-content-margin:var(--thread-content-margin-sm,calc(var(--spacing)*6))] @w-lg\/main:[--thread-content-margin:var(--thread-content-margin-lg,calc(var(--spacing)*16))] px-(--thread-content-margin)\">\n<div class=\"[--thread-content-max-width:40rem] @w-lg\/main:[--thread-content-max-width:48rem] mx-auto max-w-(--thread-content-max-width) flex-1 group\/turn-messages focus-visible:outline-hidden relative flex w-full min-w-0 flex-col agent-turn\">\n<div class=\"flex max-w-full flex-col gap-4 grow\">\n<div class=\"min-h-8 text-message relative flex w-full flex-col items-end gap-2 text-start break-words whitespace-normal outline-none keyboard-focused:focus-ring [.text-message+&amp;]:mt-1\" dir=\"auto\" tabindex=\"0\" data-message-author-role=\"assistant\" data-message-id=\"4ba2a347-bf43-4d23-927e-8efdcb8280e7\" data-message-model-slug=\"gpt-5-3\" data-turn-start-message=\"true\">\n<div class=\"flex w-full flex-col gap-1 empty:hidden\">\n<div class=\"markdown prose dark:prose-invert w-full wrap-break-word dark markdown-new-styling\">\n<p data-start=\"344\" data-end=\"422\"><strong data-start=\"344\" data-end=\"357\">Descri\u00e7\u00e3o<\/strong><br data-start=\"357\" data-end=\"360\" \/>C\u00f3digo do Produto: 1 L \u2013 226254 | 5 L \u2013 226262 | 20 L \u2013 226270<\/p>\n<hr data-start=\"424\" data-end=\"427\" \/>\n<p data-start=\"429\" data-end=\"495\"><strong data-start=\"429\" data-end=\"457\">Superf\u00edcies de Aplica\u00e7\u00e3o<\/strong><br data-start=\"457\" data-end=\"460\" \/>M\u00e1rmore<br data-start=\"467\" data-end=\"470\" \/>Granito<br data-start=\"477\" data-end=\"480\" \/>Pedras em Geral<\/p>\n<hr data-start=\"497\" data-end=\"500\" \/>\n<p data-start=\"502\" data-end=\"523\"><strong data-start=\"502\" data-end=\"523\">Instru\u00e7\u00f5es de Uso<\/strong><\/p>\n<p data-start=\"525\" data-end=\"553\"><strong data-start=\"525\" data-end=\"553\">Prepara\u00e7\u00e3o da superf\u00edcie<\/strong><\/p>\n<p data-start=\"555\" data-end=\"650\">Certifique-se de que a superf\u00edcie esteja completamente limpa, seca e livre de poeiras ou ceras.<\/p>\n<p data-start=\"652\" data-end=\"735\">Recomenda-se realizar a limpeza pr\u00e9via com detergente alcalino Bellinzoni P\u00f3s-Obra.<\/p>\n<hr data-start=\"737\" data-end=\"740\" \/>\n<p data-start=\"742\" data-end=\"766\"><strong data-start=\"742\" data-end=\"766\">Aplica\u00e7\u00e3o do produto<\/strong><\/p>\n<p data-start=\"768\" data-end=\"878\">Aplique o produto com aux\u00edlio de rolo de espuma, garantindo que toda a superf\u00edcie fique uniformemente molhada.<\/p>\n<hr data-start=\"880\" data-end=\"883\" \/>\n<p data-start=\"885\" data-end=\"895\"><strong data-start=\"885\" data-end=\"895\">Dem\u00e3os<\/strong><\/p>\n<p data-start=\"897\" data-end=\"1005\">Em materiais brutos, recomenda-se aplicar duas camadas, com intervalo de aproximadamente 3 horas entre elas.<\/p>\n<hr data-start=\"1007\" data-end=\"1010\" \/>\n<p data-start=\"1012\" data-end=\"1044\"><strong data-start=\"1012\" data-end=\"1044\">Cuidados durante a aplica\u00e7\u00e3o<\/strong><\/p>\n<p data-start=\"1046\" data-end=\"1240\">N\u00e3o diluir o produto, pois est\u00e1 pronto para uso.<br data-start=\"1094\" data-end=\"1097\" \/>N\u00e3o permitir que o excesso do produto seque sobre a superf\u00edcie.<br data-start=\"1160\" data-end=\"1163\" \/>Proteger a \u00e1rea contra chuva ou umidade nas primeiras horas ap\u00f3s a aplica\u00e7\u00e3o.<\/p>\n<hr data-start=\"1242\" data-end=\"1245\" \/>\n<p data-start=\"1247\" data-end=\"1261\"><strong data-start=\"1247\" data-end=\"1261\">Rendimento<\/strong><\/p>\n<p data-start=\"1263\" data-end=\"1397\" data-is-last-node=\"\" data-is-only-node=\"\">Materiais lustrados: aproximadamente 30 m\u00b2 por litro.<br data-start=\"1316\" data-end=\"1319\" \/>Materiais brutos (considerando duas camadas): aproximadamente 15 m\u00b2 por litro.<\/p>\n<\/div>\n<\/div>\n<\/div>\n<\/div>\n<\/div>\n<\/div>\n<\/section>\n<\/div>\n<hr \/>\n<h5 class=\"no-margin\">Downloads<\/h5>\n<hr \/>\n<ul>\n<li><strong><a href=\"https:\/\/bellinzoni.net\/fichas-2022\/FT_Block_Nano.pdf\" target=\"_blank\" rel=\"noopener noreferrer\">Ficha T\u00e9cnica do Produto<\/a><\/strong><\/li>\n<li><strong><a href=\"#\" target=\"_blank\" rel=\"noopener noreferrer\">Ficha de Seguran\u00e7a \u2013\u00a0FISPQ<\/a><\/strong><\/li>\n<\/ul>\n","protected":false},"excerpt":{"rendered":"<p>Produto impermeabilizante a base de \u00e1gua com nanotecnologia que impede a absor\u00e7\u00e3o de \u00e1gua e \u00f3leo em m\u00e1rmores, granitos e pedras em geral. Penetra profundamente nos poros da pedra, sem formar pel\u00edcula sobre a mesma.<\/p>\n<p>&nbsp;<\/p>\n","protected":false},"featured_media":1002482,"template":"","meta":[],"product_brand":[],"product_cat":[74],"product_tag":[],"class_list":{"0":"post-1000357","1":"product","2":"type-product","3":"status-publish","4":"has-post-thumbnail","6":"product_cat-profissional","8":"first","9":"instock","10":"virtual","11":"product-type-simple"},"_links":{"self":[{"href":"https:\/\/bellinzoni.net\/pt\/wp-json\/wp\/v2\/product\/1000357","targetHints":{"allow":["GET"]}}],"collection":[{"href":"https:\/\/bellinzoni.net\/pt\/wp-json\/wp\/v2\/product"}],"about":[{"href":"https:\/\/bellinzoni.net\/pt\/wp-json\/wp\/v2\/types\/product"}],"version-history":[{"count":4,"href":"https:\/\/bellinzoni.net\/pt\/wp-json\/wp\/v2\/product\/1000357\/revisions"}],"predecessor-version":[{"id":1002478,"href":"https:\/\/bellinzoni.net\/pt\/wp-json\/wp\/v2\/product\/1000357\/revisions\/1002478"}],"wp:featuredmedia":[{"embeddable":true,"href":"https:\/\/bellinzoni.net\/pt\/wp-json\/wp\/v2\/media\/1002482"}],"wp:attachment":[{"href":"https:\/\/bellinzoni.net\/pt\/wp-json\/wp\/v2\/media?parent=1000357"}],"wp:term":[{"taxonomy":"product_brand","embeddable":true,"href":"https:\/\/bellinzoni.net\/pt\/wp-json\/wp\/v2\/product_brand?post=1000357"},{"taxonomy":"product_cat","embeddable":true,"href":"https:\/\/bellinzoni.net\/pt\/wp-json\/wp\/v2\/product_cat?post=1000357"},{"taxonomy":"product_tag","embeddable":true,"href":"https:\/\/bellinzoni.net\/pt\/wp-json\/wp\/v2\/product_tag?post=1000357"}],"curies":[{"name":"wp","href":"https:\/\/api.w.org\/{rel}","templated":true}]}}