{"id":1000358,"date":"2026-01-28T20:34:59","date_gmt":"2026-01-28T20:34:59","guid":{"rendered":"https:\/\/bellinzoni.net\/pt\/?post_type=product&#038;p=1000358"},"modified":"2026-03-18T18:22:50","modified_gmt":"2026-03-18T18:22:50","slug":"acabamento-acrilico","status":"publish","type":"product","link":"https:\/\/bellinzoni.net\/pt\/produto\/acabamento-acrilico\/","title":{"rendered":"Acabamento Acr\u00edlico"},"content":{"rendered":"<div class=\"flex flex-col text-sm pb-25\">\n<section class=\"text-token-text-primary w-full focus:outline-none [--shadow-height:45px] has-data-writing-block:pointer-events-none has-data-writing-block:-mt-(--shadow-height) has-data-writing-block:pt-(--shadow-height) [&amp;:has([data-writing-block])&gt;*]:pointer-events-auto scroll-mt-[calc(var(--header-height)+min(200px,max(70px,20svh)))]\" dir=\"auto\" data-turn-id=\"request-69b7f979-be64-8329-a0b1-b177f97d4070-28\" data-testid=\"conversation-turn-270\" data-scroll-anchor=\"true\" data-turn=\"assistant\">\n<div class=\"text-base my-auto mx-auto pb-10 [--thread-content-margin:var(--thread-content-margin-xs,calc(var(--spacing)*4))] @w-sm\/main:[--thread-content-margin:var(--thread-content-margin-sm,calc(var(--spacing)*6))] @w-lg\/main:[--thread-content-margin:var(--thread-content-margin-lg,calc(var(--spacing)*16))] px-(--thread-content-margin)\">\n<div class=\"[--thread-content-max-width:40rem] @w-lg\/main:[--thread-content-max-width:48rem] mx-auto max-w-(--thread-content-max-width) flex-1 group\/turn-messages focus-visible:outline-hidden relative flex w-full min-w-0 flex-col agent-turn\">\n<div class=\"flex max-w-full flex-col gap-4 grow\">\n<div class=\"min-h-8 text-message relative flex w-full flex-col items-end gap-2 text-start break-words whitespace-normal outline-none keyboard-focused:focus-ring [.text-message+&amp;]:mt-1\" dir=\"auto\" tabindex=\"0\" data-message-author-role=\"assistant\" data-message-id=\"31a3fdba-9283-4c73-99dc-df1c59c5fa80\" data-message-model-slug=\"gpt-5-3\" data-turn-start-message=\"true\">\n<div class=\"flex w-full flex-col gap-1 empty:hidden\">\n<div class=\"markdown prose dark:prose-invert w-full wrap-break-word dark markdown-new-styling\">\n<p data-start=\"212\" data-end=\"290\"><strong data-start=\"212\" data-end=\"225\">Descri\u00e7\u00e3o<\/strong><br data-start=\"225\" data-end=\"228\" \/>C\u00f3digo do Produto: 1 L \u2013 000665 | 5 L \u2013 000666 | 20 L \u2013 229113<\/p>\n<hr data-start=\"292\" data-end=\"295\" \/>\n<p data-start=\"297\" data-end=\"376\"><strong data-start=\"297\" data-end=\"325\">Superf\u00edcies de Aplica\u00e7\u00e3o<\/strong><br data-start=\"325\" data-end=\"328\" \/>M\u00e1rmore<br data-start=\"335\" data-end=\"338\" \/>Granito<br data-start=\"345\" data-end=\"348\" \/>Ard\u00f3sia<br data-start=\"355\" data-end=\"358\" \/>Cimento Queimado<\/p>\n<hr data-start=\"378\" data-end=\"381\" \/>\n<p data-start=\"383\" data-end=\"404\"><strong data-start=\"383\" data-end=\"404\">Instru\u00e7\u00f5es de Uso<\/strong><\/p>\n<p data-start=\"406\" data-end=\"434\"><strong data-start=\"406\" data-end=\"434\">Prepara\u00e7\u00e3o da superf\u00edcie<\/strong><\/p>\n<p data-start=\"436\" data-end=\"503\">A superf\u00edcie deve estar totalmente limpa e seca antes da aplica\u00e7\u00e3o.<\/p>\n<hr data-start=\"505\" data-end=\"508\" \/>\n<p data-start=\"510\" data-end=\"534\"><strong data-start=\"510\" data-end=\"534\">Aplica\u00e7\u00e3o do produto<\/strong><\/p>\n<p data-start=\"536\" data-end=\"623\">Aplicar o produto puro com aux\u00edlio de espalhador, esfreg\u00e3o, pincel ou rolo de l\u00e3 curto.<\/p>\n<p data-start=\"625\" data-end=\"693\">Espalhar a primeira camada de forma homog\u00eanea no sentido horizontal.<\/p>\n<p data-start=\"695\" data-end=\"756\">Ap\u00f3s a secagem, aplicar a segunda camada no sentido vertical.<\/p>\n<hr data-start=\"758\" data-end=\"761\" \/>\n<p data-start=\"763\" data-end=\"777\"><strong data-start=\"763\" data-end=\"777\">Acabamento<\/strong><\/p>\n<p data-start=\"779\" data-end=\"919\">Para aumentar o brilho, pode-se realizar o polimento com enceradeira de baixa rota\u00e7\u00e3o utilizando disco de fibra branco ao final do processo.<\/p>\n<hr data-start=\"921\" data-end=\"924\" \/>\n<p data-start=\"926\" data-end=\"941\"><strong data-start=\"926\" data-end=\"941\">Observa\u00e7\u00f5es<\/strong><\/p>\n<p data-start=\"943\" data-end=\"1015\">Evitar o ac\u00famulo excessivo de produto, principalmente sobre os rejuntes.<\/p>\n<hr data-start=\"1017\" data-end=\"1020\" \/>\n<p data-start=\"1022\" data-end=\"1036\"><strong data-start=\"1022\" data-end=\"1036\">Rendimento<\/strong><\/p>\n<p data-start=\"1038\" data-end=\"1126\" data-is-last-node=\"\" data-is-only-node=\"\">1 litro rende aproximadamente de 50 a 80 m\u00b2, variando conforme a porosidade do material.<\/p>\n<\/div>\n<\/div>\n<\/div>\n<\/div>\n<div class=\"mt-3 w-full empty:hidden\">\n<div class=\"text-center\"><\/div>\n<\/div>\n<\/div>\n<\/div>\n<\/section>\n<\/div>\n<hr \/>\n<h5 class=\"no-margin\">Downloads<\/h5>\n<hr \/>\n<ul>\n<li><strong><a href=\"https:\/\/bellinzoni.net\/fichas_corporate\/FT_Corporate_Acabamento_Acrilico.pdf\" target=\"_blank\" rel=\"noopener noreferrer\">Ficha T\u00e9cnica do Produto<\/a><\/strong><\/li>\n<li><strong><a href=\"#\" target=\"_blank\" rel=\"noopener noreferrer\">Ficha de Seguran\u00e7a \u2013\u00a0FISPQ<\/a><\/strong><\/li>\n<\/ul>\n","protected":false},"excerpt":{"rendered":"<p>Produto \u00e0 base de pol\u00edmeros especiais que conferem alta resist\u00eancia para o piso tratado, mesmo que tenha tr\u00e1fego intenso, pois sua pel\u00edcula protetora al\u00e9m de proporcionar um acabamento duradouro de brilho molhado, tamb\u00e9m evita riscos \u00e0s superf\u00edcies. Maior vida \u00fatil dos pisos com menor esfor\u00e7o e maior economia na limpeza di\u00e1ria. Indicado para \u00e1reas internas.<\/p>\n<p>&nbsp;<\/p>\n","protected":false},"featured_media":1001703,"template":"","meta":[],"product_brand":[],"product_cat":[68],"product_tag":[],"class_list":{"0":"post-1000358","1":"product","2":"type-product","3":"status-publish","4":"has-post-thumbnail","6":"product_cat-corporate","8":"first","9":"instock","10":"virtual","11":"product-type-simple"},"_links":{"self":[{"href":"https:\/\/bellinzoni.net\/pt\/wp-json\/wp\/v2\/product\/1000358","targetHints":{"allow":["GET"]}}],"collection":[{"href":"https:\/\/bellinzoni.net\/pt\/wp-json\/wp\/v2\/product"}],"about":[{"href":"https:\/\/bellinzoni.net\/pt\/wp-json\/wp\/v2\/types\/product"}],"version-history":[{"count":3,"href":"https:\/\/bellinzoni.net\/pt\/wp-json\/wp\/v2\/product\/1000358\/revisions"}],"predecessor-version":[{"id":1002217,"href":"https:\/\/bellinzoni.net\/pt\/wp-json\/wp\/v2\/product\/1000358\/revisions\/1002217"}],"wp:featuredmedia":[{"embeddable":true,"href":"https:\/\/bellinzoni.net\/pt\/wp-json\/wp\/v2\/media\/1001703"}],"wp:attachment":[{"href":"https:\/\/bellinzoni.net\/pt\/wp-json\/wp\/v2\/media?parent=1000358"}],"wp:term":[{"taxonomy":"product_brand","embeddable":true,"href":"https:\/\/bellinzoni.net\/pt\/wp-json\/wp\/v2\/product_brand?post=1000358"},{"taxonomy":"product_cat","embeddable":true,"href":"https:\/\/bellinzoni.net\/pt\/wp-json\/wp\/v2\/product_cat?post=1000358"},{"taxonomy":"product_tag","embeddable":true,"href":"https:\/\/bellinzoni.net\/pt\/wp-json\/wp\/v2\/product_tag?post=1000358"}],"curies":[{"name":"wp","href":"https:\/\/api.w.org\/{rel}","templated":true}]}}