{"id":1000361,"date":"2026-01-28T20:34:59","date_gmt":"2026-01-28T20:34:59","guid":{"rendered":"https:\/\/bellinzoni.net\/pt\/?post_type=product&#038;p=1000361"},"modified":"2026-03-17T14:11:08","modified_gmt":"2026-03-17T14:11:08","slug":"duralgloss","status":"publish","type":"product","link":"https:\/\/bellinzoni.net\/pt\/produto\/duralgloss\/","title":{"rendered":"Duralgloss"},"content":{"rendered":"<div class=\"flex flex-col text-sm pb-25\">\n<article class=\"text-token-text-primary w-full focus:outline-none [--shadow-height:45px] has-data-writing-block:pointer-events-none has-data-writing-block:-mt-(--shadow-height) has-data-writing-block:pt-(--shadow-height) [&amp;:has([data-writing-block])&gt;*]:pointer-events-auto scroll-mt-[calc(var(--header-height)+min(200px,max(70px,20svh)))]\" dir=\"auto\" tabindex=\"-1\" data-turn-id=\"request-69b7f979-be64-8329-a0b1-b177f97d4070-15\" data-testid=\"conversation-turn-154\" data-scroll-anchor=\"true\" data-turn=\"assistant\">\n<div class=\"text-base my-auto mx-auto pb-10 [--thread-content-margin:var(--thread-content-margin-xs,calc(var(--spacing)*4))] @w-sm\/main:[--thread-content-margin:var(--thread-content-margin-sm,calc(var(--spacing)*6))] @w-lg\/main:[--thread-content-margin:var(--thread-content-margin-lg,calc(var(--spacing)*16))] px-(--thread-content-margin)\">\n<div class=\"[--thread-content-max-width:40rem] @w-lg\/main:[--thread-content-max-width:48rem] mx-auto max-w-(--thread-content-max-width) flex-1 group\/turn-messages focus-visible:outline-hidden relative flex w-full min-w-0 flex-col agent-turn\" tabindex=\"-1\">\n<div class=\"flex max-w-full flex-col gap-4 grow\">\n<div class=\"min-h-8 text-message relative flex w-full flex-col items-end gap-2 text-start break-words whitespace-normal [.text-message+&amp;]:mt-1\" dir=\"auto\" data-message-author-role=\"assistant\" data-message-id=\"16dd26c7-7e14-45b0-8f38-6afaf0841db6\" data-message-model-slug=\"gpt-5-3\">\n<div class=\"flex w-full flex-col gap-1 empty:hidden\">\n<div class=\"markdown prose dark:prose-invert w-full wrap-break-word dark markdown-new-styling\">\n<p data-start=\"323\" data-end=\"401\"><strong data-start=\"323\" data-end=\"336\">Descri\u00e7\u00e3o<\/strong><br data-start=\"336\" data-end=\"339\" \/>C\u00f3digo do Produto: 1 L \u2013 227773 | 5 L \u2013 227781 | 20 L \u2013 229091<\/p>\n<hr data-start=\"403\" data-end=\"406\" \/>\n<p data-start=\"408\" data-end=\"482\"><strong data-start=\"408\" data-end=\"436\">Superf\u00edcies de Aplica\u00e7\u00e3o<\/strong><br data-start=\"436\" data-end=\"439\" \/>Porcelanato<br data-start=\"450\" data-end=\"453\" \/>Ard\u00f3sia<br data-start=\"460\" data-end=\"463\" \/>M\u00e1rmores<br data-start=\"471\" data-end=\"474\" \/>Granitos<\/p>\n<hr data-start=\"484\" data-end=\"487\" \/>\n<p data-start=\"489\" data-end=\"510\"><strong data-start=\"489\" data-end=\"510\">Instru\u00e7\u00f5es de Uso<\/strong><\/p>\n<p data-start=\"512\" data-end=\"540\"><strong data-start=\"512\" data-end=\"540\">Prepara\u00e7\u00e3o da superf\u00edcie<\/strong><\/p>\n<p data-start=\"542\" data-end=\"637\">A superf\u00edcie deve estar completamente limpa, seca e livre de poeira, resinas, ceras ou umidade.<\/p>\n<p data-start=\"639\" data-end=\"664\"><strong data-start=\"639\" data-end=\"664\">Prepara\u00e7\u00e3o da solu\u00e7\u00e3o<\/strong><\/p>\n<p data-start=\"666\" data-end=\"740\">A Cera Duralgloss \u00e9 concentrada e pode ser dilu\u00edda conforme a necessidade.<\/p>\n<p data-start=\"742\" data-end=\"766\"><strong data-start=\"742\" data-end=\"766\">Aplica\u00e7\u00e3o do produto<\/strong><\/p>\n<p data-start=\"768\" data-end=\"876\">Com aux\u00edlio de um aplicador de cera ou borrifador, aplique o produto sobre a superf\u00edcie no sentido vertical.<\/p>\n<p data-start=\"878\" data-end=\"990\">Aguarde aproximadamente 20 minutos e aplique novamente o produto na mesma \u00e1rea, desta vez no sentido horizontal.<\/p>\n<p data-start=\"992\" data-end=\"1090\">Trabalhe sempre em \u00e1reas pequenas, de aproximadamente 1 a 2 m\u00b2, para melhor controle da aplica\u00e7\u00e3o.<\/p>\n<p data-start=\"1092\" data-end=\"1112\"><strong data-start=\"1092\" data-end=\"1112\">Secagem e lustro<\/strong><\/p>\n<p data-start=\"1114\" data-end=\"1271\">Ap\u00f3s a secagem do produto, realize o lustro com enceradeira HS ou UHS equipada com disco Scotch Brite branco ou pele de porco, at\u00e9 atingir o brilho desejado.<\/p>\n<p data-start=\"1273\" data-end=\"1287\"><strong data-start=\"1273\" data-end=\"1287\">Observa\u00e7\u00e3o<\/strong><\/p>\n<p data-start=\"1289\" data-end=\"1457\" data-is-last-node=\"\" data-is-only-node=\"\">N\u00e3o pise sobre o piso enquanto o produto estiver \u00famido.<br data-start=\"1344\" data-end=\"1347\" \/>Recomenda-se realizar um teste pr\u00e9vio em uma pequena \u00e1rea para dom\u00ednio da t\u00e9cnica antes da aplica\u00e7\u00e3o completa.<\/p>\n<\/div>\n<\/div>\n<\/div>\n<\/div>\n<\/div>\n<\/div>\n<\/article>\n<\/div>\n<hr \/>\n<h5 class=\"no-margin\">Downloads<\/h5>\n<hr \/>\n<ul>\n<li><strong><a href=\"https:\/\/bellinzoni.net\/fichas_corporate\/FT_Corporate_Duralgloss.pdf\" target=\"_blank\" rel=\"noopener noreferrer\">Ficha T\u00e9cnica do Produto<\/a><\/strong><\/li>\n<li><strong><a href=\"https:\/\/bellinzoni.net\/fispq2023\/FISPQ_BLZ288_Corporate_Duralgloss.pdf\" target=\"_blank\" rel=\"noopener noreferrer\">Ficha de Seguran\u00e7a \u2013\u00a0FISPQ<\/a><\/strong><\/li>\n<\/ul>\n","protected":false},"excerpt":{"rendered":"<p>Produto com f\u00f3rmula exclusiva \u00e0 base de nanopart\u00edculas polidoras e cristalizantes que endurecem consideravelmente a superf\u00edcie, agora em nova vers\u00e3o, desenvolvido especialmente para porcelanato, ard\u00f3sia, m\u00e1rmores e granitos. Pode ser usado em piso brilhoso ou polido, reduzindo os danos causados pela abras\u00e3o do tr\u00e1fego, aumentando a resist\u00eancia do piso. Seu uso \u00e9 indicado em \u00e1reas de alto tr\u00e1fego e periodicamente para manuten\u00e7\u00e3o da beleza do material. Em pisos polidos ou foscos, proporciona resist\u00eancia e dureza \u00e0 superf\u00edcie com acabamento visualmente acetinado. N\u00e3o deixa o piso escorregadio.<\/p>\n<p>&nbsp;<\/p>\n","protected":false},"featured_media":0,"template":"","meta":[],"product_brand":[],"product_cat":[68,74],"product_tag":[],"class_list":{"0":"post-1000361","1":"product","2":"type-product","3":"status-publish","5":"product_cat-corporate","6":"product_cat-profissional","8":"first","9":"instock","10":"virtual","11":"product-type-simple"},"_links":{"self":[{"href":"https:\/\/bellinzoni.net\/pt\/wp-json\/wp\/v2\/product\/1000361","targetHints":{"allow":["GET"]}}],"collection":[{"href":"https:\/\/bellinzoni.net\/pt\/wp-json\/wp\/v2\/product"}],"about":[{"href":"https:\/\/bellinzoni.net\/pt\/wp-json\/wp\/v2\/types\/product"}],"version-history":[{"count":2,"href":"https:\/\/bellinzoni.net\/pt\/wp-json\/wp\/v2\/product\/1000361\/revisions"}],"predecessor-version":[{"id":1002128,"href":"https:\/\/bellinzoni.net\/pt\/wp-json\/wp\/v2\/product\/1000361\/revisions\/1002128"}],"wp:attachment":[{"href":"https:\/\/bellinzoni.net\/pt\/wp-json\/wp\/v2\/media?parent=1000361"}],"wp:term":[{"taxonomy":"product_brand","embeddable":true,"href":"https:\/\/bellinzoni.net\/pt\/wp-json\/wp\/v2\/product_brand?post=1000361"},{"taxonomy":"product_cat","embeddable":true,"href":"https:\/\/bellinzoni.net\/pt\/wp-json\/wp\/v2\/product_cat?post=1000361"},{"taxonomy":"product_tag","embeddable":true,"href":"https:\/\/bellinzoni.net\/pt\/wp-json\/wp\/v2\/product_tag?post=1000361"}],"curies":[{"name":"wp","href":"https:\/\/api.w.org\/{rel}","templated":true}]}}