{"id":1000362,"date":"2026-01-28T20:34:59","date_gmt":"2026-01-28T20:34:59","guid":{"rendered":"https:\/\/bellinzoni.net\/pt\/?post_type=product&#038;p=1000362"},"modified":"2026-03-16T15:21:21","modified_gmt":"2026-03-16T15:21:21","slug":"limpa-pedras-acido","status":"publish","type":"product","link":"https:\/\/bellinzoni.net\/pt\/produto\/limpa-pedras-acido\/","title":{"rendered":"Limpa Pedras \u00c1cido"},"content":{"rendered":"<p data-start=\"350\" data-end=\"428\"><strong data-start=\"350\" data-end=\"363\">Descri\u00e7\u00e3o<\/strong><br data-start=\"363\" data-end=\"366\" \/>C\u00f3digo do Produto: 1 L \u2013 226831 | 5 L \u2013 226840 | 20 L \u2013 229121<\/p>\n<hr data-start=\"430\" data-end=\"433\" \/>\n<p data-start=\"435\" data-end=\"514\"><strong data-start=\"435\" data-end=\"463\">Superf\u00edcies de Aplica\u00e7\u00e3o<\/strong><br data-start=\"463\" data-end=\"466\" \/>Granitos<br data-start=\"474\" data-end=\"477\" \/>Cer\u00e2micas<br data-start=\"486\" data-end=\"489\" \/>Ard\u00f3sia<br data-start=\"496\" data-end=\"499\" \/>Pedras em Geral<\/p>\n<hr data-start=\"516\" data-end=\"519\" \/>\n<p data-start=\"521\" data-end=\"542\"><strong data-start=\"521\" data-end=\"542\">Instru\u00e7\u00f5es de Uso<\/strong><\/p>\n<p data-start=\"544\" data-end=\"569\"><strong data-start=\"544\" data-end=\"569\">Prepara\u00e7\u00e3o da solu\u00e7\u00e3o<\/strong><\/p>\n<p data-start=\"571\" data-end=\"657\">O produto pode ser dilu\u00eddo conforme a necessidade e o n\u00edvel de sujidade da superf\u00edcie.<\/p>\n<p data-start=\"659\" data-end=\"823\">Dilui\u00e7\u00e3o recomendada:<br data-start=\"680\" data-end=\"683\" \/>Sujidade leve: diluir de 50 a 125 ml do produto em 1 litro de \u00e1gua.<br data-start=\"750\" data-end=\"753\" \/>Sujidade pesada: diluir de 145 a 500 ml do produto em 1 litro de \u00e1gua.<\/p>\n<p data-start=\"825\" data-end=\"849\"><strong data-start=\"825\" data-end=\"849\">Aplica\u00e7\u00e3o do produto<\/strong><\/p>\n<p data-start=\"851\" data-end=\"966\">Aplique o produto sobre a superf\u00edcie previamente umedecida, espalhando-o uniformemente por toda a \u00e1rea a ser limpa.<\/p>\n<p data-start=\"968\" data-end=\"985\"><strong data-start=\"968\" data-end=\"985\">Tempo de a\u00e7\u00e3o<\/strong><\/p>\n<p data-start=\"987\" data-end=\"1065\">Deixe o produto agir por at\u00e9 5 minutos para auxiliar na remo\u00e7\u00e3o das sujidades.<\/p>\n<p data-start=\"1067\" data-end=\"1078\"><strong data-start=\"1067\" data-end=\"1078\">Limpeza<\/strong><\/p>\n<p data-start=\"1080\" data-end=\"1183\">Esfregue bem o local utilizando escovas, fibras de limpeza, vassouras ou outros equipamentos adequados.<\/p>\n<p data-start=\"1185\" data-end=\"1196\"><strong data-start=\"1185\" data-end=\"1196\">Remo\u00e7\u00e3o<\/strong><\/p>\n<p data-start=\"1198\" data-end=\"1284\">Enx\u00e1gue abundantemente at\u00e9 remover completamente as sujeiras e os res\u00edduos do produto.<\/p>\n<p data-start=\"1286\" data-end=\"1300\"><strong data-start=\"1286\" data-end=\"1300\">Observa\u00e7\u00e3o<\/strong><\/p>\n<p data-start=\"1302\" data-end=\"1531\">Caso necess\u00e1rio, repita o processo respeitando sempre o tempo m\u00e1ximo de 5 minutos de a\u00e7\u00e3o do produto sobre a superf\u00edcie. O processo pode ser repetido mais de uma vez, desde que o tempo de a\u00e7\u00e3o n\u00e3o ultrapasse o limite recomendado.<\/p>\n<p data-start=\"1533\" data-end=\"1548\" data-is-last-node=\"\" data-is-only-node=\"\"><strong data-start=\"1533\" data-end=\"1539\">pH<\/strong><br data-start=\"1539\" data-end=\"1542\" \/>\u00c1cido.<\/p>\n<hr \/>\n<h5 class=\"no-margin\">Downloads<\/h5>\n<hr \/>\n<ul>\n<li><strong><a href=\"https:\/\/bellinzoni.net\/fichas_corporate\/FT_Corporate_Limpa_Pedras.pdf\" target=\"_blank\" rel=\"noopener noreferrer\">Ficha T\u00e9cnica do Produto<\/a><\/strong><\/li>\n<li><strong><a href=\"https:\/\/bellinzoni.net\/fispq2023\/FISPQ_BLZ253_COPORATE_Limpa_Pedras_Vr00.pdf\" target=\"_blank\" rel=\"noopener noreferrer\">Ficha de Seguran\u00e7a \u2013\u00a0FISPQ<\/a><\/strong><\/li>\n<\/ul>\n","protected":false},"excerpt":{"rendered":"<p>Detergente concentrado, ideal para limpeza de pedras sujas e encardidas. Pode ser usado em granitos, ard\u00f3sias, cer\u00e2micas r\u00fasticas, Miracema e S\u00e3o Tom\u00e9 e pedras em geral. N\u00e3o pode ser usado em m\u00e1rmores. Remove res\u00edduos de cimento, respingos de tintas, contamina\u00e7\u00e3o de limo e mofo.<\/p>\n","protected":false},"featured_media":1001701,"template":"","meta":[],"product_brand":[],"product_cat":[68],"product_tag":[],"class_list":{"0":"post-1000362","1":"product","2":"type-product","3":"status-publish","4":"has-post-thumbnail","6":"product_cat-corporate","8":"first","9":"instock","10":"virtual","11":"product-type-simple"},"_links":{"self":[{"href":"https:\/\/bellinzoni.net\/pt\/wp-json\/wp\/v2\/product\/1000362","targetHints":{"allow":["GET"]}}],"collection":[{"href":"https:\/\/bellinzoni.net\/pt\/wp-json\/wp\/v2\/product"}],"about":[{"href":"https:\/\/bellinzoni.net\/pt\/wp-json\/wp\/v2\/types\/product"}],"version-history":[{"count":3,"href":"https:\/\/bellinzoni.net\/pt\/wp-json\/wp\/v2\/product\/1000362\/revisions"}],"predecessor-version":[{"id":1002068,"href":"https:\/\/bellinzoni.net\/pt\/wp-json\/wp\/v2\/product\/1000362\/revisions\/1002068"}],"wp:featuredmedia":[{"embeddable":true,"href":"https:\/\/bellinzoni.net\/pt\/wp-json\/wp\/v2\/media\/1001701"}],"wp:attachment":[{"href":"https:\/\/bellinzoni.net\/pt\/wp-json\/wp\/v2\/media?parent=1000362"}],"wp:term":[{"taxonomy":"product_brand","embeddable":true,"href":"https:\/\/bellinzoni.net\/pt\/wp-json\/wp\/v2\/product_brand?post=1000362"},{"taxonomy":"product_cat","embeddable":true,"href":"https:\/\/bellinzoni.net\/pt\/wp-json\/wp\/v2\/product_cat?post=1000362"},{"taxonomy":"product_tag","embeddable":true,"href":"https:\/\/bellinzoni.net\/pt\/wp-json\/wp\/v2\/product_tag?post=1000362"}],"curies":[{"name":"wp","href":"https:\/\/api.w.org\/{rel}","templated":true}]}}