{"id":1000364,"date":"2026-02-13T20:34:59","date_gmt":"2026-02-13T20:34:59","guid":{"rendered":"https:\/\/bellinzoni.net\/pt\/?post_type=product&#038;p=1000364"},"modified":"2026-03-18T16:02:55","modified_gmt":"2026-03-18T16:02:55","slug":"renova-acm","status":"publish","type":"product","link":"https:\/\/bellinzoni.net\/pt\/produto\/renova-acm\/","title":{"rendered":"Renova ACM"},"content":{"rendered":"<div class=\"flex flex-col text-sm pb-25\">\n<section class=\"text-token-text-primary w-full focus:outline-none [--shadow-height:45px] has-data-writing-block:pointer-events-none has-data-writing-block:-mt-(--shadow-height) has-data-writing-block:pt-(--shadow-height) [&amp;:has([data-writing-block])&gt;*]:pointer-events-auto scroll-mt-[calc(var(--header-height)+min(200px,max(70px,20svh)))]\" dir=\"auto\" data-turn-id=\"request-69b7f979-be64-8329-a0b1-b177f97d4070-14\" data-testid=\"conversation-turn-242\" data-scroll-anchor=\"true\" data-turn=\"assistant\">\n<div class=\"text-base my-auto mx-auto pb-10 [--thread-content-margin:var(--thread-content-margin-xs,calc(var(--spacing)*4))] @w-sm\/main:[--thread-content-margin:var(--thread-content-margin-sm,calc(var(--spacing)*6))] @w-lg\/main:[--thread-content-margin:var(--thread-content-margin-lg,calc(var(--spacing)*16))] px-(--thread-content-margin)\">\n<div class=\"[--thread-content-max-width:40rem] @w-lg\/main:[--thread-content-max-width:48rem] mx-auto max-w-(--thread-content-max-width) flex-1 group\/turn-messages focus-visible:outline-hidden relative flex w-full min-w-0 flex-col agent-turn\">\n<div class=\"flex max-w-full flex-col gap-4 grow\">\n<div class=\"min-h-8 text-message relative flex w-full flex-col items-end gap-2 text-start break-words whitespace-normal outline-none keyboard-focused:focus-ring [.text-message+&amp;]:mt-1\" dir=\"auto\" tabindex=\"0\" data-message-author-role=\"assistant\" data-message-id=\"459a3968-fef4-468d-93a7-8dca31b88a12\" data-message-model-slug=\"gpt-5-3\" data-turn-start-message=\"true\">\n<div class=\"flex w-full flex-col gap-1 empty:hidden\">\n<div class=\"markdown prose dark:prose-invert w-full wrap-break-word dark markdown-new-styling\">\n<p data-start=\"193\" data-end=\"241\"><strong data-start=\"193\" data-end=\"206\">Descri\u00e7\u00e3o<\/strong><br data-start=\"206\" data-end=\"209\" \/>C\u00f3digo do Produto: 1 kg \u2013 225010<\/p>\n<hr data-start=\"243\" data-end=\"246\" \/>\n<p data-start=\"248\" data-end=\"286\"><strong data-start=\"248\" data-end=\"276\">Superf\u00edcies de Aplica\u00e7\u00e3o<\/strong><br data-start=\"276\" data-end=\"279\" \/>Ard\u00f3sia<\/p>\n<hr data-start=\"288\" data-end=\"291\" \/>\n<p data-start=\"293\" data-end=\"314\"><strong data-start=\"293\" data-end=\"314\">Instru\u00e7\u00f5es de Uso<\/strong><\/p>\n<p data-start=\"316\" data-end=\"344\"><strong data-start=\"316\" data-end=\"344\">Prepara\u00e7\u00e3o da superf\u00edcie<\/strong><\/p>\n<p data-start=\"346\" data-end=\"442\">A superf\u00edcie deve estar completamente limpa, seca e livre de poeiras, ceras, resinas ou umidade.<\/p>\n<p data-start=\"444\" data-end=\"550\">Caso haja res\u00edduos ou camadas de cera, recomenda-se a utiliza\u00e7\u00e3o do Dissolve Tudo Bellinzoni para remo\u00e7\u00e3o.<\/p>\n<hr data-start=\"552\" data-end=\"555\" \/>\n<p data-start=\"557\" data-end=\"581\"><strong data-start=\"557\" data-end=\"581\">Aplica\u00e7\u00e3o do produto<\/strong><\/p>\n<p data-start=\"583\" data-end=\"617\">Agite bem o produto antes de usar.<\/p>\n<p data-start=\"619\" data-end=\"719\">Aplique com aux\u00edlio de estopa ou rolo, espalhando de forma cruzada para garantir cobertura uniforme.<\/p>\n<hr data-start=\"721\" data-end=\"724\" \/>\n<p data-start=\"726\" data-end=\"750\"><strong data-start=\"726\" data-end=\"750\">Secagem e acabamento<\/strong><\/p>\n<p data-start=\"752\" data-end=\"808\">Aguarde aproximadamente 30 minutos para secagem inicial.<\/p>\n<p data-start=\"810\" data-end=\"971\">Se necess\u00e1rio, aplique uma segunda dem\u00e3o. Ap\u00f3s cerca de 10 minutos (dependendo da absor\u00e7\u00e3o do material), remova completamente qualquer excesso com um pano limpo.<\/p>\n<hr data-start=\"973\" data-end=\"976\" \/>\n<p data-start=\"978\" data-end=\"998\"><strong data-start=\"978\" data-end=\"998\">Libera\u00e7\u00e3o de uso<\/strong><\/p>\n<p data-start=\"1000\" data-end=\"1078\">Ap\u00f3s a remo\u00e7\u00e3o dos res\u00edduos, aguarde de 4 a 6 horas para libera\u00e7\u00e3o do tr\u00e1fego.<\/p>\n<hr data-start=\"1080\" data-end=\"1083\" \/>\n<p data-start=\"1085\" data-end=\"1099\"><strong data-start=\"1085\" data-end=\"1099\">Rendimento<\/strong><\/p>\n<p data-start=\"1101\" data-end=\"1134\" data-is-last-node=\"\" data-is-only-node=\"\">1 kg rende aproximadamente 35 m\u00b2.<\/p>\n<\/div>\n<\/div>\n<\/div>\n<\/div>\n<\/div>\n<\/div>\n<\/section>\n<\/div>\n<hr \/>\n<h5 class=\"no-margin\">Downloads<\/h5>\n<hr \/>\n<ul>\n<li><strong><a href=\"https:\/\/bellinzoni.net\/fichas_corporate\/FT_Corporate_Renova_ACM.pdf\" target=\"_blank\" rel=\"noopener noreferrer\">Ficha T\u00e9cnica do Produto<\/a><\/strong><\/li>\n<li><strong><a href=\"#\" target=\"_blank\" rel=\"noopener noreferrer\">Ficha de Seguran\u00e7a \u2013\u00a0FISPQ<\/a><\/strong><\/li>\n<\/ul>\n","protected":false},"excerpt":{"rendered":"<p>Produto desenvolvido para dar cor e prote\u00e7\u00e3o em materiais tipo ACM (Aluminium Composite Material) e superf\u00edcies de alum\u00ednio sem firmar excesso na superf\u00edcie aplicada. Impermeabilizante poli funcional com um intenso efeito molhado devolvendo o aspecto de novo.<\/p>\n<p>&nbsp;<\/p>\n","protected":false},"featured_media":1001050,"template":"","meta":[],"product_brand":[],"product_cat":[68,74],"product_tag":[],"class_list":{"0":"post-1000364","1":"product","2":"type-product","3":"status-publish","4":"has-post-thumbnail","6":"product_cat-corporate","7":"product_cat-profissional","9":"first","10":"instock","11":"virtual","12":"product-type-simple"},"_links":{"self":[{"href":"https:\/\/bellinzoni.net\/pt\/wp-json\/wp\/v2\/product\/1000364","targetHints":{"allow":["GET"]}}],"collection":[{"href":"https:\/\/bellinzoni.net\/pt\/wp-json\/wp\/v2\/product"}],"about":[{"href":"https:\/\/bellinzoni.net\/pt\/wp-json\/wp\/v2\/types\/product"}],"version-history":[{"count":5,"href":"https:\/\/bellinzoni.net\/pt\/wp-json\/wp\/v2\/product\/1000364\/revisions"}],"predecessor-version":[{"id":1002196,"href":"https:\/\/bellinzoni.net\/pt\/wp-json\/wp\/v2\/product\/1000364\/revisions\/1002196"}],"wp:featuredmedia":[{"embeddable":true,"href":"https:\/\/bellinzoni.net\/pt\/wp-json\/wp\/v2\/media\/1001050"}],"wp:attachment":[{"href":"https:\/\/bellinzoni.net\/pt\/wp-json\/wp\/v2\/media?parent=1000364"}],"wp:term":[{"taxonomy":"product_brand","embeddable":true,"href":"https:\/\/bellinzoni.net\/pt\/wp-json\/wp\/v2\/product_brand?post=1000364"},{"taxonomy":"product_cat","embeddable":true,"href":"https:\/\/bellinzoni.net\/pt\/wp-json\/wp\/v2\/product_cat?post=1000364"},{"taxonomy":"product_tag","embeddable":true,"href":"https:\/\/bellinzoni.net\/pt\/wp-json\/wp\/v2\/product_tag?post=1000364"}],"curies":[{"name":"wp","href":"https:\/\/api.w.org\/{rel}","templated":true}]}}