{"id":1000365,"date":"2026-01-28T20:34:59","date_gmt":"2026-01-28T20:34:59","guid":{"rendered":"https:\/\/bellinzoni.net\/pt\/?post_type=product&#038;p=1000365"},"modified":"2026-03-17T14:09:47","modified_gmt":"2026-03-17T14:09:47","slug":"renovador-de-marmore-e-granito","status":"publish","type":"product","link":"https:\/\/bellinzoni.net\/pt\/produto\/renovador-de-marmore-e-granito\/","title":{"rendered":"Renovador de M\u00e1rmore e Granito"},"content":{"rendered":"<p data-start=\"357\" data-end=\"435\"><strong data-start=\"357\" data-end=\"370\">Descri\u00e7\u00e3o<\/strong><br data-start=\"370\" data-end=\"373\" \/>C\u00f3digo do Produto: 1 L \u2013 227277 | 5 L \u2013 227307 | 20 L \u2013 229105<\/p>\n<hr data-start=\"437\" data-end=\"440\" \/>\n<p data-start=\"442\" data-end=\"519\"><strong data-start=\"442\" data-end=\"470\">Superf\u00edcies de Aplica\u00e7\u00e3o<\/strong><br data-start=\"470\" data-end=\"473\" \/>M\u00e1rmores<br data-start=\"481\" data-end=\"484\" \/>Granitos<br data-start=\"492\" data-end=\"495\" \/>Porcelanatos<br data-start=\"507\" data-end=\"510\" \/>Cer\u00e2micas<\/p>\n<hr data-start=\"521\" data-end=\"524\" \/>\n<p data-start=\"526\" data-end=\"547\"><strong data-start=\"526\" data-end=\"547\">Instru\u00e7\u00f5es de Uso<\/strong><\/p>\n<p data-start=\"549\" data-end=\"574\"><strong data-start=\"549\" data-end=\"574\">Prepara\u00e7\u00e3o da solu\u00e7\u00e3o<\/strong><\/p>\n<p data-start=\"576\" data-end=\"662\">O produto pode ser dilu\u00eddo conforme a necessidade e o n\u00edvel de desgaste da superf\u00edcie.<\/p>\n<p data-start=\"664\" data-end=\"829\">Dilui\u00e7\u00e3o recomendada:<br data-start=\"685\" data-end=\"688\" \/>Pisos novos: diluir de 125 a 200 ml do produto em 1 litro de \u00e1gua.<br data-start=\"754\" data-end=\"757\" \/>Pisos desgastados: diluir de 250 a 500 ml do produto em 1 litro de \u00e1gua.<\/p>\n<p data-start=\"831\" data-end=\"859\"><strong data-start=\"831\" data-end=\"859\">Prepara\u00e7\u00e3o da superf\u00edcie<\/strong><\/p>\n<p data-start=\"861\" data-end=\"934\">Remova previamente as sujeiras soltas e poeiras com a varredura do local.<\/p>\n<p data-start=\"936\" data-end=\"960\"><strong data-start=\"936\" data-end=\"960\">Aplica\u00e7\u00e3o do produto<\/strong><\/p>\n<p data-start=\"962\" data-end=\"1028\">Espalhe o produto sobre a superf\u00edcie com aux\u00edlio de um pano limpo.<\/p>\n<p data-start=\"1030\" data-end=\"1047\"><strong data-start=\"1030\" data-end=\"1047\">Tempo de a\u00e7\u00e3o<\/strong><\/p>\n<p data-start=\"1049\" data-end=\"1100\">Deixe o produto agir por aproximadamente 5 minutos.<\/p>\n<p data-start=\"1102\" data-end=\"1113\"><strong data-start=\"1102\" data-end=\"1113\">Remo\u00e7\u00e3o<\/strong><\/p>\n<p data-start=\"1115\" data-end=\"1208\">Remova o produto com pano seco, flanela ou com aux\u00edlio de enceradeira para melhor acabamento.<\/p>\n<p data-start=\"1210\" data-end=\"1224\"><strong data-start=\"1210\" data-end=\"1224\">Manuten\u00e7\u00e3o<\/strong><\/p>\n<p data-start=\"1226\" data-end=\"1425\">Periodicamente, realize a remo\u00e7\u00e3o do produto utilizando o Removedor de Cera da linha Corporate.<br data-start=\"1321\" data-end=\"1324\" \/>Para limpeza di\u00e1ria sem remover o renovador, utilize o Limpa Pisos e Porcelanatos da linha Corporate.<\/p>\n<p data-start=\"1427\" data-end=\"1441\"><strong data-start=\"1427\" data-end=\"1441\">Observa\u00e7\u00e3o<\/strong><\/p>\n<p data-start=\"1443\" data-end=\"1540\" data-is-last-node=\"\" data-is-only-node=\"\">Recomenda-se realizar um teste pr\u00e9vio em uma pequena \u00e1rea antes da aplica\u00e7\u00e3o completa do produto.<\/p>\n<hr \/>\n<h5 class=\"no-margin\">Downloads<\/h5>\n<hr \/>\n<ul>\n<li><strong><a href=\"https:\/\/bellinzoni.net\/fichas_corporate\/FT_Corporate_Renovador_de_Marmore_e_Granito_Liquido.pdf\" target=\"_blank\" rel=\"noopener noreferrer\">Ficha T\u00e9cnica do Produto<\/a><\/strong><\/li>\n<li><strong><a href=\"https:\/\/bellinzoni.net\/fispq2023\/FISPQ_BLZ270_CORPARATE%20RENOVADOR%20DE%20MARMORE%20LIQUIDO.pdf\" target=\"_blank\" rel=\"noopener noreferrer\">Ficha de Seguran\u00e7a \u2013\u00a0FISPQ<\/a><\/strong><\/li>\n<\/ul>\n","protected":false},"excerpt":{"rendered":"<h5 class=\"no-margin\"><\/h5>\n<p>Produto concentrado ideal para dar brilho em m\u00e1rmores e granitos. Pode ser usado em pisos, bancadas e mesas. Pode ser usado em porcelanatos, cer\u00e2micas e pedras lisas em geral. Pode ser usado na manuten\u00e7\u00e3o de brilho de materiais novos e na renova\u00e7\u00e3o de brilho de materiais usados. N\u00e3o forma excesso e n\u00e3o escorrega. Mant\u00e9m o brilho do material e ajuda na prote\u00e7\u00e3o contra o desgaste do dia a dia. Para material muito fosco, \u00e1spero ou queimado por ataque qu\u00edmico, \u00e9 necess\u00e1rio polimento mec\u00e2nico antes da aplica\u00e7\u00e3o do Renovador de M\u00e1rmore.<\/p>\n<p>&nbsp;<\/p>\n","protected":false},"featured_media":0,"template":"","meta":[],"product_brand":[],"product_cat":[68],"product_tag":[],"class_list":{"0":"post-1000365","1":"product","2":"type-product","3":"status-publish","5":"product_cat-corporate","7":"first","8":"instock","9":"virtual","10":"product-type-simple"},"_links":{"self":[{"href":"https:\/\/bellinzoni.net\/pt\/wp-json\/wp\/v2\/product\/1000365","targetHints":{"allow":["GET"]}}],"collection":[{"href":"https:\/\/bellinzoni.net\/pt\/wp-json\/wp\/v2\/product"}],"about":[{"href":"https:\/\/bellinzoni.net\/pt\/wp-json\/wp\/v2\/types\/product"}],"version-history":[{"count":3,"href":"https:\/\/bellinzoni.net\/pt\/wp-json\/wp\/v2\/product\/1000365\/revisions"}],"predecessor-version":[{"id":1002127,"href":"https:\/\/bellinzoni.net\/pt\/wp-json\/wp\/v2\/product\/1000365\/revisions\/1002127"}],"wp:attachment":[{"href":"https:\/\/bellinzoni.net\/pt\/wp-json\/wp\/v2\/media?parent=1000365"}],"wp:term":[{"taxonomy":"product_brand","embeddable":true,"href":"https:\/\/bellinzoni.net\/pt\/wp-json\/wp\/v2\/product_brand?post=1000365"},{"taxonomy":"product_cat","embeddable":true,"href":"https:\/\/bellinzoni.net\/pt\/wp-json\/wp\/v2\/product_cat?post=1000365"},{"taxonomy":"product_tag","embeddable":true,"href":"https:\/\/bellinzoni.net\/pt\/wp-json\/wp\/v2\/product_tag?post=1000365"}],"curies":[{"name":"wp","href":"https:\/\/api.w.org\/{rel}","templated":true}]}}