{"id":1000366,"date":"2026-01-28T20:34:59","date_gmt":"2026-01-28T20:34:59","guid":{"rendered":"https:\/\/bellinzoni.net\/pt\/?post_type=product&#038;p=1000366"},"modified":"2026-03-17T14:46:09","modified_gmt":"2026-03-17T14:46:09","slug":"restaura-acm","status":"publish","type":"product","link":"https:\/\/bellinzoni.net\/pt\/produto\/restaura-acm\/","title":{"rendered":"Restaura ACM"},"content":{"rendered":"<div class=\"flex flex-col text-sm pb-25\">\n<article class=\"text-token-text-primary w-full focus:outline-none [--shadow-height:45px] has-data-writing-block:pointer-events-none has-data-writing-block:-mt-(--shadow-height) has-data-writing-block:pt-(--shadow-height) [&amp;:has([data-writing-block])&gt;*]:pointer-events-auto scroll-mt-[calc(var(--header-height)+min(200px,max(70px,20svh)))]\" dir=\"auto\" tabindex=\"-1\" data-turn-id=\"request-69b7f979-be64-8329-a0b1-b177f97d4070-27\" data-testid=\"conversation-turn-178\" data-scroll-anchor=\"true\" data-turn=\"assistant\">\n<div class=\"text-base my-auto mx-auto pb-10 [--thread-content-margin:var(--thread-content-margin-xs,calc(var(--spacing)*4))] @w-sm\/main:[--thread-content-margin:var(--thread-content-margin-sm,calc(var(--spacing)*6))] @w-lg\/main:[--thread-content-margin:var(--thread-content-margin-lg,calc(var(--spacing)*16))] px-(--thread-content-margin)\">\n<div class=\"[--thread-content-max-width:40rem] @w-lg\/main:[--thread-content-max-width:48rem] mx-auto max-w-(--thread-content-max-width) flex-1 group\/turn-messages focus-visible:outline-hidden relative flex w-full min-w-0 flex-col agent-turn\" tabindex=\"-1\">\n<div class=\"flex max-w-full flex-col gap-4 grow\">\n<div class=\"min-h-8 text-message relative flex w-full flex-col items-end gap-2 text-start break-words whitespace-normal [.text-message+&amp;]:mt-1\" dir=\"auto\" data-message-author-role=\"assistant\" data-message-id=\"d4746f7e-1363-40d6-90db-6d32d9b20ed6\" data-message-model-slug=\"gpt-5-3\">\n<div class=\"flex w-full flex-col gap-1 empty:hidden\">\n<div class=\"markdown prose dark:prose-invert w-full wrap-break-word dark markdown-new-styling\">\n<p data-start=\"332\" data-end=\"381\"><strong data-start=\"332\" data-end=\"345\">Descri\u00e7\u00e3o<\/strong><br data-start=\"345\" data-end=\"348\" \/>C\u00f3digo do Produto: 300 g \u2013 227722<\/p>\n<hr data-start=\"383\" data-end=\"386\" \/>\n<p data-start=\"388\" data-end=\"422\"><strong data-start=\"388\" data-end=\"416\">Superf\u00edcies de Aplica\u00e7\u00e3o<\/strong><br data-start=\"416\" data-end=\"419\" \/>ACM<\/p>\n<hr data-start=\"424\" data-end=\"427\" \/>\n<p data-start=\"429\" data-end=\"450\"><strong data-start=\"429\" data-end=\"450\">Instru\u00e7\u00f5es de Uso<\/strong><\/p>\n<p data-start=\"452\" data-end=\"480\"><strong data-start=\"452\" data-end=\"480\">Prepara\u00e7\u00e3o da superf\u00edcie<\/strong><\/p>\n<p data-start=\"482\" data-end=\"562\">A superf\u00edcie deve estar completamente limpa, seca e livre de poeiras ou umidade.<\/p>\n<p data-start=\"564\" data-end=\"667\">Antes da aplica\u00e7\u00e3o, misture bem o produto com aux\u00edlio de uma esp\u00e1tula at\u00e9 obter consist\u00eancia homog\u00eanea.<\/p>\n<hr data-start=\"669\" data-end=\"672\" \/>\n<p data-start=\"674\" data-end=\"702\"><strong data-start=\"674\" data-end=\"702\">Modo de aplica\u00e7\u00e3o manual<\/strong><\/p>\n<p data-start=\"704\" data-end=\"760\">Aplique uma pequena quantidade do produto em uma estopa.<\/p>\n<p data-start=\"762\" data-end=\"891\">Realize movimentos circulares sobre a superf\u00edcie at\u00e9 obter resultado satisfat\u00f3rio, com remo\u00e7\u00e3o de riscos e recupera\u00e7\u00e3o do brilho.<\/p>\n<p data-start=\"893\" data-end=\"946\">Se necess\u00e1rio, remova o excesso ao final do processo.<\/p>\n<hr data-start=\"948\" data-end=\"951\" \/>\n<p data-start=\"953\" data-end=\"983\"><strong data-start=\"953\" data-end=\"983\">Modo de aplica\u00e7\u00e3o mec\u00e2nico<\/strong><\/p>\n<p data-start=\"985\" data-end=\"1115\">Com aux\u00edlio de uma politriz equipada com boina de est\u00e9tica automotiva, aplique pequena quantidade do produto diretamente na boina.<\/p>\n<p data-start=\"1117\" data-end=\"1217\">Realize movimentos circulares sobre a superf\u00edcie at\u00e9 a remo\u00e7\u00e3o de arranh\u00f5es e restaura\u00e7\u00e3o do brilho.<\/p>\n<hr data-start=\"1219\" data-end=\"1222\" \/>\n<p data-start=\"1224\" data-end=\"1239\"><strong data-start=\"1224\" data-end=\"1239\">Observa\u00e7\u00f5es<\/strong><\/p>\n<p data-start=\"1241\" data-end=\"1346\">Para arranh\u00f5es mais profundos, calcifica\u00e7\u00e3o ou manchas dif\u00edceis, recomenda-se o uso do processo mec\u00e2nico.<\/p>\n<p data-start=\"1348\" data-end=\"1464\" data-is-last-node=\"\" data-is-only-node=\"\">Ap\u00f3s a aplica\u00e7\u00e3o do Restaura ACM, pode-se utilizar o Renova ACM para intensificar ainda mais o brilho da superf\u00edcie.<\/p>\n<\/div>\n<\/div>\n<\/div>\n<\/div>\n<\/div>\n<\/div>\n<\/article>\n<\/div>\n<hr \/>\n<h5 class=\"no-margin\">Downloads<\/h5>\n<hr \/>\n<ul>\n<li><strong><a href=\"https:\/\/bellinzoni.net\/fichas_corporate\/FT_Corporate_Restaura_ACM.pdf\" target=\"_blank\" rel=\"noopener noreferrer\">Ficha T\u00e9cnica do Produto<\/a><\/strong><\/li>\n<li><strong><a href=\"https:\/\/bellinzoni.net\/fispq2023\/FISPQ_BLZ290_RESTAURA%20ACM.pdf\" target=\"_blank\" rel=\"noopener noreferrer\">Ficha de Seguran\u00e7a \u2013\u00a0FISPQ<\/a><\/strong><\/li>\n<\/ul>\n","protected":false},"excerpt":{"rendered":"<h5 class=\"no-margin\"><\/h5>\n<p>Produto inovador em creme, com abrasivos \u00e0 base de nanopart\u00edculas polidoras que conferem brilho e reativam a cor da superf\u00edcie de ACM (Aluminium Composite Material) e superf\u00edcies de alum\u00ednio. Possui caracter\u00edsticas especiais que resultam em polimento perfeito sem danificar a cor ou superf\u00edcie do material.<\/p>\n<p>&nbsp;<\/p>\n","protected":false},"featured_media":1001809,"template":"","meta":[],"product_brand":[],"product_cat":[68],"product_tag":[],"class_list":{"0":"post-1000366","1":"product","2":"type-product","3":"status-publish","4":"has-post-thumbnail","6":"product_cat-corporate","8":"first","9":"instock","10":"virtual","11":"product-type-simple"},"_links":{"self":[{"href":"https:\/\/bellinzoni.net\/pt\/wp-json\/wp\/v2\/product\/1000366","targetHints":{"allow":["GET"]}}],"collection":[{"href":"https:\/\/bellinzoni.net\/pt\/wp-json\/wp\/v2\/product"}],"about":[{"href":"https:\/\/bellinzoni.net\/pt\/wp-json\/wp\/v2\/types\/product"}],"version-history":[{"count":2,"href":"https:\/\/bellinzoni.net\/pt\/wp-json\/wp\/v2\/product\/1000366\/revisions"}],"predecessor-version":[{"id":1002147,"href":"https:\/\/bellinzoni.net\/pt\/wp-json\/wp\/v2\/product\/1000366\/revisions\/1002147"}],"wp:featuredmedia":[{"embeddable":true,"href":"https:\/\/bellinzoni.net\/pt\/wp-json\/wp\/v2\/media\/1001809"}],"wp:attachment":[{"href":"https:\/\/bellinzoni.net\/pt\/wp-json\/wp\/v2\/media?parent=1000366"}],"wp:term":[{"taxonomy":"product_brand","embeddable":true,"href":"https:\/\/bellinzoni.net\/pt\/wp-json\/wp\/v2\/product_brand?post=1000366"},{"taxonomy":"product_cat","embeddable":true,"href":"https:\/\/bellinzoni.net\/pt\/wp-json\/wp\/v2\/product_cat?post=1000366"},{"taxonomy":"product_tag","embeddable":true,"href":"https:\/\/bellinzoni.net\/pt\/wp-json\/wp\/v2\/product_tag?post=1000366"}],"curies":[{"name":"wp","href":"https:\/\/api.w.org\/{rel}","templated":true}]}}