{"id":1000393,"date":"2026-01-28T20:35:21","date_gmt":"2026-01-28T20:35:21","guid":{"rendered":"https:\/\/bellinzoni.net\/pt\/?post_type=product&#038;p=1000393"},"modified":"2026-03-21T20:17:36","modified_gmt":"2026-03-21T20:17:36","slug":"bell-pine","status":"publish","type":"product","link":"https:\/\/bellinzoni.net\/pt\/produto\/bell-pine\/","title":{"rendered":"Bell Pine"},"content":{"rendered":"<p data-start=\"349\" data-end=\"427\"><strong data-start=\"349\" data-end=\"362\">Descri\u00e7\u00e3o<\/strong><br data-start=\"362\" data-end=\"365\" \/>C\u00f3digo do Produto: 1 L \u2013 227129 | 5 L \u2013 227137 | 20 L \u2013 229270<\/p>\n<hr data-start=\"429\" data-end=\"432\" \/>\n<p data-start=\"434\" data-end=\"511\"><strong data-start=\"434\" data-end=\"462\">Superf\u00edcies de Aplica\u00e7\u00e3o<\/strong><br data-start=\"462\" data-end=\"465\" \/>Porcelanatos<br data-start=\"477\" data-end=\"480\" \/>Azulejos<br data-start=\"488\" data-end=\"491\" \/>Ard\u00f3sias<br data-start=\"499\" data-end=\"502\" \/>Cer\u00e2micas<\/p>\n<hr data-start=\"513\" data-end=\"516\" \/>\n<p data-start=\"518\" data-end=\"539\"><strong data-start=\"518\" data-end=\"539\">Instru\u00e7\u00f5es de Uso<\/strong><\/p>\n<p data-start=\"541\" data-end=\"566\"><strong data-start=\"541\" data-end=\"566\">Prepara\u00e7\u00e3o da solu\u00e7\u00e3o<\/strong><\/p>\n<p data-start=\"568\" data-end=\"666\">Bell Pine pode ser dilu\u00eddo conforme a necessidade e o n\u00edvel de sujidade da superf\u00edcie a ser limpa.<\/p>\n<p data-start=\"668\" data-end=\"828\">Dilui\u00e7\u00e3o recomendada:<br data-start=\"689\" data-end=\"692\" \/>Sujidade leve: diluir de 5 a 10 ml do produto em 1 litro de \u00e1gua.<br data-start=\"757\" data-end=\"760\" \/>Sujidade pesada: diluir de 15 a 50 ml do produto em 1 litro de \u00e1gua.<\/p>\n<p data-start=\"830\" data-end=\"854\"><strong data-start=\"830\" data-end=\"854\">Aplica\u00e7\u00e3o do produto<\/strong><\/p>\n<p data-start=\"856\" data-end=\"915\">Aplique a solu\u00e7\u00e3o preparada sobre a superf\u00edcie a ser limpa.<\/p>\n<p data-start=\"917\" data-end=\"934\"><strong data-start=\"917\" data-end=\"934\">Tempo de a\u00e7\u00e3o<\/strong><\/p>\n<p data-start=\"936\" data-end=\"1030\">Deixe o produto agir por aproximadamente 5 a 7 minutos para auxiliar na remo\u00e7\u00e3o das sujidades.<\/p>\n<p data-start=\"1032\" data-end=\"1043\"><strong data-start=\"1032\" data-end=\"1043\">Limpeza<\/strong><\/p>\n<p data-start=\"1045\" data-end=\"1128\">Esfregue a superf\u00edcie com aux\u00edlio de esponja, escova ou mop conforme a necessidade.<\/p>\n<p data-start=\"1130\" data-end=\"1236\">Aten\u00e7\u00e3o: em materiais lustrados, n\u00e3o utilize o lado \u00e1spero (verde) da esponja, pois pode causar arranh\u00f5es.<\/p>\n<p data-start=\"1238\" data-end=\"1249\"><strong data-start=\"1238\" data-end=\"1249\">Remo\u00e7\u00e3o<\/strong><\/p>\n<p data-start=\"1251\" data-end=\"1332\">Enx\u00e1gue abundantemente com \u00e1gua at\u00e9 remover completamente os res\u00edduos do produto.<\/p>\n<p data-start=\"1334\" data-end=\"1348\"><strong data-start=\"1334\" data-end=\"1348\">Observa\u00e7\u00e3o<\/strong><\/p>\n<p data-start=\"1350\" data-end=\"1502\">Em superf\u00edcies de f\u00f3rmica e vinil, quando aplicado puro em pequenas quantidades com aux\u00edlio de tecido de fibra sint\u00e9tica, o enx\u00e1gue pode ser dispensado.<\/p>\n<p data-start=\"1504\" data-end=\"1532\" data-is-last-node=\"\" data-is-only-node=\"\"><strong data-start=\"1504\" data-end=\"1510\">pH<\/strong><br data-start=\"1510\" data-end=\"1513\" \/>Levemente alcalino.<\/p>\n<hr \/>\n<h5 class=\"no-margin\">Downloads<\/h5>\n<hr \/>\n<ul>\n<li><strong><a href=\"https:\/\/bellinzoni.net\/fichas_corporate\/FT_Corporate_Bell_Pine.pdf\" target=\"_blank\" rel=\"noopener noreferrer\">Ficha T\u00e9cnica do Produto<\/a><\/strong><\/li>\n<li><strong><a href=\"https:\/\/bellinzoni.net\/fispq2023\/FISPQ_BLZ266_CORPORATE%20BELL%20PINE_Vr00%20-.pdf\" target=\"_blank\" rel=\"noopener noreferrer\">Ficha de Seguran\u00e7a \u2013\u00a0FISPQ<\/a><\/strong><\/li>\n<\/ul>\n","protected":false},"excerpt":{"rendered":"<h5 class=\"no-margin\"><\/h5>\n<p>Bell Pine \u00e9 um detergente desengraxante de baixa alcalinidade, garantindo m\u00e1xima limpeza e versatilidade. N\u00e3o agride nenhum tipo de superf\u00edcie lav\u00e1vel, tais como, pisos cer\u00e2micos, porcelanatos, paredes.<\/p>\n<p>&nbsp;<\/p>\n","protected":false},"featured_media":1001700,"template":"","meta":[],"product_brand":[],"product_cat":[68],"product_tag":[],"class_list":{"0":"post-1000393","1":"product","2":"type-product","3":"status-publish","4":"has-post-thumbnail","6":"product_cat-corporate","8":"first","9":"instock","10":"virtual","11":"product-type-simple"},"_links":{"self":[{"href":"https:\/\/bellinzoni.net\/pt\/wp-json\/wp\/v2\/product\/1000393","targetHints":{"allow":["GET"]}}],"collection":[{"href":"https:\/\/bellinzoni.net\/pt\/wp-json\/wp\/v2\/product"}],"about":[{"href":"https:\/\/bellinzoni.net\/pt\/wp-json\/wp\/v2\/types\/product"}],"version-history":[{"count":2,"href":"https:\/\/bellinzoni.net\/pt\/wp-json\/wp\/v2\/product\/1000393\/revisions"}],"predecessor-version":[{"id":1002066,"href":"https:\/\/bellinzoni.net\/pt\/wp-json\/wp\/v2\/product\/1000393\/revisions\/1002066"}],"wp:featuredmedia":[{"embeddable":true,"href":"https:\/\/bellinzoni.net\/pt\/wp-json\/wp\/v2\/media\/1001700"}],"wp:attachment":[{"href":"https:\/\/bellinzoni.net\/pt\/wp-json\/wp\/v2\/media?parent=1000393"}],"wp:term":[{"taxonomy":"product_brand","embeddable":true,"href":"https:\/\/bellinzoni.net\/pt\/wp-json\/wp\/v2\/product_brand?post=1000393"},{"taxonomy":"product_cat","embeddable":true,"href":"https:\/\/bellinzoni.net\/pt\/wp-json\/wp\/v2\/product_cat?post=1000393"},{"taxonomy":"product_tag","embeddable":true,"href":"https:\/\/bellinzoni.net\/pt\/wp-json\/wp\/v2\/product_tag?post=1000393"}],"curies":[{"name":"wp","href":"https:\/\/api.w.org\/{rel}","templated":true}]}}