{"id":1000394,"date":"2026-01-28T20:35:21","date_gmt":"2026-01-28T20:35:21","guid":{"rendered":"https:\/\/bellinzoni.net\/pt\/?post_type=product&#038;p=1000394"},"modified":"2026-03-16T15:17:28","modified_gmt":"2026-03-16T15:17:28","slug":"corta-ferrugem-2","status":"publish","type":"product","link":"https:\/\/bellinzoni.net\/pt\/produto\/corta-ferrugem-2\/","title":{"rendered":"Corta Ferrugem"},"content":{"rendered":"<p data-start=\"376\" data-end=\"454\"><strong data-start=\"376\" data-end=\"389\">Descri\u00e7\u00e3o<\/strong><br data-start=\"389\" data-end=\"392\" \/>C\u00f3digo do Produto: 1 L \u2013 227030 | 5 L \u2013 227048 | 20 L \u2013 229156<\/p>\n<hr data-start=\"456\" data-end=\"459\" \/>\n<p data-start=\"461\" data-end=\"518\"><strong data-start=\"461\" data-end=\"489\">Superf\u00edcies de Aplica\u00e7\u00e3o<\/strong><br data-start=\"489\" data-end=\"492\" \/>Granitos<br data-start=\"500\" data-end=\"503\" \/>Pedras em Geral<\/p>\n<hr data-start=\"520\" data-end=\"523\" \/>\n<p data-start=\"525\" data-end=\"546\"><strong data-start=\"525\" data-end=\"546\">Instru\u00e7\u00f5es de Uso<\/strong><\/p>\n<p data-start=\"548\" data-end=\"573\"><strong data-start=\"548\" data-end=\"573\">Prepara\u00e7\u00e3o da solu\u00e7\u00e3o<\/strong><\/p>\n<p data-start=\"575\" data-end=\"661\">O produto pode ser dilu\u00eddo conforme a necessidade e o n\u00edvel de sujidade da superf\u00edcie.<\/p>\n<p data-start=\"663\" data-end=\"826\">Dilui\u00e7\u00e3o recomendada:<br data-start=\"684\" data-end=\"687\" \/>Sujidade leve: diluir de 50 a 65 ml do produto em 1 litro de \u00e1gua.<br data-start=\"753\" data-end=\"756\" \/>Sujidade pesada: diluir de 100 a 200 ml do produto em 1 litro de \u00e1gua.<\/p>\n<p data-start=\"828\" data-end=\"852\"><strong data-start=\"828\" data-end=\"852\">Aplica\u00e7\u00e3o do produto<\/strong><\/p>\n<p data-start=\"854\" data-end=\"931\">Aplique o produto sobre a superf\u00edcie a ser limpa, espalhando-o uniformemente.<\/p>\n<p data-start=\"933\" data-end=\"950\"><strong data-start=\"933\" data-end=\"950\">Tempo de a\u00e7\u00e3o<\/strong><\/p>\n<p data-start=\"952\" data-end=\"1054\">Deixe o produto agir por aproximadamente 12 horas para auxiliar na remo\u00e7\u00e3o das incrusta\u00e7\u00f5es e manchas.<\/p>\n<p data-start=\"1056\" data-end=\"1067\"><strong data-start=\"1056\" data-end=\"1067\">Limpeza<\/strong><\/p>\n<p data-start=\"1069\" data-end=\"1170\">Ap\u00f3s o tempo de a\u00e7\u00e3o, lave a superf\u00edcie com \u00e1gua em abund\u00e2ncia at\u00e9 remover completamente os res\u00edduos.<\/p>\n<p data-start=\"1172\" data-end=\"1186\"><strong data-start=\"1172\" data-end=\"1186\">Observa\u00e7\u00e3o<\/strong><\/p>\n<p data-start=\"1188\" data-end=\"1342\">Caso necess\u00e1rio, repita o processo at\u00e9 alcan\u00e7ar o resultado desejado. Ap\u00f3s o uso, pode-se aplicar um produto alcalino para neutralizar a a\u00e7\u00e3o do limpador.<\/p>\n<p data-start=\"1344\" data-end=\"1359\" data-is-last-node=\"\" data-is-only-node=\"\"><strong data-start=\"1344\" data-end=\"1350\">pH<\/strong><br data-start=\"1350\" data-end=\"1353\" \/>\u00c1cido.<\/p>\n<hr \/>\n<h5 class=\"no-margin\">Downloads<\/h5>\n<hr \/>\n<ul>\n<li><strong><a href=\"https:\/\/bellinzoni.net\/fichas_corporate\/FT_Corporate_Corta_Ferrugem.pdf\" target=\"_blank\" rel=\"noopener noreferrer\">Ficha T\u00e9cnica do Produto<\/a><\/strong><\/li>\n<li><strong><a href=\"https:\/\/bellinzoni.net\/fispq2023\/FISPQ_BLZ263_CORPORATE%20CORTA%20FERRUGEM.pdf\" target=\"_blank\" rel=\"noopener noreferrer\">Ficha de Seguran\u00e7a \u2013\u00a0FISPQ<\/a><\/strong><\/li>\n<\/ul>\n","protected":false},"excerpt":{"rendered":"<h5 class=\"no-margin\"><\/h5>\n<p>Produto com base \u00e1cida para combater focos de oxida\u00e7\u00e3o natural em granitos e pedras em geral. Elimina e previne o surgimento de novas manchas. N\u00e3o pode ser usado em m\u00e1rmores.<\/p>\n<p>&nbsp;<\/p>\n","protected":false},"featured_media":1001699,"template":"","meta":[],"product_brand":[],"product_cat":[68],"product_tag":[],"class_list":{"0":"post-1000394","1":"product","2":"type-product","3":"status-publish","4":"has-post-thumbnail","6":"product_cat-corporate","8":"first","9":"instock","10":"virtual","11":"product-type-simple"},"_links":{"self":[{"href":"https:\/\/bellinzoni.net\/pt\/wp-json\/wp\/v2\/product\/1000394","targetHints":{"allow":["GET"]}}],"collection":[{"href":"https:\/\/bellinzoni.net\/pt\/wp-json\/wp\/v2\/product"}],"about":[{"href":"https:\/\/bellinzoni.net\/pt\/wp-json\/wp\/v2\/types\/product"}],"version-history":[{"count":3,"href":"https:\/\/bellinzoni.net\/pt\/wp-json\/wp\/v2\/product\/1000394\/revisions"}],"predecessor-version":[{"id":1002065,"href":"https:\/\/bellinzoni.net\/pt\/wp-json\/wp\/v2\/product\/1000394\/revisions\/1002065"}],"wp:featuredmedia":[{"embeddable":true,"href":"https:\/\/bellinzoni.net\/pt\/wp-json\/wp\/v2\/media\/1001699"}],"wp:attachment":[{"href":"https:\/\/bellinzoni.net\/pt\/wp-json\/wp\/v2\/media?parent=1000394"}],"wp:term":[{"taxonomy":"product_brand","embeddable":true,"href":"https:\/\/bellinzoni.net\/pt\/wp-json\/wp\/v2\/product_brand?post=1000394"},{"taxonomy":"product_cat","embeddable":true,"href":"https:\/\/bellinzoni.net\/pt\/wp-json\/wp\/v2\/product_cat?post=1000394"},{"taxonomy":"product_tag","embeddable":true,"href":"https:\/\/bellinzoni.net\/pt\/wp-json\/wp\/v2\/product_tag?post=1000394"}],"curies":[{"name":"wp","href":"https:\/\/api.w.org\/{rel}","templated":true}]}}