{"id":1000396,"date":"2026-01-28T20:35:21","date_gmt":"2026-01-28T20:35:21","guid":{"rendered":"https:\/\/bellinzoni.net\/pt\/?post_type=product&#038;p=1000396"},"modified":"2026-03-21T20:40:33","modified_gmt":"2026-03-21T20:40:33","slug":"gel-clorado","status":"publish","type":"product","link":"https:\/\/bellinzoni.net\/pt\/produto\/gel-clorado\/","title":{"rendered":"Gel Clorado"},"content":{"rendered":"<p data-start=\"324\" data-end=\"402\"><strong data-start=\"324\" data-end=\"337\">Descri\u00e7\u00e3o<\/strong><br data-start=\"337\" data-end=\"340\" \/>C\u00f3digo do Produto: 1 L \u2013 227064 | 5 L \u2013 227072 | 20 L \u2013 229164<\/p>\n<hr data-start=\"404\" data-end=\"407\" \/>\n<p data-start=\"409\" data-end=\"487\"><strong data-start=\"409\" data-end=\"437\">Superf\u00edcies de Aplica\u00e7\u00e3o<\/strong><br data-start=\"437\" data-end=\"440\" \/>Pisos<br data-start=\"445\" data-end=\"448\" \/>Paredes<br data-start=\"455\" data-end=\"458\" \/>Bancadas<br data-start=\"466\" data-end=\"469\" \/>Mesas<br data-start=\"474\" data-end=\"477\" \/>Sanit\u00e1rios<\/p>\n<hr data-start=\"489\" data-end=\"492\" \/>\n<p data-start=\"494\" data-end=\"515\"><strong data-start=\"494\" data-end=\"515\">Instru\u00e7\u00f5es de Uso<\/strong><\/p>\n<p data-start=\"517\" data-end=\"542\"><strong data-start=\"517\" data-end=\"542\">Prepara\u00e7\u00e3o da solu\u00e7\u00e3o<\/strong><\/p>\n<p data-start=\"544\" data-end=\"634\">O Gel Clorado pode ser dilu\u00eddo conforme a necessidade e o n\u00edvel de sujidade da superf\u00edcie.<\/p>\n<p data-start=\"636\" data-end=\"798\">Dilui\u00e7\u00e3o recomendada:<br data-start=\"657\" data-end=\"660\" \/>Sujidade leve: diluir de 10 a 20 ml do produto em 1 litro de \u00e1gua.<br data-start=\"726\" data-end=\"729\" \/>Sujidade pesada: diluir de 25 a 100 ml do produto em 1 litro de \u00e1gua.<\/p>\n<p data-start=\"800\" data-end=\"950\">Produto concentrado que, ap\u00f3s dilui\u00e7\u00e3o, fornece uma solu\u00e7\u00e3o com no m\u00ednimo 0,02% de cloro ativo, quantidade necess\u00e1ria para sanitiza\u00e7\u00e3o de superf\u00edcies.<\/p>\n<p data-start=\"952\" data-end=\"976\"><strong data-start=\"952\" data-end=\"976\">Aplica\u00e7\u00e3o do produto<\/strong><\/p>\n<p data-start=\"978\" data-end=\"1062\">Ap\u00f3s realizar a dilui\u00e7\u00e3o adequada, aplique o produto sobre a superf\u00edcie a ser limpa.<\/p>\n<p data-start=\"1064\" data-end=\"1081\"><strong data-start=\"1064\" data-end=\"1081\">Tempo de a\u00e7\u00e3o<\/strong><\/p>\n<p data-start=\"1083\" data-end=\"1135\">Deixe o produto agir por aproximadamente 10 minutos.<\/p>\n<p data-start=\"1137\" data-end=\"1148\"><strong data-start=\"1137\" data-end=\"1148\">Limpeza<\/strong><\/p>\n<p data-start=\"1150\" data-end=\"1384\">Realize a esfrega\u00e7\u00e3o conforme o tipo e a quantidade de sujidade utilizando esponja macia, fibra de limpeza sint\u00e9tica ou equipamentos apropriados. Caso necess\u00e1rio, pode-se utilizar gerador de espuma para auxiliar o processo de limpeza.<\/p>\n<p data-start=\"1386\" data-end=\"1397\"><strong data-start=\"1386\" data-end=\"1397\">Remo\u00e7\u00e3o<\/strong><\/p>\n<p data-start=\"1399\" data-end=\"1469\">Enx\u00e1gue abundantemente at\u00e9 que a superf\u00edcie fique completamente limpa.<\/p>\n<p data-start=\"1471\" data-end=\"1485\"><strong data-start=\"1471\" data-end=\"1485\">Observa\u00e7\u00e3o<\/strong><\/p>\n<p data-start=\"1487\" data-end=\"1627\">A utiliza\u00e7\u00e3o de \u00e1gua quente pode aumentar a efic\u00e1cia da limpeza.<br data-start=\"1551\" data-end=\"1554\" \/>Este produto tamb\u00e9m pode ser utilizado para desinfec\u00e7\u00e3o de caixas d\u2019\u00e1gua.<\/p>\n<p data-start=\"1629\" data-end=\"1647\" data-is-last-node=\"\" data-is-only-node=\"\"><strong data-start=\"1629\" data-end=\"1635\">pH<\/strong><br data-start=\"1635\" data-end=\"1638\" \/>Alcalino.<\/p>\n<hr \/>\n<h5 class=\"no-margin\">Downloads<\/h5>\n<hr \/>\n<ul>\n<li><strong><a href=\"https:\/\/bellinzoni.net\/fichas_corporate\/FT_Corporate_Gel_Clorado.pdf\" target=\"_blank\" rel=\"noopener noreferrer\">Ficha T\u00e9cnica do Produto<\/a><\/strong><\/li>\n<li><strong><a href=\"https:\/\/bellinzoni.net\/fispq2023\/FISPQ_BLZ264_CORPORATE%20GEL%20CLORADO_Vr00.pdf\" target=\"_blank\" rel=\"noopener noreferrer\">Ficha de Seguran\u00e7a \u2013\u00a0FISPQ<\/a><\/strong><\/li>\n<\/ul>\n","protected":false},"excerpt":{"rendered":"<h5 class=\"no-margin\"><\/h5>\n<p>Detergente alcalino clorado, em gel, de ampla aplica\u00e7\u00e3o, com alto poder sanitizante e desengordurante. Possui excelente rendimento e forma\u00e7\u00e3o de espuma aderindo facilmente em superf\u00edcies inclinadas limpando, desengorurando e desinfetando em uma \u00fanica opera\u00e7\u00e3o.<\/p>\n<p>&nbsp;<\/p>\n","protected":false},"featured_media":1001697,"template":"","meta":[],"product_brand":[],"product_cat":[68],"product_tag":[],"class_list":{"0":"post-1000396","1":"product","2":"type-product","3":"status-publish","4":"has-post-thumbnail","6":"product_cat-corporate","8":"first","9":"instock","10":"virtual","11":"product-type-simple"},"_links":{"self":[{"href":"https:\/\/bellinzoni.net\/pt\/wp-json\/wp\/v2\/product\/1000396","targetHints":{"allow":["GET"]}}],"collection":[{"href":"https:\/\/bellinzoni.net\/pt\/wp-json\/wp\/v2\/product"}],"about":[{"href":"https:\/\/bellinzoni.net\/pt\/wp-json\/wp\/v2\/types\/product"}],"version-history":[{"count":2,"href":"https:\/\/bellinzoni.net\/pt\/wp-json\/wp\/v2\/product\/1000396\/revisions"}],"predecessor-version":[{"id":1002061,"href":"https:\/\/bellinzoni.net\/pt\/wp-json\/wp\/v2\/product\/1000396\/revisions\/1002061"}],"wp:featuredmedia":[{"embeddable":true,"href":"https:\/\/bellinzoni.net\/pt\/wp-json\/wp\/v2\/media\/1001697"}],"wp:attachment":[{"href":"https:\/\/bellinzoni.net\/pt\/wp-json\/wp\/v2\/media?parent=1000396"}],"wp:term":[{"taxonomy":"product_brand","embeddable":true,"href":"https:\/\/bellinzoni.net\/pt\/wp-json\/wp\/v2\/product_brand?post=1000396"},{"taxonomy":"product_cat","embeddable":true,"href":"https:\/\/bellinzoni.net\/pt\/wp-json\/wp\/v2\/product_cat?post=1000396"},{"taxonomy":"product_tag","embeddable":true,"href":"https:\/\/bellinzoni.net\/pt\/wp-json\/wp\/v2\/product_tag?post=1000396"}],"curies":[{"name":"wp","href":"https:\/\/api.w.org\/{rel}","templated":true}]}}