{"id":1000397,"date":"2026-01-28T20:35:21","date_gmt":"2026-01-28T20:35:21","guid":{"rendered":"https:\/\/bellinzoni.net\/pt\/?post_type=product&#038;p=1000397"},"modified":"2026-03-16T15:08:13","modified_gmt":"2026-03-16T15:08:13","slug":"limpa-pisos-e-porcelanato","status":"publish","type":"product","link":"https:\/\/bellinzoni.net\/pt\/produto\/limpa-pisos-e-porcelanato\/","title":{"rendered":"Limpa Pisos e Porcelanato"},"content":{"rendered":"<p data-start=\"326\" data-end=\"404\"><strong data-start=\"326\" data-end=\"339\">Descri\u00e7\u00e3o<\/strong><br data-start=\"339\" data-end=\"342\" \/>C\u00f3digo do Produto: 1 L \u2013 226858 | 5 L \u2013 226866 | 20 L \u2013 229130<\/p>\n<hr data-start=\"406\" data-end=\"409\" \/>\n<p data-start=\"411\" data-end=\"488\"><strong data-start=\"411\" data-end=\"439\">Superf\u00edcies de Aplica\u00e7\u00e3o<\/strong><br data-start=\"439\" data-end=\"442\" \/>Porcelanatos<br data-start=\"454\" data-end=\"457\" \/>Azulejos<br data-start=\"465\" data-end=\"468\" \/>Ard\u00f3sias<br data-start=\"476\" data-end=\"479\" \/>Cer\u00e2micas<\/p>\n<hr data-start=\"490\" data-end=\"493\" \/>\n<p data-start=\"495\" data-end=\"516\"><strong data-start=\"495\" data-end=\"516\">Instru\u00e7\u00f5es de Uso<\/strong><\/p>\n<p data-start=\"518\" data-end=\"543\"><strong data-start=\"518\" data-end=\"543\">Prepara\u00e7\u00e3o da solu\u00e7\u00e3o<\/strong><\/p>\n<p data-start=\"545\" data-end=\"650\">O Limpa Pisos e Porcelanatos pode ser dilu\u00eddo conforme a necessidade e o n\u00edvel de sujidade da superf\u00edcie.<\/p>\n<p data-start=\"652\" data-end=\"812\">Dilui\u00e7\u00e3o recomendada:<br data-start=\"673\" data-end=\"676\" \/>Sujidade leve: diluir de 5 a 10 ml do produto em 1 litro de \u00e1gua.<br data-start=\"741\" data-end=\"744\" \/>Sujidade pesada: diluir de 15 a 50 ml do produto em 1 litro de \u00e1gua.<\/p>\n<p data-start=\"814\" data-end=\"838\"><strong data-start=\"814\" data-end=\"838\">Aplica\u00e7\u00e3o do produto<\/strong><\/p>\n<p data-start=\"840\" data-end=\"923\">Em \u00e1reas n\u00e3o lav\u00e1veis, espalhe o produto sobre a superf\u00edcie com aux\u00edlio de um pano.<\/p>\n<p data-start=\"925\" data-end=\"1063\">Em \u00e1reas lav\u00e1veis, o produto pode ser aplicado sobre a superf\u00edcie levemente \u00famida, espalhando-o uniformemente por toda a \u00e1rea a ser limpa.<\/p>\n<p data-start=\"1065\" data-end=\"1082\"><strong data-start=\"1065\" data-end=\"1082\">Tempo de a\u00e7\u00e3o<\/strong><\/p>\n<p data-start=\"1084\" data-end=\"1162\">Deixe o produto agir por at\u00e9 5 minutos para auxiliar na remo\u00e7\u00e3o das sujidades.<\/p>\n<p data-start=\"1164\" data-end=\"1175\"><strong data-start=\"1164\" data-end=\"1175\">Limpeza<\/strong><\/p>\n<p data-start=\"1177\" data-end=\"1297\">Esfregue a superf\u00edcie utilizando escovas de nylon, fibras de limpeza macias, vassouras macias ou equipamentos adequados.<\/p>\n<p data-start=\"1299\" data-end=\"1419\">Aten\u00e7\u00e3o: em materiais lustrados, n\u00e3o utilize o lado \u00e1spero (verde) da esponja, pois pode causar arranh\u00f5es na superf\u00edcie.<\/p>\n<p data-start=\"1421\" data-end=\"1432\"><strong data-start=\"1421\" data-end=\"1432\">Remo\u00e7\u00e3o<\/strong><\/p>\n<p data-start=\"1434\" data-end=\"1565\">Enx\u00e1gue bem at\u00e9 remover completamente a sujeira e os res\u00edduos do produto. Em \u00e1reas n\u00e3o lav\u00e1veis, finalize a limpeza com pano \u00famido.<\/p>\n<p data-start=\"1567\" data-end=\"1581\"><strong data-start=\"1567\" data-end=\"1581\">Observa\u00e7\u00e3o<\/strong><\/p>\n<p data-start=\"1583\" data-end=\"1703\">Caso necess\u00e1rio, repita o processo respeitando sempre o tempo m\u00e1ximo de 5 minutos de a\u00e7\u00e3o do produto sobre a superf\u00edcie.<\/p>\n<p data-start=\"1705\" data-end=\"1723\" data-is-last-node=\"\" data-is-only-node=\"\"><strong data-start=\"1705\" data-end=\"1711\">pH<\/strong><br data-start=\"1711\" data-end=\"1714\" \/>Alcalino.<\/p>\n<hr \/>\n<h5 class=\"no-margin\">Downloads<\/h5>\n<hr \/>\n<ul>\n<li><strong><a href=\"https:\/\/bellinzoni.net\/fichas_corporate\/FT_Corporate_Limpa_Pisos_e_Porcelanato.pdf\" target=\"_blank\" rel=\"noopener noreferrer\">Ficha T\u00e9cnica do Produto<\/a><\/strong><\/li>\n<li><strong><a href=\"https:\/\/bellinzoni.net\/fispq2023\/FISPQ_BLZ254_CORPORATE%20LIMPA%20PISOS%20E%20PORCELANATO.pdf\" target=\"_blank\" rel=\"noopener noreferrer\">Ficha de Seguran\u00e7a \u2013\u00a0FISPQ<\/a><\/strong><\/li>\n<\/ul>\n","protected":false},"excerpt":{"rendered":"<h5 class=\"no-margin\"><\/h5>\n<p>Detergente concentrado com forte poder de limpeza, ideal para uso em porcelanatos. Pode ser usado tamb\u00e9m em m\u00e1rmores, granitos, cer\u00e2micas, azulejos, ard\u00f3sias e pedras em geral. Remove sujidades dif\u00edceis com a\u00e7\u00e3o profunda sem agress\u00e3o \u00e0s superf\u00edcies. Remove ceras velhas, comuns e acr\u00edlicas. Proporciona limpeza dos rejuntes evitando o encardimento. Pode ser usado ap\u00f3s festas, obras ou periodicamente conforme a necessidade.<\/p>\n<p>&nbsp;<\/p>\n","protected":false},"featured_media":1001696,"template":"","meta":[],"product_brand":[],"product_cat":[68],"product_tag":[],"class_list":{"0":"post-1000397","1":"product","2":"type-product","3":"status-publish","4":"has-post-thumbnail","6":"product_cat-corporate","8":"first","9":"instock","10":"virtual","11":"product-type-simple"},"_links":{"self":[{"href":"https:\/\/bellinzoni.net\/pt\/wp-json\/wp\/v2\/product\/1000397","targetHints":{"allow":["GET"]}}],"collection":[{"href":"https:\/\/bellinzoni.net\/pt\/wp-json\/wp\/v2\/product"}],"about":[{"href":"https:\/\/bellinzoni.net\/pt\/wp-json\/wp\/v2\/types\/product"}],"version-history":[{"count":2,"href":"https:\/\/bellinzoni.net\/pt\/wp-json\/wp\/v2\/product\/1000397\/revisions"}],"predecessor-version":[{"id":1002060,"href":"https:\/\/bellinzoni.net\/pt\/wp-json\/wp\/v2\/product\/1000397\/revisions\/1002060"}],"wp:featuredmedia":[{"embeddable":true,"href":"https:\/\/bellinzoni.net\/pt\/wp-json\/wp\/v2\/media\/1001696"}],"wp:attachment":[{"href":"https:\/\/bellinzoni.net\/pt\/wp-json\/wp\/v2\/media?parent=1000397"}],"wp:term":[{"taxonomy":"product_brand","embeddable":true,"href":"https:\/\/bellinzoni.net\/pt\/wp-json\/wp\/v2\/product_brand?post=1000397"},{"taxonomy":"product_cat","embeddable":true,"href":"https:\/\/bellinzoni.net\/pt\/wp-json\/wp\/v2\/product_cat?post=1000397"},{"taxonomy":"product_tag","embeddable":true,"href":"https:\/\/bellinzoni.net\/pt\/wp-json\/wp\/v2\/product_tag?post=1000397"}],"curies":[{"name":"wp","href":"https:\/\/api.w.org\/{rel}","templated":true}]}}