{"id":1000398,"date":"2026-01-28T20:35:21","date_gmt":"2026-01-28T20:35:21","guid":{"rendered":"https:\/\/bellinzoni.net\/pt\/?post_type=product&#038;p=1000398"},"modified":"2026-03-16T15:06:51","modified_gmt":"2026-03-16T15:06:51","slug":"limpador-desincrustante-2","status":"publish","type":"product","link":"https:\/\/bellinzoni.net\/pt\/produto\/limpador-desincrustante-2\/","title":{"rendered":"Limpador Desincrustante"},"content":{"rendered":"<p data-start=\"365\" data-end=\"443\"><strong data-start=\"365\" data-end=\"378\">Descri\u00e7\u00e3o<\/strong><br data-start=\"378\" data-end=\"381\" \/>C\u00f3digo do Produto: 1 L \u2013 227153 | 5 L \u2013 227161 | 20 L \u2013 229180<\/p>\n<hr data-start=\"445\" data-end=\"448\" \/>\n<p data-start=\"450\" data-end=\"518\"><strong data-start=\"450\" data-end=\"478\">Superf\u00edcies de Aplica\u00e7\u00e3o<\/strong><br data-start=\"478\" data-end=\"481\" \/>Pedras Lisas<br data-start=\"493\" data-end=\"496\" \/>Pedras Brutas em Geral<\/p>\n<hr data-start=\"520\" data-end=\"523\" \/>\n<p data-start=\"525\" data-end=\"546\"><strong data-start=\"525\" data-end=\"546\">Instru\u00e7\u00f5es de Uso<\/strong><\/p>\n<p data-start=\"548\" data-end=\"573\"><strong data-start=\"548\" data-end=\"573\">Prepara\u00e7\u00e3o da solu\u00e7\u00e3o<\/strong><\/p>\n<p data-start=\"575\" data-end=\"677\">O Limpador Desincrustante pode ser dilu\u00eddo conforme a necessidade e o n\u00edvel de sujidade da superf\u00edcie.<\/p>\n<p data-start=\"679\" data-end=\"843\">Dilui\u00e7\u00e3o recomendada:<br data-start=\"700\" data-end=\"703\" \/>Sujidade leve: diluir de 65 a 125 ml do produto em 1 litro de \u00e1gua.<br data-start=\"770\" data-end=\"773\" \/>Sujidade pesada: diluir de 145 a 500 ml do produto em 1 litro de \u00e1gua.<\/p>\n<p data-start=\"845\" data-end=\"869\"><strong data-start=\"845\" data-end=\"869\">Aplica\u00e7\u00e3o do produto<\/strong><\/p>\n<p data-start=\"871\" data-end=\"997\">Em \u00e1reas n\u00e3o lav\u00e1veis, aplique o produto com aux\u00edlio de um pano sobre a superf\u00edcie e deixe agir por aproximadamente 5 minutos.<\/p>\n<p data-start=\"999\" data-end=\"1101\">Em \u00e1reas lav\u00e1veis, aplique o produto sobre a superf\u00edcie previamente umedecida e espalhe uniformemente.<\/p>\n<p data-start=\"1103\" data-end=\"1120\"><strong data-start=\"1103\" data-end=\"1120\">Tempo de a\u00e7\u00e3o<\/strong><\/p>\n<p data-start=\"1122\" data-end=\"1203\">Deixe o produto agir por at\u00e9 5 minutos para auxiliar na remo\u00e7\u00e3o das incrusta\u00e7\u00f5es.<\/p>\n<p data-start=\"1205\" data-end=\"1216\"><strong data-start=\"1205\" data-end=\"1216\">Limpeza<\/strong><\/p>\n<p data-start=\"1218\" data-end=\"1349\">Esfregue a superf\u00edcie com aux\u00edlio de escovas de nylon, fibras de limpeza macias, vassouras macias ou outros equipamentos adequados.<\/p>\n<p data-start=\"1351\" data-end=\"1468\">Aten\u00e7\u00e3o: n\u00e3o utilize utens\u00edlios abrasivos que possam danificar a superf\u00edcie, como o lado verde da esponja de cozinha.<\/p>\n<p data-start=\"1470\" data-end=\"1481\"><strong data-start=\"1470\" data-end=\"1481\">Remo\u00e7\u00e3o<\/strong><\/p>\n<p data-start=\"1483\" data-end=\"1630\">Enx\u00e1gue bem a superf\u00edcie at\u00e9 remover completamente as sujidades e os res\u00edduos do produto. Em \u00e1reas n\u00e3o lav\u00e1veis, finalize a limpeza com pano \u00famido.<\/p>\n<p data-start=\"1632\" data-end=\"1646\"><strong data-start=\"1632\" data-end=\"1646\">Observa\u00e7\u00e3o<\/strong><\/p>\n<p data-start=\"1648\" data-end=\"1768\">Caso necess\u00e1rio, repita o processo respeitando sempre o tempo m\u00e1ximo de 5 minutos de a\u00e7\u00e3o do produto sobre a superf\u00edcie.<\/p>\n<p data-start=\"1770\" data-end=\"1951\">Em locais onde n\u00e3o seja poss\u00edvel realizar enx\u00e1gue abundante, recomenda-se aplicar posteriormente o detergente Bellinzoni P\u00f3s Obra para neutralizar a a\u00e7\u00e3o do Limpador Desincrustante.<\/p>\n<p data-start=\"1953\" data-end=\"1968\" data-is-last-node=\"\" data-is-only-node=\"\"><strong data-start=\"1953\" data-end=\"1959\">pH<\/strong><br data-start=\"1959\" data-end=\"1962\" \/>\u00c1cido.<\/p>\n<hr \/>\n<h5 class=\"no-margin\">Downloads<\/h5>\n<hr \/>\n<ul>\n<li><strong><a href=\"https:\/\/bellinzoni.net\/fichas_corporate\/FT_Corporate_Limpador_Desincrustante.pdf\" target=\"_blank\" rel=\"noopener noreferrer\">Ficha T\u00e9cnica do Produto<\/a><\/strong><\/li>\n<li><strong><a href=\"https:\/\/bellinzoni.net\/fispq2023\/FISPQ_BLZ267_CORPORATE%20LIMPADOR%20DESINCRUSTANTE_Vr00.pdf\" target=\"_blank\" rel=\"noopener noreferrer\">Ficha de Seguran\u00e7a \u2013\u00a0FISPQ<\/a><\/strong><\/li>\n<\/ul>\n","protected":false},"excerpt":{"rendered":"<p>Limpador Desincrustante \u00e9 um poderoso produto para limpeza e remo\u00e7\u00e3o de sujeiras incrustadas. Remove res\u00edduos de cimento, contamina\u00e7\u00e3o de limos e mofos, respingos de tintas, efloresc\u00eancias, oxida\u00e7\u00f5es superficiais e algumas manchas. Pode ser usado em pedras lisas e brutas em geral. N\u00e3o deve ser usado em m\u00e1rmores polidos e lustrados. Pode ser usado em materiais com encardimento antigo e dif\u00edcil de limpar. Limpa tamb\u00e9m sujeira e encardimento dos rejuntes.<\/p>\n<p>&nbsp;<\/p>\n","protected":false},"featured_media":1001695,"template":"","meta":[],"product_brand":[],"product_cat":[68],"product_tag":[],"class_list":{"0":"post-1000398","1":"product","2":"type-product","3":"status-publish","4":"has-post-thumbnail","6":"product_cat-corporate","8":"first","9":"instock","10":"virtual","11":"product-type-simple"},"_links":{"self":[{"href":"https:\/\/bellinzoni.net\/pt\/wp-json\/wp\/v2\/product\/1000398","targetHints":{"allow":["GET"]}}],"collection":[{"href":"https:\/\/bellinzoni.net\/pt\/wp-json\/wp\/v2\/product"}],"about":[{"href":"https:\/\/bellinzoni.net\/pt\/wp-json\/wp\/v2\/types\/product"}],"version-history":[{"count":3,"href":"https:\/\/bellinzoni.net\/pt\/wp-json\/wp\/v2\/product\/1000398\/revisions"}],"predecessor-version":[{"id":1002059,"href":"https:\/\/bellinzoni.net\/pt\/wp-json\/wp\/v2\/product\/1000398\/revisions\/1002059"}],"wp:featuredmedia":[{"embeddable":true,"href":"https:\/\/bellinzoni.net\/pt\/wp-json\/wp\/v2\/media\/1001695"}],"wp:attachment":[{"href":"https:\/\/bellinzoni.net\/pt\/wp-json\/wp\/v2\/media?parent=1000398"}],"wp:term":[{"taxonomy":"product_brand","embeddable":true,"href":"https:\/\/bellinzoni.net\/pt\/wp-json\/wp\/v2\/product_brand?post=1000398"},{"taxonomy":"product_cat","embeddable":true,"href":"https:\/\/bellinzoni.net\/pt\/wp-json\/wp\/v2\/product_cat?post=1000398"},{"taxonomy":"product_tag","embeddable":true,"href":"https:\/\/bellinzoni.net\/pt\/wp-json\/wp\/v2\/product_tag?post=1000398"}],"curies":[{"name":"wp","href":"https:\/\/api.w.org\/{rel}","templated":true}]}}